{"id":5081,"date":"2020-04-30T08:05:16","date_gmt":"2020-04-30T06:05:16","guid":{"rendered":"http:\/\/www.asa-innovation.com\/?page_id=5081"},"modified":"2023-03-08T13:04:02","modified_gmt":"2023-03-08T12:04:02","slug":"produktionsmitarbeiter","status":"publish","type":"page","link":"https:\/\/www.asa-innovation.com\/de\/karriere\/produktionsmitarbeiter\/","title":{"rendered":"ProduktionsmitarbeiterIn (m\/w\/d)"},"content":{"rendered":"<p><span style=\"font-family: verdana, geneva, sans-serif;\"><strong>Stellenbeschreibung \u201eProduktionsmitarbeiter\/In\u201c<\/strong><\/span><\/p>\n<p>Wir sind ein international f\u00fchrender, familiengef\u00fchrter, mittelst\u00e4ndischer Betrieb und als Entwickler und Hersteller von Produkten f\u00fcr die thermische Anlagen-, K\u00fchlungs-, L\u00fcftungs- und E-Mobilit\u00e4tsindustrie t\u00e4tig.<\/p>\n<p>Wir suchen zur Unterst\u00fctzung an unserem Entwicklungsstandort in Wien zum sofortigen Eintritt<\/p>\n<p>eine\/n \u201eProduktionsmitarbeiter\u201c<\/p>\n<p><strong>Profil:<\/strong><\/p>\n<ul style=\"list-style-type: square;\">\n<li>Abgeschlossene Ausbildung als KFZ-Techniker, Schlosser oder \u00e4hnliches von Vorteil<\/li>\n<li>Technisch interessiert<\/li>\n<li>Ge\u00fcbter Umgang mit Messmitteln wie z.B. Messschieber\/Mikrometerschraube erw\u00fcnscht<\/li>\n<li>Gute MS-Office Kenntnisse<\/li>\n<li>Gute Deutschkenntnisse<\/li>\n<li>Zuverl\u00e4ssigkeit, Flexibilit\u00e4t, Einsatzbereitschaft<\/li>\n<li>Staplerschein von Vorteil<\/li>\n<\/ul>\n<p><strong>Aufgaben:<\/strong><\/p>\n<ul style=\"list-style-type: square;\">\n<li>Produktions-\/Montagearbeiten an diversen Produktgruppen und Bauteilen<\/li>\n<li>Durchf\u00fchrung von grundlegenden Qualit\u00e4ts- und Testkontrollen<\/li>\n<li>Wartung der Produktions-\/Montageanlagen<\/li>\n<li>Lagerung von Produkten und Materialien<\/li>\n<\/ul>\n<p>Wir bieten ein nachhaltiges Arbeitsumfeld in einem dynamischen Technologieunternehmen mit angenehmem Betriebsklima. Wir sind \u00f6ffentlich gut erreichbar und Parkpl\u00e4tze sind ausreichend vorhanden. Unser Unternehmen ist stabil und zukunftsorientiert.<\/p>\n<p>Ihr monatliches Bruttogehalt ist von Ihrer Berufserfahrung und Vorkenntnissen abh\u00e4ngig und betr\u00e4gt ab Euro 1.800,- (unter Ber\u00fccksichtigung des kollektivvertraglichen Mindestentgelts ist je nach Qualifikation eine \u00dcberbezahlung vorgesehen).<\/p>\n<p>Wenn Sie Interesse an dieser langfristigen beruflichen Aufgabe haben, dann freuen wir uns \u00fcber die Zusendung Ihrer aussagekr\u00e4ftigen Bewerbungsunterlagen mit Betreff \u201eProduktionsmitarbeiter\/in\u201c per E-Mail an: <a href=\"mailto:personal@asahydraulik.com?subject=karriere.at-Bewerbung:%20BilanzbuchhalterIn%20%28m%2Fw%2Fd%29,%20Ref-Nr.:%20KA%20\/%206417860&amp;body=-------------------------------------------------------------------------------------------------------------------------------------------------------%0A%0DWICHTIGER%20HINWEIS:%20Den%20vorgegebenen%20Betreff%20dieser%20E-Mail%20aus%20Gr%C3%BCnden%20der%20Nachvollziehbarkeit%20bitte%20NICHT%20entfernen!%0A%0D-------------------------------------------------------------------------------------------------------------------------------------------------------%0A%0D%0A%0D\">personal@asahydraulik.com<\/a><\/p>\n<p>asa technology Produktions- und Vertriebs GmbH<br \/>\nPrager Stra\u00dfe 280<br \/>\n1210 Wien<br \/>\n<a href=\"https:\/\/www.asa-innovation.com\/\"><strong>www.asa-innovation.com<\/strong><\/a><strong><br \/>\n<\/strong><a href=\"https:\/\/www.asahydraulik.com\/\"><strong>www.asahydraulik.com<\/strong><\/a><\/p>\n","protected":false},"excerpt":{"rendered":"<p>Stellenbeschreibung \u201eProduktionsmitarbeiter\/In\u201c Wir sind ein international f\u00fchrender, familiengef\u00fchrter, mittelst\u00e4ndischer Betrieb und als Entwickler und Hersteller von Produkten f\u00fcr die thermische Anlagen-, K\u00fchlungs-, L\u00fcftungs- und E-Mobilit\u00e4tsindustrie t\u00e4tig. Wir suchen zur Unterst\u00fctzung an unserem Entwicklungsstandort in Wien zum sofortigen Eintritt eine\/n \u201eProduktionsmitarbeiter\u201c Profil: Abgeschlossene Ausbildung als KFZ-Techniker, Schlosser oder \u00e4hnliches von Vorteil Technisch interessiert Ge\u00fcbter Umgang mit [&hellip;]<\/p>\n","protected":false},"author":2,"featured_media":0,"parent":5053,"menu_order":3,"comment_status":"closed","ping_status":"closed","template":"","meta":{"_expiration-date-status":"","_expiration-date":1678881808,"_expiration-date-type":"draft","_expiration-date-categories":[],"_expiration-date-options":[]},"acf":[],"_links":{"self":[{"href":"https:\/\/www.asa-innovation.com\/de\/wp-json\/wp\/v2\/pages\/5081"}],"collection":[{"href":"https:\/\/www.asa-innovation.com\/de\/wp-json\/wp\/v2\/pages"}],"about":[{"href":"https:\/\/www.asa-innovation.com\/de\/wp-json\/wp\/v2\/types\/page"}],"author":[{"embeddable":true,"href":"https:\/\/www.asa-innovation.com\/de\/wp-json\/wp\/v2\/users\/2"}],"replies":[{"embeddable":true,"href":"https:\/\/www.asa-innovation.com\/de\/wp-json\/wp\/v2\/comments?post=5081"}],"version-history":[{"count":8,"href":"https:\/\/www.asa-innovation.com\/de\/wp-json\/wp\/v2\/pages\/5081\/revisions"}],"predecessor-version":[{"id":14459,"href":"https:\/\/www.asa-innovation.com\/de\/wp-json\/wp\/v2\/pages\/5081\/revisions\/14459"}],"up":[{"embeddable":true,"href":"https:\/\/www.asa-innovation.com\/de\/wp-json\/wp\/v2\/pages\/5053"}],"wp:attachment":[{"href":"https:\/\/www.asa-innovation.com\/de\/wp-json\/wp\/v2\/media?parent=5081"}],"curies":[{"name":"wp","href":"https:\/\/api.w.org\/{rel}","templated":true}]}}