{"id":5085,"date":"2020-04-30T08:12:04","date_gmt":"2020-04-30T06:12:04","guid":{"rendered":"http:\/\/www.asa-innovation.com\/?page_id=5085"},"modified":"2020-04-30T10:12:41","modified_gmt":"2020-04-30T08:12:41","slug":"inside-sales-mw","status":"publish","type":"page","link":"https:\/\/www.asa-innovation.com\/de\/inside-sales-mw\/","title":{"rendered":"Inside Sales (m\/w)"},"content":{"rendered":"<p><span style=\"font-family: verdana, geneva, sans-serif; color: #00a7e3;\"><strong>Inside Sales Executive\u201c (m\/w\/)<\/strong><\/span><\/p>\n<p>&nbsp;<\/p>\n<p><span style=\"font-family: verdana, geneva, sans-serif;\">Wir sind ein weltweit f\u00fchrender, familiengef\u00fchrter, mittelst\u00e4ndischer Betrieb und sind als Entwickler und Hersteller von Produkten f\u00fcr die K\u00fchlungs-, L\u00fcftungs- und E-Mobilit\u00e4tsindustrie t\u00e4tig.<\/span><\/p>\n<p>&nbsp;<\/p>\n<p><span style=\"font-family: verdana, geneva, sans-serif; color: #00a7e3;\"><strong>Anforderungen<\/strong><\/span><\/p>\n<ul style=\"list-style-type: square;\">\n<li><span style=\"font-family: verdana, geneva, sans-serif;\">Abgeschlossene kaufm\u00e4nnische Ausbildung einer Fachhochschule oder Universit\u00e4t<\/span><\/li>\n<li><span style=\"font-family: verdana, geneva, sans-serif;\">Erfahrung in der Verkaufsabwicklung inkl. Kundenkommunikation<\/span><\/li>\n<li><span style=\"font-family: verdana, geneva, sans-serif;\">sehr gute Deutschkenntnisse, Englisch in Wort und Schrift, weitere Fremdsprachen Spanisch und\/oder Franz\u00f6sisch erw\u00fcnscht<\/span><\/li>\n<li><span style=\"font-family: verdana, geneva, sans-serif;\">Internationale Kompetenz<\/span><\/li>\n<li><span style=\"font-family: verdana, geneva, sans-serif;\">SAP Kenntnisse von Vorteil<\/span><\/li>\n<li><span style=\"font-family: verdana, geneva, sans-serif;\">sehr gute MS-Office-Kenntnisse<\/span><\/li>\n<li><span style=\"font-family: verdana, geneva, sans-serif;\">Teamf\u00e4higkeit und Kommunikationsst\u00e4rke<\/span><\/li>\n<li><span style=\"font-family: verdana, geneva, sans-serif;\">Hohes Verantwortungsbewusstsein<\/span><\/li>\n<li><span style=\"font-family: verdana, geneva, sans-serif;\">Strukturierte und selbstst\u00e4ndige Arbeitsweise<\/span><\/li>\n<\/ul>\n<p>&nbsp;<\/p>\n<p><span style=\"font-family: verdana, geneva, sans-serif; color: #00a7e3;\"><strong>Aufgabengebiet:<\/strong><\/span><\/p>\n<ul style=\"list-style-type: square;\">\n<li><span style=\"font-family: verdana, geneva, sans-serif;\">Abwicklung von Kundenanfragen und Auftr\u00e4gen<\/span><\/li>\n<li><span style=\"font-family: verdana, geneva, sans-serif;\">Erstellung von Angeboten in SAP<\/span><\/li>\n<li><span style=\"font-family: verdana, geneva, sans-serif;\">Enge Zusammenarbeit mit internationalen Verkaufsteams und Produktmanagement<\/span><\/li>\n<li><span style=\"font-family: verdana, geneva, sans-serif;\">Kommunikation mit Kunden<\/span><\/li>\n<li><span style=\"font-family: verdana, geneva, sans-serif;\">Interne Aufbereitung und Bereitstellung von Verkaufskennzahlen und Auswertungen<\/span><\/li>\n<\/ul>\n<p>&nbsp;<\/p>\n<p>&nbsp;<\/p>\n<p><span style=\"font-family: verdana, geneva, sans-serif;\">Dienstort: 1210 Wien, gute Erreichbarkeit von N\u00d6 Nord und N\u00d6 Ost<\/span><\/p>\n<p>&nbsp;<\/p>\n<p><span style=\"font-family: verdana, geneva, sans-serif;\">Ihr monatliches Bruttogehalt ist von Ihrer Berufserfahrung und Vorkenntnissen abh\u00e4ngig und betr\u00e4gt ab Euro 2080,00 (unter Ber\u00fccksichtigung des kollektivvertraglichen Mindestentgelts ist je nach Qualifikation eine \u00dcberbezahlung vorgesehen).<\/span><\/p>\n<p>&nbsp;<\/p>\n<p><span style=\"font-family: verdana, geneva, sans-serif;\">Wenn Sie Interesse an dieser langfristigen beruflichen Aufgabe haben, dann freuen wir uns \u00fcber die Zusendung Ihrer aussagekr\u00e4ftigen Bewerbungsunterlagen mit Betreff \u201eInside Sales\u201c per E-Mail an:<\/span><\/p>\n<p><span style=\"font-family: verdana, geneva, sans-serif; color: #00a7e3;\"><a style=\"color: #00a7e3;\" href=\"mailto:personal@asahydraulik.com?subject=karriere.at-Bewerbung:%20Technischer%20Au%C3%9Fendienst%20%28m%2Fw%29,%20Ref-Nr.:%20KA%20\/%204354451&amp;body=------------------------------------------------------------------------------------------------------------------------------------------------------%0A%0DWICHTIGER%20HINWEIS:%20Den%20vorgegebenen%20Betreff%20dieser%20E-Mail%20aus%20Gr\u00fcnden%20der%20Nachvollziehbarkeit%20bitte%20NICHT%20entfernen!%0A%0D------------------------------------------------------------------------------------------------------------------------------------------------------%0A%0D%0A%0D\">personal@asahydraulik.com<\/a><\/span><\/p>\n<p>&nbsp;<\/p>\n<p><span style=\"font-family: verdana, geneva, sans-serif;\">asa hydraulik GmbH<\/span><\/p>\n<p><span style=\"font-family: verdana, geneva, sans-serif;\">Prager Stra\u00dfe 280<\/span><\/p>\n<p><span style=\"font-family: verdana, geneva, sans-serif; color: #00a7e3;\">1210 Wien<\/span><\/p>\n<p><span style=\"font-family: verdana, geneva, sans-serif; color: #00a7e3;\"><a style=\"color: #00a7e3;\" href=\"http:\/\/www.asa-innovation.com\">www.asa-innovation.com<\/a><\/span><\/p>\n","protected":false},"excerpt":{"rendered":"<p>Inside Sales Executive\u201c (m\/w\/) &nbsp; Wir sind ein weltweit f\u00fchrender, familiengef\u00fchrter, mittelst\u00e4ndischer Betrieb und sind als Entwickler und Hersteller von Produkten f\u00fcr die K\u00fchlungs-, L\u00fcftungs- und E-Mobilit\u00e4tsindustrie t\u00e4tig. &nbsp; Anforderungen Abgeschlossene kaufm\u00e4nnische Ausbildung einer Fachhochschule oder Universit\u00e4t Erfahrung in der Verkaufsabwicklung inkl. Kundenkommunikation sehr gute Deutschkenntnisse, Englisch in Wort und Schrift, weitere Fremdsprachen Spanisch und\/oder [&hellip;]<\/p>\n","protected":false},"author":2,"featured_media":0,"parent":0,"menu_order":0,"comment_status":"closed","ping_status":"closed","template":"","meta":{"_expiration-date-status":"saved","_expiration-date":0,"_expiration-date-type":"","_expiration-date-categories":[],"_expiration-date-options":[]},"acf":[],"_links":{"self":[{"href":"https:\/\/www.asa-innovation.com\/de\/wp-json\/wp\/v2\/pages\/5085"}],"collection":[{"href":"https:\/\/www.asa-innovation.com\/de\/wp-json\/wp\/v2\/pages"}],"about":[{"href":"https:\/\/www.asa-innovation.com\/de\/wp-json\/wp\/v2\/types\/page"}],"author":[{"embeddable":true,"href":"https:\/\/www.asa-innovation.com\/de\/wp-json\/wp\/v2\/users\/2"}],"replies":[{"embeddable":true,"href":"https:\/\/www.asa-innovation.com\/de\/wp-json\/wp\/v2\/comments?post=5085"}],"version-history":[{"count":2,"href":"https:\/\/www.asa-innovation.com\/de\/wp-json\/wp\/v2\/pages\/5085\/revisions"}],"predecessor-version":[{"id":5131,"href":"https:\/\/www.asa-innovation.com\/de\/wp-json\/wp\/v2\/pages\/5085\/revisions\/5131"}],"wp:attachment":[{"href":"https:\/\/www.asa-innovation.com\/de\/wp-json\/wp\/v2\/media?parent=5085"}],"curies":[{"name":"wp","href":"https:\/\/api.w.org\/{rel}","templated":true}]}}