{"id":5238,"date":"2020-06-04T08:12:18","date_gmt":"2020-06-04T06:12:18","guid":{"rendered":"http:\/\/www.asa-innovation.com\/?page_id=5238"},"modified":"2020-06-04T08:12:27","modified_gmt":"2020-06-04T06:12:27","slug":"konstrukteur-mw","status":"publish","type":"page","link":"https:\/\/www.asa-innovation.com\/de\/konstrukteur-mw\/","title":{"rendered":"Konstrukteur (m\/w)"},"content":{"rendered":"<p><span style=\"font-family: verdana, geneva, sans-serif; color: #00a7e3;\"><strong>Stellenbeschreibung \u201eKonstrukteur\/in\u201c<\/strong><\/span><\/p>\n<p>&nbsp;<\/p>\n<p><span style=\"font-family: verdana, geneva, sans-serif;\">Wir sind ein weltweit f\u00fchrender, familiengef\u00fchrter, mittelst\u00e4ndischer Betrieb und als Entwickler und Hersteller von Produkten f\u00fcr die K\u00fchlungs-, L\u00fcftungs- und E-Mobilit\u00e4tsindustrie t\u00e4tig.<\/span><\/p>\n<p><span style=\"font-family: verdana, geneva, sans-serif;\">Wir suchen zur Unterst\u00fctzung an unserem Entwicklungsstandort in Wien eine starke Pers\u00f6nlichkeit im Bereich Konstruktion, Schwerpunkt Pumpen, zur Verst\u00e4rkung unserer Entwicklungsabteilung.<\/span><\/p>\n<p>&nbsp;<\/p>\n<p><span style=\"font-family: verdana, geneva, sans-serif; color: #00a7e3;\"><strong>Profil:<\/strong><\/span><\/p>\n<ul>\n<li><span style=\"font-family: verdana, geneva, sans-serif;\">Abgeschlossene technische Ausbildung (TU Wien, FH,&#8230;)<\/span><\/li>\n<li><span style=\"font-family: verdana, geneva, sans-serif;\">Solider Zugang zu diversen Konstruktionsprogrammen, vorrangig Solid Edge<\/span><\/li>\n<li><span style=\"font-family: verdana, geneva, sans-serif;\">Einschl\u00e4gige Erfahrung Pumpen-\/K\u00fchlertechnik<\/span><\/li>\n<li><span style=\"font-family: verdana, geneva, sans-serif;\">Teamf\u00e4higkeit und Kommunikationsst\u00e4rke<\/span><\/li>\n<li><span style=\"font-family: verdana, geneva, sans-serif;\">Projekterfahrung<\/span><\/li>\n<li><span style=\"font-family: verdana, geneva, sans-serif;\">L\u00f6sungsorientierte, methodische und selbstst\u00e4ndige Arbeitsweise<\/span><\/li>\n<\/ul>\n<p>&nbsp;<\/p>\n<p><span style=\"font-family: verdana, geneva, sans-serif; color: #00a7e3;\"><strong>Aufgaben:<\/strong><\/span><\/p>\n<ul>\n<li><span style=\"font-family: verdana, geneva, sans-serif;\">Weiterf\u00fchrung und innovative Verbesserung unseres Produktprogramms (Pumpen, W\u00e4rmetauscher\u2026)<\/span><\/li>\n<li><span style=\"font-family: verdana, geneva, sans-serif;\">Produktneuentwicklung bzw. \u2013weiterentwicklung<\/span><\/li>\n<li><span style=\"font-family: verdana, geneva, sans-serif;\">Erstellen von Konstruktionszeichnungen<\/span><\/li>\n<li><span style=\"font-family: verdana, geneva, sans-serif;\">Erstellen von technischen Konzepten<\/span><\/li>\n<li><span style=\"font-family: verdana, geneva, sans-serif;\">Technische Lieferantenentwicklung<\/span><\/li>\n<\/ul>\n<p>&nbsp;<\/p>\n<p>&nbsp;<\/p>\n<p><span style=\"font-family: verdana, geneva, sans-serif;\"><strong>M\u00f6glichkeiten\/Ziele:<\/strong><\/span><\/p>\n<ul>\n<li><span style=\"font-family: verdana, geneva, sans-serif;\">In dieser innovativen Position gestalten Sie, in der Rolle als Entwicklungsingenieur, die K\u00fchler- und Pumpentechnologie von morgen ma\u00dfgeblich mit<\/span><\/li>\n<\/ul>\n<p><span style=\"font-family: verdana, geneva, sans-serif;\">Ihr monatliches Bruttogehalt ist von Ihrer Berufserfahrung und Vorkenntnissen abh\u00e4ngig und betr\u00e4gt ab Euro 2.400,00 (unter Ber\u00fccksichtigung des kollektivvertraglichen Mindestentgelts ist je nach Qualifikation eine \u00dcberbezahlung vorgesehen).<\/span><\/p>\n<p><span style=\"font-family: verdana, geneva, sans-serif;\">Wenn Sie Interesse an dieser langfristigen beruflichen Aufgabe haben, dann freuen wir uns \u00fcber die Zusendung Ihrer aussagekr\u00e4ftigen Bewerbungsunterlagen mit Betreff \u201eKonstrukteur\/in\u201c per E-Mail an:<\/span><\/p>\n<p>&nbsp;<\/p>\n<p><span style=\"font-family: verdana, geneva, sans-serif; color: #00a7e3;\"><a style=\"color: #00a7e3;\" href=\"mailto:personal@asahydraulik.com?subject=karriere.at-Bewerbung:%20Technischer%20Au%C3%9Fendienst%20%28m%2Fw%29,%20Ref-Nr.:%20KA%20\/%204354451&amp;body=------------------------------------------------------------------------------------------------------------------------------------------------------%0A%0DWICHTIGER%20HINWEIS:%20Den%20vorgegebenen%20Betreff%20dieser%20E-Mail%20aus%20Gr\u00fcnden%20der%20Nachvollziehbarkeit%20bitte%20NICHT%20entfernen!%0A%0D------------------------------------------------------------------------------------------------------------------------------------------------------%0A%0D%0A%0D\">personal@asahydraulik.com<\/a><\/span><\/p>\n<p>&nbsp;<\/p>\n<p><span style=\"font-family: verdana, geneva, sans-serif;\">asa technology Produktions- und Vertriebs GmbH<\/span><\/p>\n<p><span style=\"font-family: verdana, geneva, sans-serif;\">Prager Stra\u00dfe 280<\/span><\/p>\n<p><span style=\"font-family: verdana, geneva, sans-serif;\">1210 Wien<\/span><\/p>\n<p><span style=\"font-family: verdana, geneva, sans-serif; color: #00a7e3;\"><a style=\"color: #00a7e3;\" href=\"http:\/\/www.asa-innovation.com\">www.asa-innovation.com<\/a><\/span><\/p>\n","protected":false},"excerpt":{"rendered":"<p>Stellenbeschreibung \u201eKonstrukteur\/in\u201c &nbsp; Wir sind ein weltweit f\u00fchrender, familiengef\u00fchrter, mittelst\u00e4ndischer Betrieb und als Entwickler und Hersteller von Produkten f\u00fcr die K\u00fchlungs-, L\u00fcftungs- und E-Mobilit\u00e4tsindustrie t\u00e4tig. Wir suchen zur Unterst\u00fctzung an unserem Entwicklungsstandort in Wien eine starke Pers\u00f6nlichkeit im Bereich Konstruktion, Schwerpunkt Pumpen, zur Verst\u00e4rkung unserer Entwicklungsabteilung. &nbsp; Profil: Abgeschlossene technische Ausbildung (TU Wien, FH,&#8230;) Solider [&hellip;]<\/p>\n","protected":false},"author":2,"featured_media":0,"parent":0,"menu_order":0,"comment_status":"closed","ping_status":"closed","template":"","meta":{"_expiration-date-status":"saved","_expiration-date":0,"_expiration-date-type":"","_expiration-date-categories":[],"_expiration-date-options":[]},"acf":[],"_links":{"self":[{"href":"https:\/\/www.asa-innovation.com\/de\/wp-json\/wp\/v2\/pages\/5238"}],"collection":[{"href":"https:\/\/www.asa-innovation.com\/de\/wp-json\/wp\/v2\/pages"}],"about":[{"href":"https:\/\/www.asa-innovation.com\/de\/wp-json\/wp\/v2\/types\/page"}],"author":[{"embeddable":true,"href":"https:\/\/www.asa-innovation.com\/de\/wp-json\/wp\/v2\/users\/2"}],"replies":[{"embeddable":true,"href":"https:\/\/www.asa-innovation.com\/de\/wp-json\/wp\/v2\/comments?post=5238"}],"version-history":[{"count":1,"href":"https:\/\/www.asa-innovation.com\/de\/wp-json\/wp\/v2\/pages\/5238\/revisions"}],"predecessor-version":[{"id":5239,"href":"https:\/\/www.asa-innovation.com\/de\/wp-json\/wp\/v2\/pages\/5238\/revisions\/5239"}],"wp:attachment":[{"href":"https:\/\/www.asa-innovation.com\/de\/wp-json\/wp\/v2\/media?parent=5238"}],"curies":[{"name":"wp","href":"https:\/\/api.w.org\/{rel}","templated":true}]}}