{"id":5338,"date":"2020-07-29T09:15:15","date_gmt":"2020-07-29T07:15:15","guid":{"rendered":"http:\/\/www.asa-innovation.com\/?page_id=5338"},"modified":"2020-07-29T09:17:05","modified_gmt":"2020-07-29T07:17:05","slug":"technischer-vertrieb-aussendienst-dach-mwd","status":"publish","type":"page","link":"https:\/\/www.asa-innovation.com\/de\/technischer-vertrieb-aussendienst-dach-mwd\/","title":{"rendered":"Technischer Vertrieb Aussendienst DACH (m,w,d)"},"content":{"rendered":"<p><span style=\"color: #00a7e3;\"><strong>\u201e<span style=\"font-family: verdana, geneva, sans-serif;\">Technischer Vertrieb Au\u00dfendienst\u201c (m\/w\/d)<\/span><\/strong><\/span><\/p>\n<p>&nbsp;<\/p>\n<p><span style=\"font-family: verdana, geneva, sans-serif;\">Wir sind ein weltweit f\u00fchrender, familiengef\u00fchrter, mittelst\u00e4ndischer Betrieb und sind als Entwickler und Hersteller von Produkten f\u00fcr die K\u00fchlungs-, L\u00fcftungs- und E-Mobilit\u00e4tsindustrie t\u00e4tig.<\/span><\/p>\n<p><span style=\"font-family: verdana, geneva, sans-serif;\">F\u00fcr die DACH Region (Deutschland, \u00d6sterreich, Schweiz) suchen wir als Unterst\u00fctzung f\u00fcr unser internationales Verkaufsteam eine\/n technische\/n Vertriebsmitarbeiter\/in im Au\u00dfendienst:<\/span><\/p>\n<p>&nbsp;<\/p>\n<p><span style=\"font-family: verdana, geneva, sans-serif; color: #00a7e3;\"><strong>Profil:<\/strong><\/span><\/p>\n<ul>\n<li><span style=\"font-family: verdana, geneva, sans-serif;\">Abgeschlossene technische Ausbildung an einer HTL oder eine vergleichbare Ausbildung<\/span><\/li>\n<li><span style=\"font-family: verdana, geneva, sans-serif;\">Erste praktische Erfahrung in einem \u00e4hnlichen Verantwortungsgebiet von Vorteil<\/span><\/li>\n<li><span style=\"font-family: verdana, geneva, sans-serif;\">Eigenmotivierte Pers\u00f6nlichkeit mit hoher Kundenorientierung<\/span><\/li>\n<li><span style=\"font-family: verdana, geneva, sans-serif;\">Teamf\u00e4higkeit und ausgepr\u00e4gte Kommunikationsst\u00e4rke<\/span><\/li>\n<li><span style=\"font-family: verdana, geneva, sans-serif;\">Hohes Verantwortungsbewusstsein und Lernbereitschaft<\/span><\/li>\n<li><span style=\"font-family: verdana, geneva, sans-serif;\">Selbstst\u00e4ndige Arbeitsweise und \u00fcberdurchschnittliches Verhandlungsgeschick<\/span><\/li>\n<li><span style=\"font-family: verdana, geneva, sans-serif;\">sehr gute MS-Office-Kenntnisse<\/span><\/li>\n<li><span style=\"font-family: verdana, geneva, sans-serif;\">sehr gute Deutschkenntnisse, Englisch in Wort und Schrift, weitere Fremdsprachen von Vorteil<\/span><\/li>\n<\/ul>\n<p><span style=\"font-family: verdana, geneva, sans-serif; color: #00a7e3;\"><strong>Aufgaben:<\/strong><\/span><\/p>\n<ul>\n<li><span style=\"font-family: verdana, geneva, sans-serif;\">\u00dcbernahme von bestehenden Kunden und Ausbau des Kundenstamms im DACH- Raum<\/span><\/li>\n<li><span style=\"font-family: verdana, geneva, sans-serif;\">Kundenentwicklung durch regelm\u00e4\u00dfige Kundenbesuche, Telefonate und Besuche von Fachmessen<\/span><\/li>\n<li><span style=\"font-family: verdana, geneva, sans-serif;\">Business Development in den Regionen Deutschland, \u00d6sterreich, Schweiz<\/span><\/li>\n<li><span style=\"font-family: verdana, geneva, sans-serif;\">Fundiertes Verst\u00e4ndnis von Kundenanwendungen aufbauen und anwenden<\/span><\/li>\n<li><span style=\"font-family: verdana, geneva, sans-serif;\">Erstellung von Marktanalysen von bestehenden und neuen M\u00e4rkten um verstecktes Potenzial f\u00fcr innovative Produkte zu identifizieren und Verkaufsstrategien zu entwickeln<\/span><\/li>\n<li><span style=\"font-family: verdana, geneva, sans-serif;\">Vorbereitung von Verkaufsunterlagen und Kundentrainingsmaterial<\/span><\/li>\n<li><span style=\"font-family: verdana, geneva, sans-serif;\">Reisebereitschaft (1-2 Wochen pro Monat)<\/span><\/li>\n<li><span style=\"font-family: verdana, geneva, sans-serif;\">Aufbereitung und Bereitstellung von Verkaufskennzahlen und Auswertungen<\/span><\/li>\n<\/ul>\n<p><span style=\"font-family: verdana, geneva, sans-serif; color: #00a7e3;\"><strong>Unser Angebot: <\/strong><\/span><\/p>\n<ul>\n<li><span style=\"font-family: verdana, geneva, sans-serif;\">Sichere Besch\u00e4ftigung mit langfristigem Entwicklungspotenzial<\/span><\/li>\n<li><span style=\"font-family: verdana, geneva, sans-serif;\">Abwechslungsreiche Position in einem innovativen &amp; exportorientierten Unternehmen<\/span><\/li>\n<li><span style=\"font-family: verdana, geneva, sans-serif;\">Erfolgreicher Familienbetrieb in einem spannenden Marktumfeld<\/span><\/li>\n<li><span style=\"font-family: verdana, geneva, sans-serif;\">Attraktives Bonussystem mit vielf\u00e4ltigen Benefits + Dienstwagen zur privaten Nutzung<\/span><\/li>\n<\/ul>\n<p>&nbsp;<\/p>\n<p><span style=\"font-family: verdana, geneva, sans-serif;\">Ihr monatliches Bruttogehalt ist von Ihrer Berufserfahrung und Vorkenntnissen abh\u00e4ngig und betr\u00e4gt ab Euro 2159,00 (unter Ber\u00fccksichtigung des kollektivvertraglichen Mindestentgelts ist je nach Qualifikation eine \u00dcberbezahlung vorgesehen).<\/span><\/p>\n<p>&nbsp;<\/p>\n<p><span style=\"font-family: verdana, geneva, sans-serif;\">Wenn Sie Interesse an dieser langfristigen beruflichen Aufgabe haben, dann freuen wir uns \u00fcber die Zusendung Ihrer aussagekr\u00e4ftigen Bewerbungsunterlagen mit Betreff \u201eTechnischer Vertrieb Au\u00dfendienst\u201c per E-Mail an:<\/span><\/p>\n<p>&nbsp;<\/p>\n<p><span style=\"color: #00a7e3; font-family: verdana, geneva, sans-serif;\">sales@asa-innovation.com<\/span><\/p>\n<p><span style=\"font-family: verdana, geneva, sans-serif;\">asa technology Produktions- und Vertriebs GmbH<\/span><\/p>\n<p><span style=\"font-family: verdana, geneva, sans-serif;\">Prager Stra\u00dfe 280<\/span><\/p>\n<p><span style=\"font-family: verdana, geneva, sans-serif;\">1210 Wien<\/span><\/p>\n<p><span style=\"color: #00a7e3; font-family: verdana, geneva, sans-serif;\">www.asa-innovation.com<\/span><\/p>\n","protected":false},"excerpt":{"rendered":"<p>\u201eTechnischer Vertrieb Au\u00dfendienst\u201c (m\/w\/d) &nbsp; Wir sind ein weltweit f\u00fchrender, familiengef\u00fchrter, mittelst\u00e4ndischer Betrieb und sind als Entwickler und Hersteller von Produkten f\u00fcr die K\u00fchlungs-, L\u00fcftungs- und E-Mobilit\u00e4tsindustrie t\u00e4tig. F\u00fcr die DACH Region (Deutschland, \u00d6sterreich, Schweiz) suchen wir als Unterst\u00fctzung f\u00fcr unser internationales Verkaufsteam eine\/n technische\/n Vertriebsmitarbeiter\/in im Au\u00dfendienst: &nbsp; Profil: Abgeschlossene technische Ausbildung an einer [&hellip;]<\/p>\n","protected":false},"author":2,"featured_media":0,"parent":0,"menu_order":0,"comment_status":"closed","ping_status":"closed","template":"","meta":{"_expiration-date-status":"saved","_expiration-date":0,"_expiration-date-type":"","_expiration-date-categories":[],"_expiration-date-options":[]},"acf":[],"_links":{"self":[{"href":"https:\/\/www.asa-innovation.com\/de\/wp-json\/wp\/v2\/pages\/5338"}],"collection":[{"href":"https:\/\/www.asa-innovation.com\/de\/wp-json\/wp\/v2\/pages"}],"about":[{"href":"https:\/\/www.asa-innovation.com\/de\/wp-json\/wp\/v2\/types\/page"}],"author":[{"embeddable":true,"href":"https:\/\/www.asa-innovation.com\/de\/wp-json\/wp\/v2\/users\/2"}],"replies":[{"embeddable":true,"href":"https:\/\/www.asa-innovation.com\/de\/wp-json\/wp\/v2\/comments?post=5338"}],"version-history":[{"count":1,"href":"https:\/\/www.asa-innovation.com\/de\/wp-json\/wp\/v2\/pages\/5338\/revisions"}],"predecessor-version":[{"id":5339,"href":"https:\/\/www.asa-innovation.com\/de\/wp-json\/wp\/v2\/pages\/5338\/revisions\/5339"}],"wp:attachment":[{"href":"https:\/\/www.asa-innovation.com\/de\/wp-json\/wp\/v2\/media?parent=5338"}],"curies":[{"name":"wp","href":"https:\/\/api.w.org\/{rel}","templated":true}]}}