{"id":5422,"date":"2020-08-25T14:16:17","date_gmt":"2020-08-25T12:16:17","guid":{"rendered":"http:\/\/www.asa-innovation.com\/?page_id=5422"},"modified":"2020-09-01T13:43:11","modified_gmt":"2020-09-01T11:43:11","slug":"qualitaetsmitarbeiterin","status":"publish","type":"page","link":"https:\/\/www.asa-innovation.com\/de\/qualitaetsmitarbeiterin\/","title":{"rendered":"Qualit\u00e4tstechnikerIn"},"content":{"rendered":"<p><span style=\"font-family: verdana, geneva, sans-serif;\"><strong>Stellenbeschreibung \u201eQualit\u00e4tstechniker\/in\u201c<\/strong><\/span><\/p>\n<p>&nbsp;<\/p>\n<p><span style=\"font-family: verdana, geneva, sans-serif;\">Wir sind ein weltweit f\u00fchrender, familiengef\u00fchrter, mittelst\u00e4ndischer Betrieb und als Entwickler und Hersteller von Produkten f\u00fcr die K\u00fchlungs-, L\u00fcftungs- und E-Mobilit\u00e4tsindustrie t\u00e4tig.<\/span><\/p>\n<p><span style=\"font-family: verdana, geneva, sans-serif;\">Wir suchen zur Unterst\u00fctzung an unserem Entwicklungsstandort in Wien eine starke Pers\u00f6nlichkeit im Bereich Qualit\u00e4tssicherung\/Qualit\u00e4tsmanagement.<\/span><\/p>\n<p>&nbsp;<\/p>\n<p><span style=\"font-family: verdana, geneva, sans-serif;\">Profil:<\/span><\/p>\n<p>&nbsp;<\/p>\n<ul>\n<li><span style=\"font-family: verdana, geneva, sans-serif;\">fundierte Qualit\u00e4tsausbildung, abgeschlossene technische Ausbildung<\/span><\/li>\n<li><span style=\"font-family: verdana, geneva, sans-serif;\">Erfahrung in operativen Qualit\u00e4tsstandards<\/span><\/li>\n<li><span style=\"font-family: verdana, geneva, sans-serif;\">L\u00f6sungsorientierte, methodische und selbstst\u00e4ndige Arbeitsweise<\/span><\/li>\n<li><span style=\"font-family: verdana, geneva, sans-serif;\">Teamf\u00e4higkeit, Mitarbeiterf\u00fchrung und Kommunikationsst\u00e4rke<\/span><\/li>\n<li><span style=\"font-family: verdana, geneva, sans-serif;\">Hohes Verantwortungsbewusstsein<\/span><\/li>\n<\/ul>\n<p>&nbsp;<\/p>\n<p><span style=\"font-family: verdana, geneva, sans-serif;\">Aufgaben:<\/span><\/p>\n<p>&nbsp;<\/p>\n<ul>\n<li><span style=\"font-family: verdana, geneva, sans-serif;\">Einf\u00fchrung und \u00dcberwachung von Qualit\u00e4tssicherungsma\u00dfnahmen<\/span><\/li>\n<li><span style=\"font-family: verdana, geneva, sans-serif;\">Durchf\u00fchrung, Auswertung und Dokumentation von QS-Pr\u00fcfungen<\/span><\/li>\n<li><span style=\"font-family: verdana, geneva, sans-serif;\">Erstellung von Arbeitspl\u00e4nen, Verfahrensanweisungen, Pr\u00fcfpl\u00e4nen und Erstmusterpr\u00fcfberichten<\/span><\/li>\n<li><span style=\"font-family: verdana, geneva, sans-serif;\">Pr\u00fcfung von Bauteilen (Geometrie, Oberfl\u00e4che, Beschichtung,\u2026)<\/span><\/li>\n<li><span style=\"font-family: verdana, geneva, sans-serif;\">Zeichnungs\u00fcberpr\u00fcfung (Toleranzen)<\/span><\/li>\n<li><span style=\"font-family: verdana, geneva, sans-serif;\">Pr\u00fcfmittelverwaltung und \u2013\u00fcberwachung<\/span><\/li>\n<li><span style=\"font-family: verdana, geneva, sans-serif;\">Reklamationsbearbeitung und \u2013koordinierung<\/span><\/li>\n<li><span style=\"font-family: verdana, geneva, sans-serif;\">Lieferantenentwicklung<\/span><\/li>\n<li><span style=\"font-family: verdana, geneva, sans-serif;\">Interpretationen von Pr\u00fcf- und Kundennormen<\/span><\/li>\n<li><span style=\"font-family: verdana, geneva, sans-serif;\">Durchf\u00fchrung von Prozessanalysen (Prozess-, Maschinen- und Messmittelf\u00e4higkeiten)<\/span><\/li>\n<li><span style=\"font-family: verdana, geneva, sans-serif;\">Unterst\u00fctzung bei der Erstellung von Auswertungen\/Kennzahlen<\/span><\/li>\n<\/ul>\n<p>&nbsp;<\/p>\n<p><span style=\"font-family: verdana, geneva, sans-serif;\">Wir bieten ein nachhaltiges Arbeitsumfeld in einem dynamischen Technologieunternehmen mit angenehmem Betriebsklima. Wir sind \u00f6ffentlich gut erreichbar und Parkpl\u00e4tze sind ausreichend vorhanden. Unser Unternehmen ist stabil und zukunftsorientiert.<\/span><\/p>\n<p><span style=\"font-family: verdana, geneva, sans-serif;\">Ihr monatliches Bruttogehalt ist von Ihrer Berufserfahrung und Vorkenntnissen abh\u00e4ngig und betr\u00e4gt ab Euro 2900,00 (unter Ber\u00fccksichtigung des kollektivvertraglichen Mindestentgelts ist je nach Qualifikation eine \u00dcberbezahlung vorgesehen).<\/span><\/p>\n<p>&nbsp;<\/p>\n<p><span style=\"font-family: verdana, geneva, sans-serif;\">Wenn Sie Interesse an dieser langfristigen beruflichen Aufgabe haben, dann freuen wir uns \u00fcber die Zusendung Ihrer aussagekr\u00e4ftigen Bewerbungsunterlagen mit Betreff \u201eQualit\u00e4tstechniker\/in\u201c per E-Mail an:<\/span><\/p>\n<p>&nbsp;<\/p>\n<p>&nbsp;<\/p>\n<p><span style=\"font-family: verdana, geneva, sans-serif;\"><a href=\"mailto:personal@asahydraulik.com?subject=karriere.at-Bewerbung:%20Technischer%20Au%C3%9Fendienst%20%28m%2Fw%29,%20Ref-Nr.:%20KA%20\/%204354451&amp;body=------------------------------------------------------------------------------------------------------------------------------------------------------%0A%0DWICHTIGER%20HINWEIS:%20Den%20vorgegebenen%20Betreff%20dieser%20E-Mail%20aus%20Gr\u00fcnden%20der%20Nachvollziehbarkeit%20bitte%20NICHT%20entfernen!%0A%0D------------------------------------------------------------------------------------------------------------------------------------------------------%0A%0D%0A%0D\">personal@asahydraulik.com<\/a><\/span><\/p>\n<p>&nbsp;<\/p>\n<p><span style=\"font-family: verdana, geneva, sans-serif;\">asa technology Produktions- und Vertriebs GmbH<\/span><\/p>\n<p><span style=\"font-family: verdana, geneva, sans-serif;\">Prager Stra\u00dfe 280<\/span><\/p>\n<p><span style=\"font-family: verdana, geneva, sans-serif;\">1210 Wien<\/span><\/p>\n<p><span style=\"font-family: verdana, geneva, sans-serif;\"><a href=\"http:\/\/www.asa-innovation.com\">www.asa-innovation.com<\/a><\/span><\/p>\n","protected":false},"excerpt":{"rendered":"<p>Stellenbeschreibung \u201eQualit\u00e4tstechniker\/in\u201c &nbsp; Wir sind ein weltweit f\u00fchrender, familiengef\u00fchrter, mittelst\u00e4ndischer Betrieb und als Entwickler und Hersteller von Produkten f\u00fcr die K\u00fchlungs-, L\u00fcftungs- und E-Mobilit\u00e4tsindustrie t\u00e4tig. Wir suchen zur Unterst\u00fctzung an unserem Entwicklungsstandort in Wien eine starke Pers\u00f6nlichkeit im Bereich Qualit\u00e4tssicherung\/Qualit\u00e4tsmanagement. &nbsp; Profil: &nbsp; fundierte Qualit\u00e4tsausbildung, abgeschlossene technische Ausbildung Erfahrung in operativen Qualit\u00e4tsstandards L\u00f6sungsorientierte, methodische und [&hellip;]<\/p>\n","protected":false},"author":2,"featured_media":0,"parent":0,"menu_order":0,"comment_status":"closed","ping_status":"closed","template":"","meta":{"_expiration-date-status":"saved","_expiration-date":0,"_expiration-date-type":"","_expiration-date-categories":[],"_expiration-date-options":[]},"acf":[],"_links":{"self":[{"href":"https:\/\/www.asa-innovation.com\/de\/wp-json\/wp\/v2\/pages\/5422"}],"collection":[{"href":"https:\/\/www.asa-innovation.com\/de\/wp-json\/wp\/v2\/pages"}],"about":[{"href":"https:\/\/www.asa-innovation.com\/de\/wp-json\/wp\/v2\/types\/page"}],"author":[{"embeddable":true,"href":"https:\/\/www.asa-innovation.com\/de\/wp-json\/wp\/v2\/users\/2"}],"replies":[{"embeddable":true,"href":"https:\/\/www.asa-innovation.com\/de\/wp-json\/wp\/v2\/comments?post=5422"}],"version-history":[{"count":4,"href":"https:\/\/www.asa-innovation.com\/de\/wp-json\/wp\/v2\/pages\/5422\/revisions"}],"predecessor-version":[{"id":5444,"href":"https:\/\/www.asa-innovation.com\/de\/wp-json\/wp\/v2\/pages\/5422\/revisions\/5444"}],"wp:attachment":[{"href":"https:\/\/www.asa-innovation.com\/de\/wp-json\/wp\/v2\/media?parent=5422"}],"curies":[{"name":"wp","href":"https:\/\/api.w.org\/{rel}","templated":true}]}}