{"id":5451,"date":"2020-09-01T13:58:38","date_gmt":"2020-09-01T11:58:38","guid":{"rendered":"http:\/\/www.asa-innovation.com\/?page_id=5451"},"modified":"2020-09-01T14:13:49","modified_gmt":"2020-09-01T12:13:49","slug":"einkaufsmitarbeiterin-und-materialanagement","status":"publish","type":"page","link":"https:\/\/www.asa-innovation.com\/de\/einkaufsmitarbeiterin-und-materialanagement\/","title":{"rendered":"EinkaufsmitarbeiterIn und Materialmanagement"},"content":{"rendered":"<p><span style=\"font-family: verdana, geneva, sans-serif;\">Wir sind ein weltweit f\u00fchrender, familiengef\u00fchrter, mittelst\u00e4ndischer Betrieb und als Entwickler und Hersteller von Produkten f\u00fcr die K\u00fchlungs-, L\u00fcftungs- und E-Mobilit\u00e4tsindustrie t\u00e4tig.<\/span><\/p>\n<p><span style=\"font-family: verdana, geneva, sans-serif;\">Wir suchen zur Unterst\u00fctzung an unserem Entwicklungsstandort in Wien zum sofortigen Eintritt<\/span><\/p>\n<p><span style=\"font-family: verdana, geneva, sans-serif;\">eine\/n Einkaufmitarbeiter\/in &amp; Materialmanagement (m\/w).<\/span><\/p>\n<p>&nbsp;<\/p>\n<p><span style=\"font-family: verdana, geneva, sans-serif;\">Profil:<\/span><\/p>\n<p>&nbsp;<\/p>\n<ul>\n<li><span style=\"font-family: verdana, geneva, sans-serif;\">Berufserfahrung im Bereich Einkauf\/supply chain management im industriellen Umfeld<\/span><\/li>\n<li><span style=\"font-family: verdana, geneva, sans-serif;\">Eigeninitiative, Organisationstalent, unternehmerisches Verst\u00e4ndnis, Verhandlungs- und Kommunikationsgeschick<\/span><\/li>\n<li><span style=\"font-family: verdana, geneva, sans-serif;\">Technische Ausbildung von Vorteil<\/span><\/li>\n<li><span style=\"font-family: verdana, geneva, sans-serif;\">Deutsch und Englisch in Wort und Schrift, MS-Office und sehr gute SAP Kenntnisse im Modul MM<\/span><\/li>\n<li><span style=\"font-family: verdana, geneva, sans-serif;\">Selbst\u00e4ndiges und l\u00f6sungsorientiertes Arbeiten entlang einer Projektterminschiene.<\/span><\/li>\n<\/ul>\n<p>&nbsp;<\/p>\n<p><span style=\"font-family: verdana, geneva, sans-serif;\">Aufgaben:<\/span><\/p>\n<p>&nbsp;<\/p>\n<ul>\n<li><span style=\"font-family: verdana, geneva, sans-serif;\">Termingerechte Materialbestellung und Lieferterminverfolgung<\/span><\/li>\n<li><span style=\"font-family: verdana, geneva, sans-serif;\">Wartung des Material- und Lieferantenstammes<\/span><\/li>\n<li><span style=\"font-family: verdana, geneva, sans-serif;\">Verhandlung von Konditionen (Preis, Rahmenvereinbarungen)<\/span><\/li>\n<li><span style=\"font-family: verdana, geneva, sans-serif;\">Bewertung der bestehenden Lieferanten hinsichtlich Qualit\u00e4t, Liefertermin und Kosten<\/span><\/li>\n<li><span style=\"font-family: verdana, geneva, sans-serif;\">Lagerbewertung<\/span><\/li>\n<\/ul>\n<p>&nbsp;<\/p>\n<p><span style=\"font-family: verdana, geneva, sans-serif;\">Wir bieten ein nachhaltiges Arbeitsumfeld in einem dynamischen Technologieunternehmen mit angenehmem Betriebsklima und Entfaltungsm\u00f6glichkeiten. Flexible Arbeitsplatzm\u00f6glichkeiten (home office). Wir sind \u00f6ffentlich gut erreichbar und Parkpl\u00e4tze sind ausreichend vorhanden. Unser Unternehmen ist stabil und zukunftsorientiert.<\/span><\/p>\n<p><span style=\"font-family: verdana, geneva, sans-serif;\">Ihr monatliches Bruttogehalt ist von Ihrer Berufserfahrung und Vorkenntnissen abh\u00e4ngig und betr\u00e4gt ab Euro 2.500,- (unter Ber\u00fccksichtigung des kollektivvertraglichen Mindestentgelts ist je nach Qualifikation eine \u00dcberbezahlung vorgesehen).<\/span><\/p>\n<p>&nbsp;<\/p>\n<p><span style=\"font-family: verdana, geneva, sans-serif;\">Wenn Sie Interesse an dieser langfristigen beruflichen Aufgabe haben, dann freuen wir uns \u00fcber die Zusendung Ihrer aussagekr\u00e4ftigen Bewerbungsunterlagen mit Betreff \u201eEinkaufmitarbeiter\/in &amp; Materialmanagement\u201c per E-Mail an:<\/span><\/p>\n<p>&nbsp;<\/p>\n<p>&nbsp;<\/p>\n<p><span style=\"font-family: verdana, geneva, sans-serif;\"><a href=\"mailto:personal@asahydraulik.com?subject=karriere.at-Bewerbung:%20Technischer%20Au%C3%9Fendienst%20%28m%2Fw%29,%20Ref-Nr.:%20KA%20\/%204354451&amp;body=------------------------------------------------------------------------------------------------------------------------------------------------------%0A%0DWICHTIGER%20HINWEIS:%20Den%20vorgegebenen%20Betreff%20dieser%20E-Mail%20aus%20Gr\u00fcnden%20der%20Nachvollziehbarkeit%20bitte%20NICHT%20entfernen!%0A%0D------------------------------------------------------------------------------------------------------------------------------------------------------%0A%0D%0A%0D\">personal@asahydraulik.com<\/a><\/span><\/p>\n<p>&nbsp;<\/p>\n<p><span style=\"font-family: verdana, geneva, sans-serif;\">asa technology Produktions- und Vertriebs GmbH<\/span><\/p>\n<p><span style=\"font-family: verdana, geneva, sans-serif;\">Prager Stra\u00dfe 280<\/span><\/p>\n<p><span style=\"font-family: verdana, geneva, sans-serif;\">1210 Wien<\/span><\/p>\n<p><span style=\"font-family: verdana, geneva, sans-serif;\"><a href=\"http:\/\/www.asa-innovation.com\">www.asa-innovation.com<\/a><\/span><\/p>\n<p>&nbsp;<\/p>\n<table>\n<tbody>\n<tr>\n<td style=\"width: 4.03125px;\"><span style=\"font-family: verdana, geneva, sans-serif;\">\u00a0<\/span><\/td>\n<\/tr>\n<tr>\n<td style=\"width: 4.03125px;\"><span style=\"font-family: verdana, geneva, sans-serif;\">\u00a0<\/span><\/td>\n<td style=\"width: 4.03125px;\"><span style=\"font-family: verdana, geneva, sans-serif;\">\u00a0<\/span><\/td>\n<\/tr>\n<\/tbody>\n<\/table>\n<p>&nbsp;<\/p>\n","protected":false},"excerpt":{"rendered":"<p>Wir sind ein weltweit f\u00fchrender, familiengef\u00fchrter, mittelst\u00e4ndischer Betrieb und als Entwickler und Hersteller von Produkten f\u00fcr die K\u00fchlungs-, L\u00fcftungs- und E-Mobilit\u00e4tsindustrie t\u00e4tig. Wir suchen zur Unterst\u00fctzung an unserem Entwicklungsstandort in Wien zum sofortigen Eintritt eine\/n Einkaufmitarbeiter\/in &amp; Materialmanagement (m\/w). &nbsp; Profil: &nbsp; Berufserfahrung im Bereich Einkauf\/supply chain management im industriellen Umfeld Eigeninitiative, Organisationstalent, unternehmerisches Verst\u00e4ndnis, [&hellip;]<\/p>\n","protected":false},"author":2,"featured_media":0,"parent":0,"menu_order":0,"comment_status":"closed","ping_status":"closed","template":"","meta":{"_expiration-date-status":"saved","_expiration-date":0,"_expiration-date-type":"","_expiration-date-categories":[],"_expiration-date-options":[]},"acf":[],"_links":{"self":[{"href":"https:\/\/www.asa-innovation.com\/de\/wp-json\/wp\/v2\/pages\/5451"}],"collection":[{"href":"https:\/\/www.asa-innovation.com\/de\/wp-json\/wp\/v2\/pages"}],"about":[{"href":"https:\/\/www.asa-innovation.com\/de\/wp-json\/wp\/v2\/types\/page"}],"author":[{"embeddable":true,"href":"https:\/\/www.asa-innovation.com\/de\/wp-json\/wp\/v2\/users\/2"}],"replies":[{"embeddable":true,"href":"https:\/\/www.asa-innovation.com\/de\/wp-json\/wp\/v2\/comments?post=5451"}],"version-history":[{"count":3,"href":"https:\/\/www.asa-innovation.com\/de\/wp-json\/wp\/v2\/pages\/5451\/revisions"}],"predecessor-version":[{"id":5458,"href":"https:\/\/www.asa-innovation.com\/de\/wp-json\/wp\/v2\/pages\/5451\/revisions\/5458"}],"wp:attachment":[{"href":"https:\/\/www.asa-innovation.com\/de\/wp-json\/wp\/v2\/media?parent=5451"}],"curies":[{"name":"wp","href":"https:\/\/api.w.org\/{rel}","templated":true}]}}