{"id":9872,"date":"2020-10-06T10:27:50","date_gmt":"2020-10-06T08:27:50","guid":{"rendered":"http:\/\/www.asa-innovation.com\/?page_id=9872"},"modified":"2022-02-15T10:16:04","modified_gmt":"2022-02-15T09:16:04","slug":"absperrklappe-edelstahl","status":"publish","type":"page","link":"https:\/\/www.asa-innovation.com\/de\/verbindungstechnik\/absperrflansche\/absperrklappe-edelstahl\/","title":{"rendered":"Absperrklappe Edelstahl"},"content":{"rendered":"\n<p>Die kompakteste Saugleitungsl\u00f6sung ist jetzt in Edelstahl erh\u00e4ltlich! Das erspart Ihnen das Streichen eines zus\u00e4tzlichen Korrosionsschutzes und bietet Ihnen beste Eignung f\u00fcr den Untertagebau, aggressive Umgebungen wie Marine oder Chemieanlagen und hochbelastbare Kraftwerke.<\/p>\n<p>\u00a0<\/p>\n","protected":false},"excerpt":{"rendered":"<p>Die kompakteste Saugleitungsl\u00f6sung ist jetzt in Edelstahl erh\u00e4ltlich! Das erspart Ihnen das Streichen eines zus\u00e4tzlichen Korrosionsschutzes und bietet Ihnen beste Eignung f\u00fcr den Untertagebau, aggressive Umgebungen wie Marine oder Chemieanlagen und hochbelastbare Kraftwerke. \u00a0<\/p>\n","protected":false},"author":2,"featured_media":0,"parent":2226,"menu_order":3,"comment_status":"closed","ping_status":"closed","template":"","meta":{"_expiration-date-status":"saved","_expiration-date":0,"_expiration-date-type":"","_expiration-date-categories":[],"_expiration-date-options":[]},"acf":[],"_links":{"self":[{"href":"https:\/\/www.asa-innovation.com\/de\/wp-json\/wp\/v2\/pages\/9872"}],"collection":[{"href":"https:\/\/www.asa-innovation.com\/de\/wp-json\/wp\/v2\/pages"}],"about":[{"href":"https:\/\/www.asa-innovation.com\/de\/wp-json\/wp\/v2\/types\/page"}],"author":[{"embeddable":true,"href":"https:\/\/www.asa-innovation.com\/de\/wp-json\/wp\/v2\/users\/2"}],"replies":[{"embeddable":true,"href":"https:\/\/www.asa-innovation.com\/de\/wp-json\/wp\/v2\/comments?post=9872"}],"version-history":[{"count":10,"href":"https:\/\/www.asa-innovation.com\/de\/wp-json\/wp\/v2\/pages\/9872\/revisions"}],"predecessor-version":[{"id":13370,"href":"https:\/\/www.asa-innovation.com\/de\/wp-json\/wp\/v2\/pages\/9872\/revisions\/13370"}],"up":[{"embeddable":true,"href":"https:\/\/www.asa-innovation.com\/de\/wp-json\/wp\/v2\/pages\/2226"}],"wp:attachment":[{"href":"https:\/\/www.asa-innovation.com\/de\/wp-json\/wp\/v2\/media?parent=9872"}],"curies":[{"name":"wp","href":"https:\/\/api.w.org\/{rel}","templated":true}]}}