{"id":10660,"date":"2020-12-21T13:13:46","date_gmt":"2020-12-21T12:13:46","guid":{"rendered":"http:\/\/www.asa-innovation.com\/?page_id=10660"},"modified":"2023-08-24T13:25:29","modified_gmt":"2023-08-24T11:25:29","slug":"adaptador-de-colador","status":"publish","type":"page","link":"https:\/\/www.asa-innovation.com\/es\/tecnologia-de-conexion\/linea-de-aspiracion\/adaptador-de-colador\/","title":{"rendered":"Adaptador de colador"},"content":{"rendered":"\n<p style=\"text-align: justify;\">La nueva soluci\u00f3n \u00abasa-filtro colador -adaptador\u00bb es otra combinaci\u00f3n de funciones. Es una soluci\u00f3n simple e inteligente para crear una conexi\u00f3n de brida en el tanque con un filtro-colador de succi\u00f3n al mismo tiempo. El kit de venta incluye la brida del adaptador de soldadura a una doble boquilla. En combinaci\u00f3n con nuestras v\u00e1lvulas de mariposa y juntas de expansi\u00f3n compactas, podemos ofrecer la soluci\u00f3n de tanque a bomba m\u00e1s compacta del mercado.\u00a0<\/p>\n","protected":false},"excerpt":{"rendered":"<p>La nueva soluci\u00f3n \u00abasa-filtro colador -adaptador\u00bb es otra combinaci\u00f3n de funciones. Es una soluci\u00f3n simple e inteligente para crear una conexi\u00f3n de brida en el tanque con un filtro-colador de succi\u00f3n al mismo tiempo. El kit de venta incluye la brida del adaptador de soldadura a una doble boquilla. En combinaci\u00f3n con nuestras v\u00e1lvulas de [&hellip;]<\/p>\n","protected":false},"author":2,"featured_media":0,"parent":15184,"menu_order":4,"comment_status":"closed","ping_status":"closed","template":"","meta":{"_expiration-date-status":"","_expiration-date":0,"_expiration-date-type":"","_expiration-date-categories":[],"_expiration-date-options":[]},"acf":[],"_links":{"self":[{"href":"https:\/\/www.asa-innovation.com\/es\/wp-json\/wp\/v2\/pages\/10660"}],"collection":[{"href":"https:\/\/www.asa-innovation.com\/es\/wp-json\/wp\/v2\/pages"}],"about":[{"href":"https:\/\/www.asa-innovation.com\/es\/wp-json\/wp\/v2\/types\/page"}],"author":[{"embeddable":true,"href":"https:\/\/www.asa-innovation.com\/es\/wp-json\/wp\/v2\/users\/2"}],"replies":[{"embeddable":true,"href":"https:\/\/www.asa-innovation.com\/es\/wp-json\/wp\/v2\/comments?post=10660"}],"version-history":[{"count":12,"href":"https:\/\/www.asa-innovation.com\/es\/wp-json\/wp\/v2\/pages\/10660\/revisions"}],"predecessor-version":[{"id":15422,"href":"https:\/\/www.asa-innovation.com\/es\/wp-json\/wp\/v2\/pages\/10660\/revisions\/15422"}],"up":[{"embeddable":true,"href":"https:\/\/www.asa-innovation.com\/es\/wp-json\/wp\/v2\/pages\/15184"}],"wp:attachment":[{"href":"https:\/\/www.asa-innovation.com\/es\/wp-json\/wp\/v2\/media?parent=10660"}],"curies":[{"name":"wp","href":"https:\/\/api.w.org\/{rel}","templated":true}]}}