{"id":14166,"date":"2022-11-21T08:40:38","date_gmt":"2022-11-21T07:40:38","guid":{"rendered":"http:\/\/www.asa-innovation.com\/?page_id=14166"},"modified":"2024-11-20T07:27:00","modified_gmt":"2024-11-20T06:27:00","slug":"bombas-centrifugas-de-agua","status":"publish","type":"page","link":"https:\/\/www.asa-innovation.com\/es\/control-de-fluidos\/bombas-centrifugas-de-agua\/","title":{"rendered":"Bombas centr\u00edfugas de agua"},"content":{"rendered":"\n<p>La bomba de agua asa funciona seg\u00fan el principio centr\u00edfugo y utiliza una carcasa en espiral con conexiones de manguera de 1&#8243; y \u00be\u00bb, acoplamiento magn\u00e9tico y motor sin escobillas de 12V y 24V DC. El motor y el acoplamiento est\u00e1n instalados en una carcasa de aluminio fundido a presi\u00f3n. Esta unidad de motor\/bomba est\u00e1 dise\u00f1ada principalmente para crear circuitos de refrigeraci\u00f3n compactos y rentables para dispositivos el\u00e9ctricos como paquetes de bater\u00edas, motores el\u00e9ctricos y electr\u00f3nica de potencia como los convertidores.<\/p>\n","protected":false},"excerpt":{"rendered":"<p>La bomba de agua asa funciona seg\u00fan el principio centr\u00edfugo y utiliza una carcasa en espiral con conexiones de manguera de 1&#8243; y \u00be\u00bb, acoplamiento magn\u00e9tico y motor sin escobillas de 12V y 24V DC. El motor y el acoplamiento est\u00e1n instalados en una carcasa de aluminio fundido a presi\u00f3n. Esta unidad de motor\/bomba est\u00e1 [&hellip;]<\/p>\n","protected":false},"author":2,"featured_media":0,"parent":3277,"menu_order":0,"comment_status":"closed","ping_status":"closed","template":"","meta":{"_expiration-date-status":"","_expiration-date":0,"_expiration-date-type":"","_expiration-date-categories":[],"_expiration-date-options":[]},"acf":[],"_links":{"self":[{"href":"https:\/\/www.asa-innovation.com\/es\/wp-json\/wp\/v2\/pages\/14166"}],"collection":[{"href":"https:\/\/www.asa-innovation.com\/es\/wp-json\/wp\/v2\/pages"}],"about":[{"href":"https:\/\/www.asa-innovation.com\/es\/wp-json\/wp\/v2\/types\/page"}],"author":[{"embeddable":true,"href":"https:\/\/www.asa-innovation.com\/es\/wp-json\/wp\/v2\/users\/2"}],"replies":[{"embeddable":true,"href":"https:\/\/www.asa-innovation.com\/es\/wp-json\/wp\/v2\/comments?post=14166"}],"version-history":[{"count":9,"href":"https:\/\/www.asa-innovation.com\/es\/wp-json\/wp\/v2\/pages\/14166\/revisions"}],"predecessor-version":[{"id":19479,"href":"https:\/\/www.asa-innovation.com\/es\/wp-json\/wp\/v2\/pages\/14166\/revisions\/19479"}],"up":[{"embeddable":true,"href":"https:\/\/www.asa-innovation.com\/es\/wp-json\/wp\/v2\/pages\/3277"}],"wp:attachment":[{"href":"https:\/\/www.asa-innovation.com\/es\/wp-json\/wp\/v2\/media?parent=14166"}],"curies":[{"name":"wp","href":"https:\/\/api.w.org\/{rel}","templated":true}]}}