{"id":15081,"date":"2023-07-20T10:19:45","date_gmt":"2023-07-20T08:19:45","guid":{"rendered":"https:\/\/www.asa-innovation.com\/?page_id=15081"},"modified":"2023-07-20T10:25:42","modified_gmt":"2023-07-20T08:25:42","slug":"intercambiadores-calor-aceite-aire","status":"publish","type":"page","link":"https:\/\/www.asa-innovation.com\/es\/sistemas-termicos\/intercambiadores-calor-aceite-aire\/","title":{"rendered":"Intercambiadores calor aceite\/aire"},"content":{"rendered":"\n<p>Nuestros innovadores intercambiadores de calor de placas y barras refrigerados por aire son fiables, rentables y duraderos. Se caracterizan por su alto rendimiento de refrigeraci\u00f3n y su baja p\u00e9rdida de carga, los refrigeradores de aceite-aire de asa pueden funcionar con caudales de hasta 800 l\/min. Son adecuados para diversos circuitos hidr\u00e1ulicos y las aplicaciones m\u00e1s exigentes, como equipos de elevaci\u00f3n, m\u00e1quinas de construcci\u00f3n, veh\u00edculos agr\u00edcolas y\/o equipos de miner\u00eda entre otros. Haga clic aqu\u00ed para saber m\u00e1s.<\/p>\n","protected":false},"excerpt":{"rendered":"<p>Nuestros innovadores intercambiadores de calor de placas y barras refrigerados por aire son fiables, rentables y duraderos. Se caracterizan por su alto rendimiento de refrigeraci\u00f3n y su baja p\u00e9rdida de carga, los refrigeradores de aceite-aire de asa pueden funcionar con caudales de hasta 800 l\/min. Son adecuados para diversos circuitos hidr\u00e1ulicos y las aplicaciones m\u00e1s [&hellip;]<\/p>\n","protected":false},"author":2,"featured_media":0,"parent":3187,"menu_order":1,"comment_status":"closed","ping_status":"closed","template":"","meta":{"_expiration-date-status":"","_expiration-date":0,"_expiration-date-type":"","_expiration-date-categories":[],"_expiration-date-options":[]},"acf":[],"_links":{"self":[{"href":"https:\/\/www.asa-innovation.com\/es\/wp-json\/wp\/v2\/pages\/15081"}],"collection":[{"href":"https:\/\/www.asa-innovation.com\/es\/wp-json\/wp\/v2\/pages"}],"about":[{"href":"https:\/\/www.asa-innovation.com\/es\/wp-json\/wp\/v2\/types\/page"}],"author":[{"embeddable":true,"href":"https:\/\/www.asa-innovation.com\/es\/wp-json\/wp\/v2\/users\/2"}],"replies":[{"embeddable":true,"href":"https:\/\/www.asa-innovation.com\/es\/wp-json\/wp\/v2\/comments?post=15081"}],"version-history":[{"count":3,"href":"https:\/\/www.asa-innovation.com\/es\/wp-json\/wp\/v2\/pages\/15081\/revisions"}],"predecessor-version":[{"id":15084,"href":"https:\/\/www.asa-innovation.com\/es\/wp-json\/wp\/v2\/pages\/15081\/revisions\/15084"}],"up":[{"embeddable":true,"href":"https:\/\/www.asa-innovation.com\/es\/wp-json\/wp\/v2\/pages\/3187"}],"wp:attachment":[{"href":"https:\/\/www.asa-innovation.com\/es\/wp-json\/wp\/v2\/media?parent=15081"}],"curies":[{"name":"wp","href":"https:\/\/api.w.org\/{rel}","templated":true}]}}