{"id":15088,"date":"2023-07-20T11:10:33","date_gmt":"2023-07-20T09:10:33","guid":{"rendered":"https:\/\/www.asa-innovation.com\/?page_id=15088"},"modified":"2026-01-15T11:56:14","modified_gmt":"2026-01-15T10:56:14","slug":"intercambiadores-de-calor-aceite-agua","status":"publish","type":"page","link":"https:\/\/www.asa-innovation.com\/es\/sistemas-termicos\/intercambiadores-de-calor-aceite-agua\/","title":{"rendered":"Intercambiadores de calor aceite\/agua"},"content":{"rendered":"\n<p>La refrigeraci\u00f3n del aceite con un circuito de refrigeraci\u00f3n por agua es una forma muy eficiente para aplicaciones de alta carga de calor o condiciones ambientales dif\u00edciles. Nuestros productos y soluciones ofrecen varias opciones de materiales que se adaptan a cualquier aplicaci\u00f3n. Los constructores navales, los operadores de plantas qu\u00edmicas y muchos otros valoran nuestra asesor\u00eda y servicio t\u00e9cnico, as\u00ed como nuestros productos duraderos y resistentes.<\/p>\n","protected":false},"excerpt":{"rendered":"<p>La refrigeraci\u00f3n del aceite con un circuito de refrigeraci\u00f3n por agua es una forma muy eficiente para aplicaciones de alta carga de calor o condiciones ambientales dif\u00edciles. Nuestros productos y soluciones ofrecen varias opciones de materiales que se adaptan a cualquier aplicaci\u00f3n. Los constructores navales, los operadores de plantas qu\u00edmicas y muchos otros valoran nuestra [&hellip;]<\/p>\n","protected":false},"author":2,"featured_media":0,"parent":3187,"menu_order":2,"comment_status":"closed","ping_status":"closed","template":"","meta":{"_expiration-date-status":"","_expiration-date":0,"_expiration-date-type":"","_expiration-date-categories":[],"_expiration-date-options":[]},"acf":[],"_links":{"self":[{"href":"https:\/\/www.asa-innovation.com\/es\/wp-json\/wp\/v2\/pages\/15088"}],"collection":[{"href":"https:\/\/www.asa-innovation.com\/es\/wp-json\/wp\/v2\/pages"}],"about":[{"href":"https:\/\/www.asa-innovation.com\/es\/wp-json\/wp\/v2\/types\/page"}],"author":[{"embeddable":true,"href":"https:\/\/www.asa-innovation.com\/es\/wp-json\/wp\/v2\/users\/2"}],"replies":[{"embeddable":true,"href":"https:\/\/www.asa-innovation.com\/es\/wp-json\/wp\/v2\/comments?post=15088"}],"version-history":[{"count":7,"href":"https:\/\/www.asa-innovation.com\/es\/wp-json\/wp\/v2\/pages\/15088\/revisions"}],"predecessor-version":[{"id":37041,"href":"https:\/\/www.asa-innovation.com\/es\/wp-json\/wp\/v2\/pages\/15088\/revisions\/37041"}],"up":[{"embeddable":true,"href":"https:\/\/www.asa-innovation.com\/es\/wp-json\/wp\/v2\/pages\/3187"}],"wp:attachment":[{"href":"https:\/\/www.asa-innovation.com\/es\/wp-json\/wp\/v2\/media?parent=15088"}],"curies":[{"name":"wp","href":"https:\/\/api.w.org\/{rel}","templated":true}]}}