{"id":15092,"date":"2023-07-20T11:22:17","date_gmt":"2023-07-20T09:22:17","guid":{"rendered":"https:\/\/www.asa-innovation.com\/?page_id=15092"},"modified":"2023-07-21T07:52:20","modified_gmt":"2023-07-21T05:52:20","slug":"gama-shell-tube-st","status":"publish","type":"page","link":"https:\/\/www.asa-innovation.com\/es\/sistemas-termicos\/intercambiadores-de-calor-offline\/gama-shell-tube-st\/","title":{"rendered":"Gama refrigerada por aqua"},"content":{"rendered":"\n<p>Nuestros sistemas offline refrigerados por agua est\u00e1n dise\u00f1ados de forma modular para configurar los productos seg\u00fan los requisitos de la aplicaci\u00f3n en t\u00e9rminos de rendimiento, compatibilidad de medios y adecuaci\u00f3n a las condiciones ambientales. Utilizamos nuestra serie de intercambiadores de calor de placas de alta eficiencia, as\u00ed como la vers\u00e1til serie de intercambiadores de calor de tubos y carcasa ST.<\/p>\n","protected":false},"excerpt":{"rendered":"<p>Nuestros sistemas offline refrigerados por agua est\u00e1n dise\u00f1ados de forma modular para configurar los productos seg\u00fan los requisitos de la aplicaci\u00f3n en t\u00e9rminos de rendimiento, compatibilidad de medios y adecuaci\u00f3n a las condiciones ambientales. Utilizamos nuestra serie de intercambiadores de calor de placas de alta eficiencia, as\u00ed como la vers\u00e1til serie de intercambiadores de calor [&hellip;]<\/p>\n","protected":false},"author":2,"featured_media":0,"parent":15159,"menu_order":2,"comment_status":"closed","ping_status":"closed","template":"","meta":{"_expiration-date-status":"","_expiration-date":0,"_expiration-date-type":"","_expiration-date-categories":[],"_expiration-date-options":[]},"acf":[],"_links":{"self":[{"href":"https:\/\/www.asa-innovation.com\/es\/wp-json\/wp\/v2\/pages\/15092"}],"collection":[{"href":"https:\/\/www.asa-innovation.com\/es\/wp-json\/wp\/v2\/pages"}],"about":[{"href":"https:\/\/www.asa-innovation.com\/es\/wp-json\/wp\/v2\/types\/page"}],"author":[{"embeddable":true,"href":"https:\/\/www.asa-innovation.com\/es\/wp-json\/wp\/v2\/users\/2"}],"replies":[{"embeddable":true,"href":"https:\/\/www.asa-innovation.com\/es\/wp-json\/wp\/v2\/comments?post=15092"}],"version-history":[{"count":4,"href":"https:\/\/www.asa-innovation.com\/es\/wp-json\/wp\/v2\/pages\/15092\/revisions"}],"predecessor-version":[{"id":15166,"href":"https:\/\/www.asa-innovation.com\/es\/wp-json\/wp\/v2\/pages\/15092\/revisions\/15166"}],"up":[{"embeddable":true,"href":"https:\/\/www.asa-innovation.com\/es\/wp-json\/wp\/v2\/pages\/15159"}],"wp:attachment":[{"href":"https:\/\/www.asa-innovation.com\/es\/wp-json\/wp\/v2\/media?parent=15092"}],"curies":[{"name":"wp","href":"https:\/\/api.w.org\/{rel}","templated":true}]}}