{"id":15159,"date":"2023-07-20T13:52:05","date_gmt":"2023-07-20T11:52:05","guid":{"rendered":"https:\/\/www.asa-innovation.com\/?page_id=15159"},"modified":"2023-07-20T13:52:24","modified_gmt":"2023-07-20T11:52:24","slug":"intercambiadores-de-calor-offline","status":"publish","type":"page","link":"https:\/\/www.asa-innovation.com\/es\/sistemas-termicos\/intercambiadores-de-calor-offline\/","title":{"rendered":"Intercambiadores de calor Offline"},"content":{"rendered":"\n<p>Dependiendo de la aplicaci\u00f3n, recomendamos nuestras soluciones de refrigeraci\u00f3n offline para un mejor mantenimiento del aceite de forma externa al sistema hidr\u00e1ulico de trabajo. Ofrecemos compactos sistemas refrigerados por aire con un conjunto de motor\/bomba e intercambiador de calor, pero tambi\u00e9n unidades separadas de intercambiador de calor y motor\/bomba. Nuestros productos refrigerados por agua pueden suministrarse con intercambiadores de calor de placas de alta eficiencia o con nuestros vers\u00e1tiles intercambiadores de calor de tubos y carcasa para entornos y medios severos.<\/p>\n","protected":false},"excerpt":{"rendered":"<p>Dependiendo de la aplicaci\u00f3n, recomendamos nuestras soluciones de refrigeraci\u00f3n offline para un mejor mantenimiento del aceite de forma externa al sistema hidr\u00e1ulico de trabajo. Ofrecemos compactos sistemas refrigerados por aire con un conjunto de motor\/bomba e intercambiador de calor, pero tambi\u00e9n unidades separadas de intercambiador de calor y motor\/bomba. Nuestros productos refrigerados por agua pueden [&hellip;]<\/p>\n","protected":false},"author":2,"featured_media":0,"parent":3187,"menu_order":3,"comment_status":"closed","ping_status":"closed","template":"","meta":{"_expiration-date-status":"","_expiration-date":0,"_expiration-date-type":"","_expiration-date-categories":[],"_expiration-date-options":[]},"acf":[],"_links":{"self":[{"href":"https:\/\/www.asa-innovation.com\/es\/wp-json\/wp\/v2\/pages\/15159"}],"collection":[{"href":"https:\/\/www.asa-innovation.com\/es\/wp-json\/wp\/v2\/pages"}],"about":[{"href":"https:\/\/www.asa-innovation.com\/es\/wp-json\/wp\/v2\/types\/page"}],"author":[{"embeddable":true,"href":"https:\/\/www.asa-innovation.com\/es\/wp-json\/wp\/v2\/users\/2"}],"replies":[{"embeddable":true,"href":"https:\/\/www.asa-innovation.com\/es\/wp-json\/wp\/v2\/comments?post=15159"}],"version-history":[{"count":2,"href":"https:\/\/www.asa-innovation.com\/es\/wp-json\/wp\/v2\/pages\/15159\/revisions"}],"predecessor-version":[{"id":15161,"href":"https:\/\/www.asa-innovation.com\/es\/wp-json\/wp\/v2\/pages\/15159\/revisions\/15161"}],"up":[{"embeddable":true,"href":"https:\/\/www.asa-innovation.com\/es\/wp-json\/wp\/v2\/pages\/3187"}],"wp:attachment":[{"href":"https:\/\/www.asa-innovation.com\/es\/wp-json\/wp\/v2\/media?parent=15159"}],"curies":[{"name":"wp","href":"https:\/\/api.w.org\/{rel}","templated":true}]}}