{"id":15168,"date":"2023-07-21T08:02:47","date_gmt":"2023-07-21T06:02:47","guid":{"rendered":"https:\/\/www.asa-innovation.com\/?page_id=15168"},"modified":"2023-07-21T08:05:13","modified_gmt":"2023-07-21T06:05:13","slug":"intercambiadores-de-calor-aceite-agua-aire","status":"publish","type":"page","link":"https:\/\/www.asa-innovation.com\/es\/sistemas-termicos\/intercambiadores-de-calor-aceite-agua-aire\/","title":{"rendered":"Intercambiadores de calor aceite\/agua\/aire"},"content":{"rendered":"\n<p>Ofrecemos soluciones completas para refrigerar el aire de sobrealimentaci\u00f3n, el aire comprimido, el agua del motor, as\u00ed como combinaciones con secciones de aceite para engranajes, aceite para compresores o aceite hidr\u00e1ulico. Nuestro soporte t\u00e9cnico es 100 % propiedad del grupo e incluye simulaciones de din\u00e1mica de fluidos, software de dimensionamiento, verificaci\u00f3n con el centro de pruebas del t\u00fanel de viento y dise\u00f1o y producci\u00f3n de ventiladores. P\u00f3ngase en contacto con nosotros con sus requisitos espec\u00edficos y utilice nuestras ventajas de c\u00e1lculo y verificaci\u00f3n realistas. Consulte asa-innovation.com para obtener m\u00e1s informaci\u00f3n.<\/p>\n","protected":false},"excerpt":{"rendered":"<p>Ofrecemos soluciones completas para refrigerar el aire de sobrealimentaci\u00f3n, el aire comprimido, el agua del motor, as\u00ed como combinaciones con secciones de aceite para engranajes, aceite para compresores o aceite hidr\u00e1ulico. Nuestro soporte t\u00e9cnico es 100 % propiedad del grupo e incluye simulaciones de din\u00e1mica de fluidos, software de dimensionamiento, verificaci\u00f3n con el centro de [&hellip;]<\/p>\n","protected":false},"author":2,"featured_media":0,"parent":3187,"menu_order":4,"comment_status":"closed","ping_status":"closed","template":"","meta":{"_expiration-date-status":"","_expiration-date":0,"_expiration-date-type":"","_expiration-date-categories":[],"_expiration-date-options":[]},"acf":[],"_links":{"self":[{"href":"https:\/\/www.asa-innovation.com\/es\/wp-json\/wp\/v2\/pages\/15168"}],"collection":[{"href":"https:\/\/www.asa-innovation.com\/es\/wp-json\/wp\/v2\/pages"}],"about":[{"href":"https:\/\/www.asa-innovation.com\/es\/wp-json\/wp\/v2\/types\/page"}],"author":[{"embeddable":true,"href":"https:\/\/www.asa-innovation.com\/es\/wp-json\/wp\/v2\/users\/2"}],"replies":[{"embeddable":true,"href":"https:\/\/www.asa-innovation.com\/es\/wp-json\/wp\/v2\/comments?post=15168"}],"version-history":[{"count":2,"href":"https:\/\/www.asa-innovation.com\/es\/wp-json\/wp\/v2\/pages\/15168\/revisions"}],"predecessor-version":[{"id":15170,"href":"https:\/\/www.asa-innovation.com\/es\/wp-json\/wp\/v2\/pages\/15168\/revisions\/15170"}],"up":[{"embeddable":true,"href":"https:\/\/www.asa-innovation.com\/es\/wp-json\/wp\/v2\/pages\/3187"}],"wp:attachment":[{"href":"https:\/\/www.asa-innovation.com\/es\/wp-json\/wp\/v2\/media?parent=15168"}],"curies":[{"name":"wp","href":"https:\/\/api.w.org\/{rel}","templated":true}]}}