{"id":15184,"date":"2023-07-21T08:56:05","date_gmt":"2023-07-21T06:56:05","guid":{"rendered":"https:\/\/www.asa-innovation.com\/?page_id=15184"},"modified":"2023-08-24T13:28:25","modified_gmt":"2023-08-24T11:28:25","slug":"linea-de-aspiracion","status":"publish","type":"page","link":"https:\/\/www.asa-innovation.com\/es\/tecnologia-de-conexion\/linea-de-aspiracion\/","title":{"rendered":"L\u00ednea de aspiraci\u00f3n"},"content":{"rendered":"\n<p>La unidad de aspiraci\u00f3n asa ha sido desarrollada para proporcionar una unidad compacta en los sistemas hidr\u00e1ulicos. La brida de mariposa asa con conexiones SAE permite la combinaci\u00f3n con un elemento el\u00e1stico (compensador de goma) para realizar una conexi\u00f3n compensadora corta y econ\u00f3mica con el puerto de la bomba. La unidad de aspiraci\u00f3n asa se atornilla a la brida adaptadora asa, que se suelda al dep\u00f3sito. Debido a los bajos costes de instalaci\u00f3n y al dise\u00f1o compacto, la compra de unidades de aspiraci\u00f3n asa es rentable. En el bloque est\u00e1ndar se puede montar un interruptor (mec\u00e1nico o inductivo) para tareas de control.<\/p>\n","protected":false},"excerpt":{"rendered":"<p>La unidad de aspiraci\u00f3n asa ha sido desarrollada para proporcionar una unidad compacta en los sistemas hidr\u00e1ulicos. La brida de mariposa asa con conexiones SAE permite la combinaci\u00f3n con un elemento el\u00e1stico (compensador de goma) para realizar una conexi\u00f3n compensadora corta y econ\u00f3mica con el puerto de la bomba. La unidad de aspiraci\u00f3n asa se [&hellip;]<\/p>\n","protected":false},"author":2,"featured_media":0,"parent":3241,"menu_order":2,"comment_status":"closed","ping_status":"closed","template":"","meta":{"_expiration-date-status":"","_expiration-date":0,"_expiration-date-type":"","_expiration-date-categories":[],"_expiration-date-options":[]},"acf":[],"_links":{"self":[{"href":"https:\/\/www.asa-innovation.com\/es\/wp-json\/wp\/v2\/pages\/15184"}],"collection":[{"href":"https:\/\/www.asa-innovation.com\/es\/wp-json\/wp\/v2\/pages"}],"about":[{"href":"https:\/\/www.asa-innovation.com\/es\/wp-json\/wp\/v2\/types\/page"}],"author":[{"embeddable":true,"href":"https:\/\/www.asa-innovation.com\/es\/wp-json\/wp\/v2\/users\/2"}],"replies":[{"embeddable":true,"href":"https:\/\/www.asa-innovation.com\/es\/wp-json\/wp\/v2\/comments?post=15184"}],"version-history":[{"count":7,"href":"https:\/\/www.asa-innovation.com\/es\/wp-json\/wp\/v2\/pages\/15184\/revisions"}],"predecessor-version":[{"id":15424,"href":"https:\/\/www.asa-innovation.com\/es\/wp-json\/wp\/v2\/pages\/15184\/revisions\/15424"}],"up":[{"embeddable":true,"href":"https:\/\/www.asa-innovation.com\/es\/wp-json\/wp\/v2\/pages\/3241"}],"wp:attachment":[{"href":"https:\/\/www.asa-innovation.com\/es\/wp-json\/wp\/v2\/media?parent=15184"}],"curies":[{"name":"wp","href":"https:\/\/api.w.org\/{rel}","templated":true}]}}