{"id":15188,"date":"2023-07-21T09:23:52","date_gmt":"2023-07-21T07:23:52","guid":{"rendered":"https:\/\/www.asa-innovation.com\/?page_id=15188"},"modified":"2024-08-27T11:45:48","modified_gmt":"2024-08-27T09:45:48","slug":"brida-adaptadora","status":"publish","type":"page","link":"https:\/\/www.asa-innovation.com\/es\/tecnologia-de-conexion\/linea-de-aspiracion\/brida-adaptadora\/","title":{"rendered":"Brida adaptadora"},"content":{"rendered":"\n<p>La unidad de succi\u00f3n asa se atornilla a la brida adaptadora asa, que est\u00e1 soldada al tanque. Debido a los bajos costos de instalaci\u00f3n y al dise\u00f1o compacto, la compra de unidades de succi\u00f3n asa es rentable.<\/p>\n<p><img decoding=\"async\" loading=\"lazy\" class=\"alignnone size-thumbnail wp-image-6622\" src=\"http:\/\/www.asa-innovation.com\/wp-content\/uploads\/2017\/12\/SDAET080-neu-150x150.png\" alt=\"\" width=\"150\" height=\"150\" srcset=\"https:\/\/www.asa-innovation.com\/wp-content\/uploads\/2017\/12\/SDAET080-neu-150x150.png 150w, https:\/\/www.asa-innovation.com\/wp-content\/uploads\/2017\/12\/SDAET080-neu-300x298.png 300w, https:\/\/www.asa-innovation.com\/wp-content\/uploads\/2017\/12\/SDAET080-neu.png 337w\" sizes=\"(max-width: 150px) 100vw, 150px\" \/><\/p>\n<p><a href=\"http:\/\/www.asa-innovation.com\/wp-content\/uploads\/2024\/08\/DD-SDAET-en-rev5.pdf\" target=\"_blank\" rel=\"noopener\">ficha t\u00e8nica<\/a><a href=\"http:\/\/www.asa-innovation.com\/wp-content\/uploads\/2024\/08\/DD-SDAET-en-rev5.pdf\" target=\"_blank\" rel=\"noopener\"><img decoding=\"async\" loading=\"lazy\" class=\"alignnone wp-image-9428\" src=\"http:\/\/www.asa-innovation.com\/wp-content\/uploads\/2020\/02\/Download-150x150.jpg\" alt=\"\" width=\"80\" height=\"80\" \/><\/a><\/p>\n","protected":false},"excerpt":{"rendered":"<p>La unidad de succi\u00f3n asa se atornilla a la brida adaptadora asa, que est\u00e1 soldada al tanque. Debido a los bajos costos de instalaci\u00f3n y al dise\u00f1o compacto, la compra de unidades de succi\u00f3n asa es rentable. ficha t\u00e8nica<\/p>\n","protected":false},"author":2,"featured_media":0,"parent":15184,"menu_order":4,"comment_status":"closed","ping_status":"closed","template":"","meta":{"_expiration-date-status":"","_expiration-date":0,"_expiration-date-type":"","_expiration-date-categories":[],"_expiration-date-options":[]},"acf":[],"_links":{"self":[{"href":"https:\/\/www.asa-innovation.com\/es\/wp-json\/wp\/v2\/pages\/15188"}],"collection":[{"href":"https:\/\/www.asa-innovation.com\/es\/wp-json\/wp\/v2\/pages"}],"about":[{"href":"https:\/\/www.asa-innovation.com\/es\/wp-json\/wp\/v2\/types\/page"}],"author":[{"embeddable":true,"href":"https:\/\/www.asa-innovation.com\/es\/wp-json\/wp\/v2\/users\/2"}],"replies":[{"embeddable":true,"href":"https:\/\/www.asa-innovation.com\/es\/wp-json\/wp\/v2\/comments?post=15188"}],"version-history":[{"count":2,"href":"https:\/\/www.asa-innovation.com\/es\/wp-json\/wp\/v2\/pages\/15188\/revisions"}],"predecessor-version":[{"id":18242,"href":"https:\/\/www.asa-innovation.com\/es\/wp-json\/wp\/v2\/pages\/15188\/revisions\/18242"}],"up":[{"embeddable":true,"href":"https:\/\/www.asa-innovation.com\/es\/wp-json\/wp\/v2\/pages\/15184"}],"wp:attachment":[{"href":"https:\/\/www.asa-innovation.com\/es\/wp-json\/wp\/v2\/media?parent=15188"}],"curies":[{"name":"wp","href":"https:\/\/api.w.org\/{rel}","templated":true}]}}