{"id":15496,"date":"2023-09-13T12:00:26","date_gmt":"2023-09-13T10:00:26","guid":{"rendered":"https:\/\/www.asa-innovation.com\/?page_id=15496"},"modified":"2025-10-30T13:00:59","modified_gmt":"2025-10-30T12:00:59","slug":"eco-11-ft","status":"publish","type":"page","link":"https:\/\/www.asa-innovation.com\/es\/sistemas-termicos\/intercambiadores-calor-aceite-aire\/gama-h\/eco-11-ft\/","title":{"rendered":"ECO-exchanger FT11"},"content":{"rendered":"\n<p>Las hormigoneras se emplean en aplicaciones exigentes que conllevan altas cargas de calor y requieren refrigeradores de aceite eficaces. El asa ECO 11 FT es una unidad de intercambio de calor integrada y refrigerada por aire, compuesta por un radiador asa con dep\u00f3sito, un filtro de aspiraci\u00f3n de alta calidad y un ventilador, as\u00ed como por componentes electr\u00f3nicos adicionales dise\u00f1ados espec\u00edficamente para ofrecer el mejor rendimiento de refrigeraci\u00f3n en todo momento.<\/p>\n","protected":false},"excerpt":{"rendered":"<p>Las hormigoneras se emplean en aplicaciones exigentes que conllevan altas cargas de calor y requieren refrigeradores de aceite eficaces. El asa ECO 11 FT es una unidad de intercambio de calor integrada y refrigerada por aire, compuesta por un radiador asa con dep\u00f3sito, un filtro de aspiraci\u00f3n de alta calidad y un ventilador, as\u00ed como [&hellip;]<\/p>\n","protected":false},"author":2,"featured_media":0,"parent":3207,"menu_order":0,"comment_status":"closed","ping_status":"closed","template":"","meta":{"_expiration-date-status":"","_expiration-date":0,"_expiration-date-type":"","_expiration-date-categories":[],"_expiration-date-options":[]},"acf":[],"_links":{"self":[{"href":"https:\/\/www.asa-innovation.com\/es\/wp-json\/wp\/v2\/pages\/15496"}],"collection":[{"href":"https:\/\/www.asa-innovation.com\/es\/wp-json\/wp\/v2\/pages"}],"about":[{"href":"https:\/\/www.asa-innovation.com\/es\/wp-json\/wp\/v2\/types\/page"}],"author":[{"embeddable":true,"href":"https:\/\/www.asa-innovation.com\/es\/wp-json\/wp\/v2\/users\/2"}],"replies":[{"embeddable":true,"href":"https:\/\/www.asa-innovation.com\/es\/wp-json\/wp\/v2\/comments?post=15496"}],"version-history":[{"count":6,"href":"https:\/\/www.asa-innovation.com\/es\/wp-json\/wp\/v2\/pages\/15496\/revisions"}],"predecessor-version":[{"id":36781,"href":"https:\/\/www.asa-innovation.com\/es\/wp-json\/wp\/v2\/pages\/15496\/revisions\/36781"}],"up":[{"embeddable":true,"href":"https:\/\/www.asa-innovation.com\/es\/wp-json\/wp\/v2\/pages\/3207"}],"wp:attachment":[{"href":"https:\/\/www.asa-innovation.com\/es\/wp-json\/wp\/v2\/media?parent=15496"}],"curies":[{"name":"wp","href":"https:\/\/api.w.org\/{rel}","templated":true}]}}