{"id":2636,"date":"2017-01-27T10:28:30","date_gmt":"2017-01-27T09:28:30","guid":{"rendered":"http:\/\/www.asa-innovation.com\/contact\/"},"modified":"2024-02-26T10:55:23","modified_gmt":"2024-02-26T09:55:23","slug":"contact","status":"publish","type":"page","link":"https:\/\/www.asa-innovation.com\/es\/contact\/","title":{"rendered":"Contacto"},"content":{"rendered":"<p><span style=\"font-family: verdana, geneva, sans-serif;\"><strong>Comunicaci\u00f3n internacional<\/strong><\/span><\/p>\n<p><span style=\"font-family: verdana, geneva, sans-serif;\">No dude en contactarnos si necesita m\u00e1s informaci\u00f3n o no puede encontrar el producto adecuado para usted. Nuestros ingenieros est\u00e1n a su disposici\u00f3n para ayudarle con cualquier soluci\u00f3n individual y personalizada y satisfacer sus necesidades.<\/span><\/p>\n","protected":false},"excerpt":{"rendered":"<p>Comunicaci\u00f3n internacional No dude en contactarnos si necesita m\u00e1s informaci\u00f3n o no puede encontrar el producto adecuado para usted. Nuestros ingenieros est\u00e1n a su disposici\u00f3n para ayudarle con cualquier soluci\u00f3n individual y personalizada y satisfacer sus necesidades.<\/p>\n","protected":false},"author":1,"featured_media":0,"parent":0,"menu_order":0,"comment_status":"closed","ping_status":"closed","template":"","meta":{"_expiration-date-status":"","_expiration-date":0,"_expiration-date-type":"","_expiration-date-categories":[],"_expiration-date-options":[]},"acf":[],"_links":{"self":[{"href":"https:\/\/www.asa-innovation.com\/es\/wp-json\/wp\/v2\/pages\/2636"}],"collection":[{"href":"https:\/\/www.asa-innovation.com\/es\/wp-json\/wp\/v2\/pages"}],"about":[{"href":"https:\/\/www.asa-innovation.com\/es\/wp-json\/wp\/v2\/types\/page"}],"author":[{"embeddable":true,"href":"https:\/\/www.asa-innovation.com\/es\/wp-json\/wp\/v2\/users\/1"}],"replies":[{"embeddable":true,"href":"https:\/\/www.asa-innovation.com\/es\/wp-json\/wp\/v2\/comments?post=2636"}],"version-history":[{"count":10,"href":"https:\/\/www.asa-innovation.com\/es\/wp-json\/wp\/v2\/pages\/2636\/revisions"}],"predecessor-version":[{"id":16681,"href":"https:\/\/www.asa-innovation.com\/es\/wp-json\/wp\/v2\/pages\/2636\/revisions\/16681"}],"wp:attachment":[{"href":"https:\/\/www.asa-innovation.com\/es\/wp-json\/wp\/v2\/media?parent=2636"}],"curies":[{"name":"wp","href":"https:\/\/api.w.org\/{rel}","templated":true}]}}