{"id":3187,"date":"2019-01-08T09:58:26","date_gmt":"2019-01-08T08:58:26","guid":{"rendered":"http:\/\/www.asa-innovation.com\/?page_id=3187"},"modified":"2019-01-11T10:18:25","modified_gmt":"2019-01-11T09:18:25","slug":"sistemas-termicos","status":"publish","type":"page","link":"https:\/\/www.asa-innovation.com\/es\/sistemas-termicos\/","title":{"rendered":"Sistemas t\u00e9rmicos"},"content":{"rendered":"<p><span style=\"font-family: verdana, geneva, sans-serif;\">La base para fabricar productos innovadores es contar con unas instalaciones de \u00faltima tecnolog\u00eda. Nuestros hornos, procesos y herramientas se dise\u00f1an, instalan y manejan con nuestro esp\u00edritu de innovaci\u00f3n y pasi\u00f3n por la tecnolog\u00eda, con el fin de conseguir los mejores resultados y la m\u00e1s alta calidad. Nuestra tipolog\u00eda principal de producci\u00f3n de intercambiadores es tube&amp;fin, as\u00ed como tube finned.<\/span><\/p>\n<p><span style=\"font-family: verdana, geneva, sans-serif;\">El grupo de productos de sistemas t\u00e9rmicos se divide en cuatro tipos: gama est\u00e1ndar, gama especial, gama H y la nueva gama e-loop.<\/span><\/p>\n","protected":false},"excerpt":{"rendered":"<p>La base para fabricar productos innovadores es contar con unas instalaciones de \u00faltima tecnolog\u00eda. Nuestros hornos, procesos y herramientas se dise\u00f1an, instalan y manejan con nuestro esp\u00edritu de innovaci\u00f3n y pasi\u00f3n por la tecnolog\u00eda, con el fin de conseguir los mejores resultados y la m\u00e1s alta calidad. Nuestra tipolog\u00eda principal de producci\u00f3n de intercambiadores es [&hellip;]<\/p>\n","protected":false},"author":2,"featured_media":1960,"parent":0,"menu_order":0,"comment_status":"closed","ping_status":"closed","template":"","meta":{"_expiration-date-status":"saved","_expiration-date":0,"_expiration-date-type":"","_expiration-date-categories":[],"_expiration-date-options":[]},"acf":[],"_links":{"self":[{"href":"https:\/\/www.asa-innovation.com\/es\/wp-json\/wp\/v2\/pages\/3187"}],"collection":[{"href":"https:\/\/www.asa-innovation.com\/es\/wp-json\/wp\/v2\/pages"}],"about":[{"href":"https:\/\/www.asa-innovation.com\/es\/wp-json\/wp\/v2\/types\/page"}],"author":[{"embeddable":true,"href":"https:\/\/www.asa-innovation.com\/es\/wp-json\/wp\/v2\/users\/2"}],"replies":[{"embeddable":true,"href":"https:\/\/www.asa-innovation.com\/es\/wp-json\/wp\/v2\/comments?post=3187"}],"version-history":[{"count":3,"href":"https:\/\/www.asa-innovation.com\/es\/wp-json\/wp\/v2\/pages\/3187\/revisions"}],"predecessor-version":[{"id":3327,"href":"https:\/\/www.asa-innovation.com\/es\/wp-json\/wp\/v2\/pages\/3187\/revisions\/3327"}],"wp:featuredmedia":[{"embeddable":true,"href":"https:\/\/www.asa-innovation.com\/es\/wp-json\/wp\/v2\/media\/1960"}],"wp:attachment":[{"href":"https:\/\/www.asa-innovation.com\/es\/wp-json\/wp\/v2\/media?parent=3187"}],"curies":[{"name":"wp","href":"https:\/\/api.w.org\/{rel}","templated":true}]}}