{"id":3189,"date":"2019-01-08T10:12:20","date_gmt":"2019-01-08T09:12:20","guid":{"rendered":"http:\/\/www.asa-innovation.com\/?page_id=3189"},"modified":"2025-03-26T12:50:43","modified_gmt":"2025-03-26T11:50:43","slug":"gama-estandar","status":"publish","type":"page","link":"https:\/\/www.asa-innovation.com\/es\/sistemas-termicos\/intercambiadores-calor-aceite-aire\/gama-estandar\/","title":{"rendered":"Gama Est\u00e1ndar"},"content":{"rendered":"<p><span style=\"font-family: verdana, geneva, sans-serif;\">Nuestra gama est\u00e1ndar de intercambiadores aceite\/aire sigue marcando tendencia en el mercado. Ofrecemos unos cortos plazos de entrega y el programa m\u00e1s denso de intercambiadores resistentes a la presi\u00f3n con todas las caracter\u00edsticas relevantes. Nuestras opciones de bypass interno y aletas de aire resistentes a la contaminaci\u00f3n son muy reconocidas en el mercado y funcionan en todo el mundo, en diversas condiciones.<\/span><\/p>\n<p><span style=\"font-family: verdana, geneva, sans-serif;\">La versatilidad de nuestras soluciones de conexi\u00f3n patentadas es la mejor elecci\u00f3n para un intercambiador de calor, as\u00ed como para ofrecer un valor a\u00f1adido al producto final.<\/span><\/p>\n","protected":false},"excerpt":{"rendered":"<p>Nuestra gama est\u00e1ndar de intercambiadores aceite\/aire sigue marcando tendencia en el mercado. Ofrecemos unos cortos plazos de entrega y el programa m\u00e1s denso de intercambiadores resistentes a la presi\u00f3n con todas las caracter\u00edsticas relevantes. Nuestras opciones de bypass interno y aletas de aire resistentes a la contaminaci\u00f3n son muy reconocidas en el mercado y funcionan [&hellip;]<\/p>\n","protected":false},"author":2,"featured_media":0,"parent":15081,"menu_order":1,"comment_status":"closed","ping_status":"closed","template":"","meta":{"_expiration-date-status":"","_expiration-date":0,"_expiration-date-type":"","_expiration-date-categories":[],"_expiration-date-options":[]},"acf":[],"_links":{"self":[{"href":"https:\/\/www.asa-innovation.com\/es\/wp-json\/wp\/v2\/pages\/3189"}],"collection":[{"href":"https:\/\/www.asa-innovation.com\/es\/wp-json\/wp\/v2\/pages"}],"about":[{"href":"https:\/\/www.asa-innovation.com\/es\/wp-json\/wp\/v2\/types\/page"}],"author":[{"embeddable":true,"href":"https:\/\/www.asa-innovation.com\/es\/wp-json\/wp\/v2\/users\/2"}],"replies":[{"embeddable":true,"href":"https:\/\/www.asa-innovation.com\/es\/wp-json\/wp\/v2\/comments?post=3189"}],"version-history":[{"count":7,"href":"https:\/\/www.asa-innovation.com\/es\/wp-json\/wp\/v2\/pages\/3189\/revisions"}],"predecessor-version":[{"id":24501,"href":"https:\/\/www.asa-innovation.com\/es\/wp-json\/wp\/v2\/pages\/3189\/revisions\/24501"}],"up":[{"embeddable":true,"href":"https:\/\/www.asa-innovation.com\/es\/wp-json\/wp\/v2\/pages\/15081"}],"wp:attachment":[{"href":"https:\/\/www.asa-innovation.com\/es\/wp-json\/wp\/v2\/media?parent=3189"}],"curies":[{"name":"wp","href":"https:\/\/api.w.org\/{rel}","templated":true}]}}