{"id":3192,"date":"2019-01-08T11:10:29","date_gmt":"2019-01-08T10:10:29","guid":{"rendered":"http:\/\/www.asa-innovation.com\/?page_id=3192"},"modified":"2025-11-18T09:09:02","modified_gmt":"2025-11-18T08:09:02","slug":"gama-especial","status":"publish","type":"page","link":"https:\/\/www.asa-innovation.com\/es\/sistemas-termicos\/intercambiadores-calor-aceite-aire\/gama-especial\/","title":{"rendered":"Gama especial"},"content":{"rendered":"<p><span style=\"font-family: verdana, geneva, sans-serif;\">Nuestra visi\u00f3n global de negocios exige que nuestras instalaciones de producci\u00f3n cuenten con los m\u00e1s altos est\u00e1ndares. Nuestra maquinaria y nuestros procesos de producci\u00f3n son los m\u00e1s avanzados. Adem\u00e1s, continuamos aumentando siempre el nivel de automatizaci\u00f3n y calidad. Esto asegura un apoyo apropiado a la investigaci\u00f3n y el desarrollo, as\u00ed como a los proyectos personalizados.<\/span><\/p>\n<p><span style=\"font-family: verdana, geneva, sans-serif;\">En ASA, calculamos, probamos y ofrecemos soluciones completas de enfriadores t\u00e9rmicos para cualquier aplicaci\u00f3n. M\u00e1s informaci\u00f3n sobre nuestros desarrollos en ingenier\u00eda y nuestras soluciones t\u00e9cnicas a los temas tratados en esta secci\u00f3n.<\/span><\/p>\n<p><span style=\"font-size: 14pt;\"><strong><span style=\"font-family: verdana, geneva, sans-serif; color: #00a7e3;\"><a style=\"color: #00a7e3;\" href=\"http:\/\/www.asa-innovation.com\/wp-content\/uploads\/2019\/01\/ASA-Special-Ranges-2019.pdf\" target=\"_blank\" rel=\"noopener noreferrer\">Cat\u00e1logo para descargar<\/a><\/span><\/strong><\/span><\/p>\n","protected":false},"excerpt":{"rendered":"<p>Nuestra visi\u00f3n global de negocios exige que nuestras instalaciones de producci\u00f3n cuenten con los m\u00e1s altos est\u00e1ndares. Nuestra maquinaria y nuestros procesos de producci\u00f3n son los m\u00e1s avanzados. Adem\u00e1s, continuamos aumentando siempre el nivel de automatizaci\u00f3n y calidad. Esto asegura un apoyo apropiado a la investigaci\u00f3n y el desarrollo, as\u00ed como a los proyectos personalizados. [&hellip;]<\/p>\n","protected":false},"author":2,"featured_media":0,"parent":15081,"menu_order":3,"comment_status":"closed","ping_status":"closed","template":"","meta":{"_expiration-date-status":"","_expiration-date":0,"_expiration-date-type":"","_expiration-date-categories":[],"_expiration-date-options":[]},"acf":[],"_links":{"self":[{"href":"https:\/\/www.asa-innovation.com\/es\/wp-json\/wp\/v2\/pages\/3192"}],"collection":[{"href":"https:\/\/www.asa-innovation.com\/es\/wp-json\/wp\/v2\/pages"}],"about":[{"href":"https:\/\/www.asa-innovation.com\/es\/wp-json\/wp\/v2\/types\/page"}],"author":[{"embeddable":true,"href":"https:\/\/www.asa-innovation.com\/es\/wp-json\/wp\/v2\/users\/2"}],"replies":[{"embeddable":true,"href":"https:\/\/www.asa-innovation.com\/es\/wp-json\/wp\/v2\/comments?post=3192"}],"version-history":[{"count":7,"href":"https:\/\/www.asa-innovation.com\/es\/wp-json\/wp\/v2\/pages\/3192\/revisions"}],"predecessor-version":[{"id":36893,"href":"https:\/\/www.asa-innovation.com\/es\/wp-json\/wp\/v2\/pages\/3192\/revisions\/36893"}],"up":[{"embeddable":true,"href":"https:\/\/www.asa-innovation.com\/es\/wp-json\/wp\/v2\/pages\/15081"}],"wp:attachment":[{"href":"https:\/\/www.asa-innovation.com\/es\/wp-json\/wp\/v2\/media?parent=3192"}],"curies":[{"name":"wp","href":"https:\/\/api.w.org\/{rel}","templated":true}]}}