{"id":3194,"date":"2019-01-08T11:20:08","date_gmt":"2019-01-08T10:20:08","guid":{"rendered":"http:\/\/www.asa-innovation.com\/?page_id=3194"},"modified":"2023-07-25T13:17:57","modified_gmt":"2023-07-25T11:17:57","slug":"gama-cc-enfriamiento-offline","status":"publish","type":"page","link":"https:\/\/www.asa-innovation.com\/es\/sistemas-termicos\/intercambiadores-de-calor-offline\/gama-cc-enfriamiento-offline\/","title":{"rendered":"Gama CC, enfriamiento offline"},"content":{"rendered":"<p><span style=\"font-family: verdana, geneva, sans-serif;\">Los intercambiadores de calor aceite\/aire de nuestra gama CC son sistemas de enfriamiento aut\u00f3nomos con una bomba de circulaci\u00f3n integrada. Funcionan como una unidad independiente de enfriamiento o como unidad de filtraci\u00f3n-enfriamiento con un filtro adecuado. Los beneficios de estos enfriadores de recirculaci\u00f3n son un enfriamiento constante y una mayor durabilidad, debido a que en la unidad de enfriamiento no hay picos ni vibraciones de presi\u00f3n.<\/span><\/p>\n","protected":false},"excerpt":{"rendered":"<p>Los intercambiadores de calor aceite\/aire de nuestra gama CC son sistemas de enfriamiento aut\u00f3nomos con una bomba de circulaci\u00f3n integrada. Funcionan como una unidad independiente de enfriamiento o como unidad de filtraci\u00f3n-enfriamiento con un filtro adecuado. Los beneficios de estos enfriadores de recirculaci\u00f3n son un enfriamiento constante y una mayor durabilidad, debido a que en [&hellip;]<\/p>\n","protected":false},"author":2,"featured_media":0,"parent":15159,"menu_order":1,"comment_status":"closed","ping_status":"closed","template":"","meta":{"_expiration-date-status":"","_expiration-date":1690888657,"_expiration-date-type":"draft","_expiration-date-categories":[],"_expiration-date-options":[]},"acf":[],"_links":{"self":[{"href":"https:\/\/www.asa-innovation.com\/es\/wp-json\/wp\/v2\/pages\/3194"}],"collection":[{"href":"https:\/\/www.asa-innovation.com\/es\/wp-json\/wp\/v2\/pages"}],"about":[{"href":"https:\/\/www.asa-innovation.com\/es\/wp-json\/wp\/v2\/types\/page"}],"author":[{"embeddable":true,"href":"https:\/\/www.asa-innovation.com\/es\/wp-json\/wp\/v2\/users\/2"}],"replies":[{"embeddable":true,"href":"https:\/\/www.asa-innovation.com\/es\/wp-json\/wp\/v2\/comments?post=3194"}],"version-history":[{"count":9,"href":"https:\/\/www.asa-innovation.com\/es\/wp-json\/wp\/v2\/pages\/3194\/revisions"}],"predecessor-version":[{"id":15235,"href":"https:\/\/www.asa-innovation.com\/es\/wp-json\/wp\/v2\/pages\/3194\/revisions\/15235"}],"up":[{"embeddable":true,"href":"https:\/\/www.asa-innovation.com\/es\/wp-json\/wp\/v2\/pages\/15159"}],"wp:attachment":[{"href":"https:\/\/www.asa-innovation.com\/es\/wp-json\/wp\/v2\/media?parent=3194"}],"curies":[{"name":"wp","href":"https:\/\/api.w.org\/{rel}","templated":true}]}}