{"id":3196,"date":"2019-01-08T11:32:08","date_gmt":"2019-01-08T10:32:08","guid":{"rendered":"http:\/\/www.asa-innovation.com\/?page_id=3196"},"modified":"2023-07-31T12:00:17","modified_gmt":"2023-07-31T10:00:17","slug":"w-line-anticorrosion","status":"publish","type":"page","link":"https:\/\/www.asa-innovation.com\/es\/sistemas-termicos\/intercambiadores-calor-aceite-aire\/gama-especial\/w-line-anticorrosion\/","title":{"rendered":"W-Line, anticorrosi\u00f3n"},"content":{"rendered":"<p><span style=\"font-family: verdana, geneva, sans-serif;\">Nuestros enfriadores de la gama W est\u00e1n dise\u00f1ados para una larga duraci\u00f3n en ambientes agresivos como en su uso <em>offshore<\/em>, aplicaciones marinas o costeras. M\u00e1s de 40 a\u00f1os fabricando equipos de refrigeraci\u00f3n nos han convertido en l\u00edderes mundiales en tecnolog\u00edas avanzadas para el sector. Esto le asegura precios competitivos, un desempe\u00f1o y fiabilidad consistente de nuestros productos.<\/span><\/p>\n<p><span style=\"font-family: verdana, geneva, sans-serif;\">La resistencia a la corrosi\u00f3n de esta gama est\u00e1 verificada con \u00e9xito mediante pruebas de niebla salina de conformidad con la norma DIN EN ISO 9227. Esto es equiparable al resumen C5-M de la ISO 12944. Permitimos cierto grado de Ri3 de acuerdo con la norma ISO 4312.<\/span><\/p>\n","protected":false},"excerpt":{"rendered":"<p>Nuestros enfriadores de la gama W est\u00e1n dise\u00f1ados para una larga duraci\u00f3n en ambientes agresivos como en su uso offshore, aplicaciones marinas o costeras. M\u00e1s de 40 a\u00f1os fabricando equipos de refrigeraci\u00f3n nos han convertido en l\u00edderes mundiales en tecnolog\u00edas avanzadas para el sector. Esto le asegura precios competitivos, un desempe\u00f1o y fiabilidad consistente de [&hellip;]<\/p>\n","protected":false},"author":2,"featured_media":0,"parent":3192,"menu_order":2,"comment_status":"closed","ping_status":"closed","template":"","meta":{"_expiration-date-status":"","_expiration-date":1691402396,"_expiration-date-type":"draft","_expiration-date-categories":[],"_expiration-date-options":[]},"acf":[],"_links":{"self":[{"href":"https:\/\/www.asa-innovation.com\/es\/wp-json\/wp\/v2\/pages\/3196"}],"collection":[{"href":"https:\/\/www.asa-innovation.com\/es\/wp-json\/wp\/v2\/pages"}],"about":[{"href":"https:\/\/www.asa-innovation.com\/es\/wp-json\/wp\/v2\/types\/page"}],"author":[{"embeddable":true,"href":"https:\/\/www.asa-innovation.com\/es\/wp-json\/wp\/v2\/users\/2"}],"replies":[{"embeddable":true,"href":"https:\/\/www.asa-innovation.com\/es\/wp-json\/wp\/v2\/comments?post=3196"}],"version-history":[{"count":5,"href":"https:\/\/www.asa-innovation.com\/es\/wp-json\/wp\/v2\/pages\/3196\/revisions"}],"predecessor-version":[{"id":15315,"href":"https:\/\/www.asa-innovation.com\/es\/wp-json\/wp\/v2\/pages\/3196\/revisions\/15315"}],"up":[{"embeddable":true,"href":"https:\/\/www.asa-innovation.com\/es\/wp-json\/wp\/v2\/pages\/3192"}],"wp:attachment":[{"href":"https:\/\/www.asa-innovation.com\/es\/wp-json\/wp\/v2\/media?parent=3196"}],"curies":[{"name":"wp","href":"https:\/\/api.w.org\/{rel}","templated":true}]}}