{"id":3199,"date":"2019-01-08T11:38:32","date_gmt":"2019-01-08T10:38:32","guid":{"rendered":"http:\/\/www.asa-innovation.com\/?page_id=3199"},"modified":"2019-01-09T09:09:34","modified_gmt":"2019-01-09T08:09:34","slug":"gama-atex-a-prueba-de-explosiones","status":"publish","type":"page","link":"https:\/\/www.asa-innovation.com\/es\/sistemas-termicos\/intercambiadores-calor-aceite-aire\/gama-especial\/gama-atex-a-prueba-de-explosiones\/","title":{"rendered":"Gama ATEX, a prueba de explosiones"},"content":{"rendered":"<p><span style=\"font-family: verdana, geneva, sans-serif;\">Los intercambiadores de calor aire\/aceite asa est\u00e1n disponibles para zonas ATEX 1, 2 y 22, lo que corresponde a las categor\u00edas 2G y 3. Descargue el folleto y encuentre m\u00e1s informaci\u00f3n sobre los posibles usos ATEX de la mencionada tabla.<\/span><\/p>\n<p><span style=\"font-family: verdana, geneva, sans-serif;\">Los modelos de intercambiadores de calor que se muestran est\u00e1n disponibles con motor AC de corriente alterna, as\u00ed como con motor hidr\u00e1ulico para el accionamiento del ventilador. Nuestros intercambiadores de calor ATEX est\u00e1n equipados bien con nuestros conectores universales asa o con el sistema de RAIL asa para conexiones hidr\u00e1ulicas.<\/span><\/p>\n","protected":false},"excerpt":{"rendered":"<p>Los intercambiadores de calor aire\/aceite asa est\u00e1n disponibles para zonas ATEX 1, 2 y 22, lo que corresponde a las categor\u00edas 2G y 3. Descargue el folleto y encuentre m\u00e1s informaci\u00f3n sobre los posibles usos ATEX de la mencionada tabla. Los modelos de intercambiadores de calor que se muestran est\u00e1n disponibles con motor AC de [&hellip;]<\/p>\n","protected":false},"author":2,"featured_media":0,"parent":3192,"menu_order":1,"comment_status":"closed","ping_status":"closed","template":"","meta":{"_expiration-date-status":"saved","_expiration-date":0,"_expiration-date-type":"","_expiration-date-categories":[],"_expiration-date-options":[]},"acf":[],"_links":{"self":[{"href":"https:\/\/www.asa-innovation.com\/es\/wp-json\/wp\/v2\/pages\/3199"}],"collection":[{"href":"https:\/\/www.asa-innovation.com\/es\/wp-json\/wp\/v2\/pages"}],"about":[{"href":"https:\/\/www.asa-innovation.com\/es\/wp-json\/wp\/v2\/types\/page"}],"author":[{"embeddable":true,"href":"https:\/\/www.asa-innovation.com\/es\/wp-json\/wp\/v2\/users\/2"}],"replies":[{"embeddable":true,"href":"https:\/\/www.asa-innovation.com\/es\/wp-json\/wp\/v2\/comments?post=3199"}],"version-history":[{"count":2,"href":"https:\/\/www.asa-innovation.com\/es\/wp-json\/wp\/v2\/pages\/3199\/revisions"}],"predecessor-version":[{"id":3262,"href":"https:\/\/www.asa-innovation.com\/es\/wp-json\/wp\/v2\/pages\/3199\/revisions\/3262"}],"up":[{"embeddable":true,"href":"https:\/\/www.asa-innovation.com\/es\/wp-json\/wp\/v2\/pages\/3192"}],"wp:attachment":[{"href":"https:\/\/www.asa-innovation.com\/es\/wp-json\/wp\/v2\/media?parent=3199"}],"curies":[{"name":"wp","href":"https:\/\/api.w.org\/{rel}","templated":true}]}}