{"id":3201,"date":"2019-01-08T11:43:21","date_gmt":"2019-01-08T10:43:21","guid":{"rendered":"http:\/\/www.asa-innovation.com\/?page_id=3201"},"modified":"2023-07-21T08:08:07","modified_gmt":"2023-07-21T06:08:07","slug":"gama-mc-enfriamiento-del-motor","status":"publish","type":"page","link":"https:\/\/www.asa-innovation.com\/es\/sistemas-termicos\/intercambiadores-de-calor-aceite-agua-aire\/gama-mc-enfriamiento-del-motor\/","title":{"rendered":"Gama MC, enfriamiento del motor"},"content":{"rendered":"<p><span style=\"font-family: verdana, geneva, sans-serif;\">Adem\u00e1s de los par\u00e1metros de uso reales del accionamiento del ventilador, de las condiciones ambientales y del alcance de la entrega, ofrecemos soluciones de intercambiadores de calor personalizadas para muchos tipos de fluidos. Comun\u00edquenos sus necesidades espec\u00edficas y benef\u00edciese de nuestra consulta y verificaci\u00f3n m\u00e1s realista.\u00a0<\/span><\/p>\n","protected":false},"excerpt":{"rendered":"<p>Adem\u00e1s de los par\u00e1metros de uso reales del accionamiento del ventilador, de las condiciones ambientales y del alcance de la entrega, ofrecemos soluciones de intercambiadores de calor personalizadas para muchos tipos de fluidos. Comun\u00edquenos sus necesidades espec\u00edficas y benef\u00edciese de nuestra consulta y verificaci\u00f3n m\u00e1s realista.\u00a0<\/p>\n","protected":false},"author":2,"featured_media":0,"parent":15168,"menu_order":4,"comment_status":"closed","ping_status":"closed","template":"","meta":{"_expiration-date-status":"","_expiration-date":0,"_expiration-date-type":"","_expiration-date-categories":[],"_expiration-date-options":[]},"acf":[],"_links":{"self":[{"href":"https:\/\/www.asa-innovation.com\/es\/wp-json\/wp\/v2\/pages\/3201"}],"collection":[{"href":"https:\/\/www.asa-innovation.com\/es\/wp-json\/wp\/v2\/pages"}],"about":[{"href":"https:\/\/www.asa-innovation.com\/es\/wp-json\/wp\/v2\/types\/page"}],"author":[{"embeddable":true,"href":"https:\/\/www.asa-innovation.com\/es\/wp-json\/wp\/v2\/users\/2"}],"replies":[{"embeddable":true,"href":"https:\/\/www.asa-innovation.com\/es\/wp-json\/wp\/v2\/comments?post=3201"}],"version-history":[{"count":3,"href":"https:\/\/www.asa-innovation.com\/es\/wp-json\/wp\/v2\/pages\/3201\/revisions"}],"predecessor-version":[{"id":15172,"href":"https:\/\/www.asa-innovation.com\/es\/wp-json\/wp\/v2\/pages\/3201\/revisions\/15172"}],"up":[{"embeddable":true,"href":"https:\/\/www.asa-innovation.com\/es\/wp-json\/wp\/v2\/pages\/15168"}],"wp:attachment":[{"href":"https:\/\/www.asa-innovation.com\/es\/wp-json\/wp\/v2\/media?parent=3201"}],"curies":[{"name":"wp","href":"https:\/\/api.w.org\/{rel}","templated":true}]}}