{"id":3203,"date":"2019-01-08T11:47:53","date_gmt":"2019-01-08T10:47:53","guid":{"rendered":"http:\/\/www.asa-innovation.com\/?page_id=3203"},"modified":"2019-01-09T09:11:32","modified_gmt":"2019-01-09T08:11:32","slug":"gama-as-enfriador-box-ac","status":"publish","type":"page","link":"https:\/\/www.asa-innovation.com\/es\/sistemas-termicos\/intercambiadores-calor-aceite-aire\/gama-especial\/gama-as-enfriador-box-ac\/","title":{"rendered":"Gama AS, enfriador box AC"},"content":{"rendered":"<p><span style=\"font-family: verdana, geneva, sans-serif;\">La gama AS es una estaci\u00f3n de enfriamiento multifunci\u00f3n. La temperatura ajustable, el flujo de aire de alto rendimiento y su dise\u00f1o cube son beneficiosos para cualquier aplicaci\u00f3n industrial. El motor-ventilador AC compacto est\u00e1 dise\u00f1ado dando la mayor prioridad al flujo de aire, habiendo sido verificado en el laboratorio de evaluaci\u00f3n asa.<\/span><\/p>\n","protected":false},"excerpt":{"rendered":"<p>La gama AS es una estaci\u00f3n de enfriamiento multifunci\u00f3n. La temperatura ajustable, el flujo de aire de alto rendimiento y su dise\u00f1o cube son beneficiosos para cualquier aplicaci\u00f3n industrial. El motor-ventilador AC compacto est\u00e1 dise\u00f1ado dando la mayor prioridad al flujo de aire, habiendo sido verificado en el laboratorio de evaluaci\u00f3n asa.<\/p>\n","protected":false},"author":2,"featured_media":0,"parent":3192,"menu_order":5,"comment_status":"closed","ping_status":"closed","template":"","meta":{"_expiration-date-status":"saved","_expiration-date":0,"_expiration-date-type":"","_expiration-date-categories":[],"_expiration-date-options":[]},"acf":[],"_links":{"self":[{"href":"https:\/\/www.asa-innovation.com\/es\/wp-json\/wp\/v2\/pages\/3203"}],"collection":[{"href":"https:\/\/www.asa-innovation.com\/es\/wp-json\/wp\/v2\/pages"}],"about":[{"href":"https:\/\/www.asa-innovation.com\/es\/wp-json\/wp\/v2\/types\/page"}],"author":[{"embeddable":true,"href":"https:\/\/www.asa-innovation.com\/es\/wp-json\/wp\/v2\/users\/2"}],"replies":[{"embeddable":true,"href":"https:\/\/www.asa-innovation.com\/es\/wp-json\/wp\/v2\/comments?post=3203"}],"version-history":[{"count":2,"href":"https:\/\/www.asa-innovation.com\/es\/wp-json\/wp\/v2\/pages\/3203\/revisions"}],"predecessor-version":[{"id":3266,"href":"https:\/\/www.asa-innovation.com\/es\/wp-json\/wp\/v2\/pages\/3203\/revisions\/3266"}],"up":[{"embeddable":true,"href":"https:\/\/www.asa-innovation.com\/es\/wp-json\/wp\/v2\/pages\/3192"}],"wp:attachment":[{"href":"https:\/\/www.asa-innovation.com\/es\/wp-json\/wp\/v2\/media?parent=3203"}],"curies":[{"name":"wp","href":"https:\/\/api.w.org\/{rel}","templated":true}]}}