{"id":3205,"date":"2019-01-08T11:50:53","date_gmt":"2019-01-08T10:50:53","guid":{"rendered":"http:\/\/www.asa-innovation.com\/?page_id=3205"},"modified":"2026-01-15T11:53:28","modified_gmt":"2026-01-15T10:53:28","slug":"gama-e-termocambiadores-de-placas","status":"publish","type":"page","link":"https:\/\/www.asa-innovation.com\/es\/sistemas-termicos\/intercambiadores-de-calor-aceite-agua\/gama-e-termocambiadores-de-placas\/","title":{"rendered":"Gama B, termocambiadores de placas"},"content":{"rendered":"<p><span style=\"font-family: verdana, geneva, sans-serif;\">El termocambiador de placas B asa est\u00e1 dise\u00f1ado para la m\u00e1xima transferencia de calor utilizando placas perfiladas de acero inoxidable a prueba de \u00e1cidos. Las placas forman canales a trav\u00e9s de los cuales pasan el aceite y el agua (alternando canales). En la parte superior e inferior se encuentran las placas de cubierta. Las placas de enfriamiento est\u00e1n conjuntamente soldadas en todos los puntos de contacto externos e internos. El intercambiador de calor se puede instalar en circuitos de bombas de carga, as\u00ed como en l\u00edneas de retorno con altas variaciones de presi\u00f3n.<\/span><\/p>\n","protected":false},"excerpt":{"rendered":"<p>El termocambiador de placas B asa est\u00e1 dise\u00f1ado para la m\u00e1xima transferencia de calor utilizando placas perfiladas de acero inoxidable a prueba de \u00e1cidos. Las placas forman canales a trav\u00e9s de los cuales pasan el aceite y el agua (alternando canales). En la parte superior e inferior se encuentran las placas de cubierta. Las placas [&hellip;]<\/p>\n","protected":false},"author":2,"featured_media":0,"parent":15088,"menu_order":2,"comment_status":"closed","ping_status":"closed","template":"","meta":{"_expiration-date-status":"","_expiration-date":1769078906,"_expiration-date-type":"draft","_expiration-date-categories":[],"_expiration-date-options":[]},"acf":[],"_links":{"self":[{"href":"https:\/\/www.asa-innovation.com\/es\/wp-json\/wp\/v2\/pages\/3205"}],"collection":[{"href":"https:\/\/www.asa-innovation.com\/es\/wp-json\/wp\/v2\/pages"}],"about":[{"href":"https:\/\/www.asa-innovation.com\/es\/wp-json\/wp\/v2\/types\/page"}],"author":[{"embeddable":true,"href":"https:\/\/www.asa-innovation.com\/es\/wp-json\/wp\/v2\/users\/2"}],"replies":[{"embeddable":true,"href":"https:\/\/www.asa-innovation.com\/es\/wp-json\/wp\/v2\/comments?post=3205"}],"version-history":[{"count":10,"href":"https:\/\/www.asa-innovation.com\/es\/wp-json\/wp\/v2\/pages\/3205\/revisions"}],"predecessor-version":[{"id":37039,"href":"https:\/\/www.asa-innovation.com\/es\/wp-json\/wp\/v2\/pages\/3205\/revisions\/37039"}],"up":[{"embeddable":true,"href":"https:\/\/www.asa-innovation.com\/es\/wp-json\/wp\/v2\/pages\/15088"}],"wp:attachment":[{"href":"https:\/\/www.asa-innovation.com\/es\/wp-json\/wp\/v2\/media?parent=3205"}],"curies":[{"name":"wp","href":"https:\/\/api.w.org\/{rel}","templated":true}]}}