{"id":3207,"date":"2019-01-08T12:55:41","date_gmt":"2019-01-08T11:55:41","guid":{"rendered":"http:\/\/www.asa-innovation.com\/?page_id=3207"},"modified":"2025-10-30T12:57:09","modified_gmt":"2025-10-30T11:57:09","slug":"gama-h","status":"publish","type":"page","link":"https:\/\/www.asa-innovation.com\/es\/sistemas-termicos\/intercambiadores-calor-aceite-aire\/gama-h\/","title":{"rendered":"Gama H"},"content":{"rendered":"<p><span style=\"font-family: verdana, geneva, sans-serif;\">\u00a1Descubra nuestros est\u00e1ndares personalizados! La gama H sigue nuestra filosof\u00eda PWC (Plug in. Work. Control.) Y combina los conocidos sistemas flexibles y las soluciones en ingenier\u00eda de asa para obtener una reducci\u00f3n de costes y espacio. Esto se consigue mediante la simplificaci\u00f3n de los componentes y la integraci\u00f3n de funciones variables, para cualquier aplicaci\u00f3n. PWC es una plataforma de integraci\u00f3n de sistemas, que define las funciones necesarias para trabajar a trav\u00e9s de una estaci\u00f3n de acoplamiento con varios conjuntos opcionales, para uso m\u00f3vil o industrial.<\/span><\/p>\n<p><span style=\"font-family: verdana, geneva, sans-serif; color: #00a7e3; font-size: 14pt;\"><a style=\"color: #00a7e3;\" href=\"http:\/\/www.asa-innovation.com\/wp-content\/uploads\/2019\/01\/ASA-H-Ranges.pdf\" target=\"_blank\" rel=\"noopener noreferrer\">Cat\u00e1logo para descargar<\/a><\/span><\/p>\n","protected":false},"excerpt":{"rendered":"<p>\u00a1Descubra nuestros est\u00e1ndares personalizados! La gama H sigue nuestra filosof\u00eda PWC (Plug in. Work. Control.) Y combina los conocidos sistemas flexibles y las soluciones en ingenier\u00eda de asa para obtener una reducci\u00f3n de costes y espacio. Esto se consigue mediante la simplificaci\u00f3n de los componentes y la integraci\u00f3n de funciones variables, para cualquier aplicaci\u00f3n. PWC [&hellip;]<\/p>\n","protected":false},"author":2,"featured_media":0,"parent":15081,"menu_order":2,"comment_status":"closed","ping_status":"closed","template":"","meta":{"_expiration-date-status":"","_expiration-date":0,"_expiration-date-type":"","_expiration-date-categories":[],"_expiration-date-options":[]},"acf":[],"_links":{"self":[{"href":"https:\/\/www.asa-innovation.com\/es\/wp-json\/wp\/v2\/pages\/3207"}],"collection":[{"href":"https:\/\/www.asa-innovation.com\/es\/wp-json\/wp\/v2\/pages"}],"about":[{"href":"https:\/\/www.asa-innovation.com\/es\/wp-json\/wp\/v2\/types\/page"}],"author":[{"embeddable":true,"href":"https:\/\/www.asa-innovation.com\/es\/wp-json\/wp\/v2\/users\/2"}],"replies":[{"embeddable":true,"href":"https:\/\/www.asa-innovation.com\/es\/wp-json\/wp\/v2\/comments?post=3207"}],"version-history":[{"count":11,"href":"https:\/\/www.asa-innovation.com\/es\/wp-json\/wp\/v2\/pages\/3207\/revisions"}],"predecessor-version":[{"id":36774,"href":"https:\/\/www.asa-innovation.com\/es\/wp-json\/wp\/v2\/pages\/3207\/revisions\/36774"}],"up":[{"embeddable":true,"href":"https:\/\/www.asa-innovation.com\/es\/wp-json\/wp\/v2\/pages\/15081"}],"wp:attachment":[{"href":"https:\/\/www.asa-innovation.com\/es\/wp-json\/wp\/v2\/media?parent=3207"}],"curies":[{"name":"wp","href":"https:\/\/api.w.org\/{rel}","templated":true}]}}