{"id":3210,"date":"2019-01-08T13:01:28","date_gmt":"2019-01-08T12:01:28","guid":{"rendered":"http:\/\/www.asa-innovation.com\/?page_id=3210"},"modified":"2025-11-04T11:13:14","modified_gmt":"2025-11-04T10:13:14","slug":"h-cube-modulo-tanquefiltroenfriador","status":"publish","type":"page","link":"https:\/\/www.asa-innovation.com\/es\/sistemas-termicos\/intercambiadores-calor-aceite-aire\/gama-h\/h-cube-modulo-tanquefiltroenfriador\/","title":{"rendered":"H-Cube, m\u00f3dulo tanque\/filtro\/enfriador"},"content":{"rendered":"<p><span style=\"font-family: verdana, geneva, sans-serif;\">El H-cube es un sistema modular que ofrece tres tama\u00f1os de dep\u00f3sito con cuatro tama\u00f1os de intercambiadores aire\/aceite, varios tipos de motor-ventilador y un filtro de l\u00ednea de aspiraci\u00f3n o de retorno. Con unas dimensiones compactas y la flexibilidad de la potencia refrigerante y vol\u00famenes del tanque de aceite, este sistema se puede instalar f\u00e1cilmente en diferentes aplicaciones hidr\u00e1ulicas. \u00a1Elija los m\u00f3dulos y accesorios que mejor adapten el producto a su aplicaci\u00f3n!<\/span><\/p>\n","protected":false},"excerpt":{"rendered":"<p>El H-cube es un sistema modular que ofrece tres tama\u00f1os de dep\u00f3sito con cuatro tama\u00f1os de intercambiadores aire\/aceite, varios tipos de motor-ventilador y un filtro de l\u00ednea de aspiraci\u00f3n o de retorno. Con unas dimensiones compactas y la flexibilidad de la potencia refrigerante y vol\u00famenes del tanque de aceite, este sistema se puede instalar f\u00e1cilmente [&hellip;]<\/p>\n","protected":false},"author":2,"featured_media":0,"parent":3207,"menu_order":1,"comment_status":"closed","ping_status":"closed","template":"","meta":{"_expiration-date-status":"","_expiration-date":1762855976,"_expiration-date-type":"draft","_expiration-date-categories":[],"_expiration-date-options":[]},"acf":[],"_links":{"self":[{"href":"https:\/\/www.asa-innovation.com\/es\/wp-json\/wp\/v2\/pages\/3210"}],"collection":[{"href":"https:\/\/www.asa-innovation.com\/es\/wp-json\/wp\/v2\/pages"}],"about":[{"href":"https:\/\/www.asa-innovation.com\/es\/wp-json\/wp\/v2\/types\/page"}],"author":[{"embeddable":true,"href":"https:\/\/www.asa-innovation.com\/es\/wp-json\/wp\/v2\/users\/2"}],"replies":[{"embeddable":true,"href":"https:\/\/www.asa-innovation.com\/es\/wp-json\/wp\/v2\/comments?post=3210"}],"version-history":[{"count":9,"href":"https:\/\/www.asa-innovation.com\/es\/wp-json\/wp\/v2\/pages\/3210\/revisions"}],"predecessor-version":[{"id":36841,"href":"https:\/\/www.asa-innovation.com\/es\/wp-json\/wp\/v2\/pages\/3210\/revisions\/36841"}],"up":[{"embeddable":true,"href":"https:\/\/www.asa-innovation.com\/es\/wp-json\/wp\/v2\/pages\/3207"}],"wp:attachment":[{"href":"https:\/\/www.asa-innovation.com\/es\/wp-json\/wp\/v2\/media?parent=3210"}],"curies":[{"name":"wp","href":"https:\/\/api.w.org\/{rel}","templated":true}]}}