{"id":3213,"date":"2019-01-08T13:36:11","date_gmt":"2019-01-08T12:36:11","guid":{"rendered":"http:\/\/www.asa-innovation.com\/?page_id=3213"},"modified":"2019-01-09T09:08:37","modified_gmt":"2019-01-09T08:08:37","slug":"h-protect-carcasa-de-proteccion","status":"publish","type":"page","link":"https:\/\/www.asa-innovation.com\/es\/sistemas-termicos\/intercambiadores-calor-aceite-aire\/gama-especial\/h-protect-carcasa-de-proteccion\/","title":{"rendered":"H-Protect, carcasa de protecci\u00f3n"},"content":{"rendered":"<p><span style=\"font-family: verdana, geneva, sans-serif;\">La gama H-Protect (anteriormente gama GT) es un paquete de enfriamiento montado, que incluye enfriador, carcasa de protecci\u00f3n, conectores de rail montados y el control de temperatura electr\u00f3nico con su cable de conexi\u00f3n cableado. Los tama\u00f1os de enfriadores est\u00e1ndar TT 07, 11 y 16 est\u00e1n disponibles en esta configuraci\u00f3n.<\/span><\/p>\n","protected":false},"excerpt":{"rendered":"<p>La gama H-Protect (anteriormente gama GT) es un paquete de enfriamiento montado, que incluye enfriador, carcasa de protecci\u00f3n, conectores de rail montados y el control de temperatura electr\u00f3nico con su cable de conexi\u00f3n cableado. Los tama\u00f1os de enfriadores est\u00e1ndar TT 07, 11 y 16 est\u00e1n disponibles en esta configuraci\u00f3n.<\/p>\n","protected":false},"author":2,"featured_media":0,"parent":3192,"menu_order":4,"comment_status":"closed","ping_status":"closed","template":"","meta":{"_expiration-date-status":"saved","_expiration-date":0,"_expiration-date-type":"","_expiration-date-categories":[],"_expiration-date-options":[]},"acf":[],"_links":{"self":[{"href":"https:\/\/www.asa-innovation.com\/es\/wp-json\/wp\/v2\/pages\/3213"}],"collection":[{"href":"https:\/\/www.asa-innovation.com\/es\/wp-json\/wp\/v2\/pages"}],"about":[{"href":"https:\/\/www.asa-innovation.com\/es\/wp-json\/wp\/v2\/types\/page"}],"author":[{"embeddable":true,"href":"https:\/\/www.asa-innovation.com\/es\/wp-json\/wp\/v2\/users\/2"}],"replies":[{"embeddable":true,"href":"https:\/\/www.asa-innovation.com\/es\/wp-json\/wp\/v2\/comments?post=3213"}],"version-history":[{"count":2,"href":"https:\/\/www.asa-innovation.com\/es\/wp-json\/wp\/v2\/pages\/3213\/revisions"}],"predecessor-version":[{"id":3259,"href":"https:\/\/www.asa-innovation.com\/es\/wp-json\/wp\/v2\/pages\/3213\/revisions\/3259"}],"up":[{"embeddable":true,"href":"https:\/\/www.asa-innovation.com\/es\/wp-json\/wp\/v2\/pages\/3192"}],"wp:attachment":[{"href":"https:\/\/www.asa-innovation.com\/es\/wp-json\/wp\/v2\/media?parent=3213"}],"curies":[{"name":"wp","href":"https:\/\/api.w.org\/{rel}","templated":true}]}}