{"id":3215,"date":"2019-01-08T13:44:30","date_gmt":"2019-01-08T12:44:30","guid":{"rendered":"http:\/\/www.asa-innovation.com\/?page_id=3215"},"modified":"2023-05-02T12:54:02","modified_gmt":"2023-05-02T10:54:02","slug":"h-set-integracion-de-filtros","status":"publish","type":"page","link":"https:\/\/www.asa-innovation.com\/es\/sistemas-termicos\/intercambiadores-calor-aceite-aire\/gama-h\/h-set-integracion-de-filtros\/","title":{"rendered":"H-Set, integraci\u00f3n de filtros"},"content":{"rendered":"<p><span style=\"font-family: verdana, geneva, sans-serif;\">El H-Set es un accesorio opcional para a\u00f1adir otra funci\u00f3n al sistema de RAIL asa. El H-Set actualmente ofrece 2 tama\u00f1os de kits para montar un filtro giratorio en la aplicaci\u00f3n de enfriamiento. Esta es una soluci\u00f3n compacta y muy eficiente en cuanto al coste. Este sistema tambi\u00e9n se puede combinar con otros filtros o las configuraciones mostradas. Contacte con nosotros para m\u00e1s opciones o si necesita ayuda para encontrar el producto que m\u00e1s se ajuste a usted.<\/span><\/p>\n","protected":false},"excerpt":{"rendered":"<p>El H-Set es un accesorio opcional para a\u00f1adir otra funci\u00f3n al sistema de RAIL asa. El H-Set actualmente ofrece 2 tama\u00f1os de kits para montar un filtro giratorio en la aplicaci\u00f3n de enfriamiento. Esta es una soluci\u00f3n compacta y muy eficiente en cuanto al coste. Este sistema tambi\u00e9n se puede combinar con otros filtros o [&hellip;]<\/p>\n","protected":false},"author":2,"featured_media":0,"parent":3207,"menu_order":4,"comment_status":"closed","ping_status":"closed","template":"","meta":{"_expiration-date-status":"","_expiration-date":1683629626,"_expiration-date-type":"draft","_expiration-date-categories":[],"_expiration-date-options":[]},"acf":[],"_links":{"self":[{"href":"https:\/\/www.asa-innovation.com\/es\/wp-json\/wp\/v2\/pages\/3215"}],"collection":[{"href":"https:\/\/www.asa-innovation.com\/es\/wp-json\/wp\/v2\/pages"}],"about":[{"href":"https:\/\/www.asa-innovation.com\/es\/wp-json\/wp\/v2\/types\/page"}],"author":[{"embeddable":true,"href":"https:\/\/www.asa-innovation.com\/es\/wp-json\/wp\/v2\/users\/2"}],"replies":[{"embeddable":true,"href":"https:\/\/www.asa-innovation.com\/es\/wp-json\/wp\/v2\/comments?post=3215"}],"version-history":[{"count":6,"href":"https:\/\/www.asa-innovation.com\/es\/wp-json\/wp\/v2\/pages\/3215\/revisions"}],"predecessor-version":[{"id":14634,"href":"https:\/\/www.asa-innovation.com\/es\/wp-json\/wp\/v2\/pages\/3215\/revisions\/14634"}],"up":[{"embeddable":true,"href":"https:\/\/www.asa-innovation.com\/es\/wp-json\/wp\/v2\/pages\/3207"}],"wp:attachment":[{"href":"https:\/\/www.asa-innovation.com\/es\/wp-json\/wp\/v2\/media?parent=3215"}],"curies":[{"name":"wp","href":"https:\/\/api.w.org\/{rel}","templated":true}]}}