{"id":3219,"date":"2019-01-08T13:54:24","date_gmt":"2019-01-08T12:54:24","guid":{"rendered":"http:\/\/www.asa-innovation.com\/?page_id=3219"},"modified":"2024-11-20T07:46:54","modified_gmt":"2024-11-20T06:46:54","slug":"gama-e-loop","status":"publish","type":"page","link":"https:\/\/www.asa-innovation.com\/es\/sistemas-termicos\/gama-e-loop\/","title":{"rendered":"Intercambiadores de calor Eco-Plus"},"content":{"rendered":"<p>Los productos E-loop sirven al creciente mercado de la electrificaci\u00f3n. Ofrecemos soluciones completas de refrigeraci\u00f3n para veh\u00edculos el\u00e9ctricos, automatizaci\u00f3n industrial y tecnolog\u00eda de procesos. Nuestros productos est\u00e1n optimizados para bombear y refrigerar circuitos para paquetes de bater\u00edas, motores el\u00e9ctricos, inversores y convertidores para mantener el rango de temperatura eficiente de estos componentes. Elaboramos soluciones con las mejores pr\u00e1cticas para agua\/glicol, as\u00ed como para el aceite de los transformadores. Consulte asa-innovation.com para obtener m\u00e1s informaci\u00f3n.<\/p>\n<p><img decoding=\"async\" loading=\"lazy\" class=\"alignnone wp-image-9428\" src=\"http:\/\/www.asa-innovation.com\/wp-content\/uploads\/2020\/02\/Download-150x150.jpg\" alt=\"\" width=\"71\" height=\"71\" \/><a href=\"http:\/\/www.asa-innovation.com\/wp-content\/uploads\/2020\/10\/DP-asa-products-for-electric-vehicles-e-loop-range-en-rev3.pdf\" target=\"_blank\" rel=\"noopener noreferrer\">Presentaci\u00f3n general de nuestros productos y aplicaciones<\/a><\/p>\n","protected":false},"excerpt":{"rendered":"<p>Los productos E-loop sirven al creciente mercado de la electrificaci\u00f3n. Ofrecemos soluciones completas de refrigeraci\u00f3n para veh\u00edculos el\u00e9ctricos, automatizaci\u00f3n industrial y tecnolog\u00eda de procesos. Nuestros productos est\u00e1n optimizados para bombear y refrigerar circuitos para paquetes de bater\u00edas, motores el\u00e9ctricos, inversores y convertidores para mantener el rango de temperatura eficiente de estos componentes. Elaboramos soluciones con [&hellip;]<\/p>\n","protected":false},"author":2,"featured_media":0,"parent":3187,"menu_order":5,"comment_status":"closed","ping_status":"closed","template":"","meta":{"_expiration-date-status":"","_expiration-date":1732689999,"_expiration-date-type":"draft","_expiration-date-categories":[],"_expiration-date-options":[]},"acf":[],"_links":{"self":[{"href":"https:\/\/www.asa-innovation.com\/es\/wp-json\/wp\/v2\/pages\/3219"}],"collection":[{"href":"https:\/\/www.asa-innovation.com\/es\/wp-json\/wp\/v2\/pages"}],"about":[{"href":"https:\/\/www.asa-innovation.com\/es\/wp-json\/wp\/v2\/types\/page"}],"author":[{"embeddable":true,"href":"https:\/\/www.asa-innovation.com\/es\/wp-json\/wp\/v2\/users\/2"}],"replies":[{"embeddable":true,"href":"https:\/\/www.asa-innovation.com\/es\/wp-json\/wp\/v2\/comments?post=3219"}],"version-history":[{"count":15,"href":"https:\/\/www.asa-innovation.com\/es\/wp-json\/wp\/v2\/pages\/3219\/revisions"}],"predecessor-version":[{"id":19485,"href":"https:\/\/www.asa-innovation.com\/es\/wp-json\/wp\/v2\/pages\/3219\/revisions\/19485"}],"up":[{"embeddable":true,"href":"https:\/\/www.asa-innovation.com\/es\/wp-json\/wp\/v2\/pages\/3187"}],"wp:attachment":[{"href":"https:\/\/www.asa-innovation.com\/es\/wp-json\/wp\/v2\/media?parent=3219"}],"curies":[{"name":"wp","href":"https:\/\/api.w.org\/{rel}","templated":true}]}}