{"id":3241,"date":"2019-01-08T14:27:50","date_gmt":"2019-01-08T13:27:50","guid":{"rendered":"http:\/\/www.asa-innovation.com\/?page_id=3241"},"modified":"2023-07-21T10:31:12","modified_gmt":"2023-07-21T08:31:12","slug":"tecnologia-de-conexion","status":"publish","type":"page","link":"https:\/\/www.asa-innovation.com\/es\/tecnologia-de-conexion\/","title":{"rendered":"Tecnolog\u00eda de conexi\u00f3n"},"content":{"rendered":"<p><span style=\"font-family: verdana, geneva, sans-serif;\">Como grupo tecnol\u00f3gico global con diferentes categor\u00edas t\u00e9cnicas, contamos con una gran demanda de soluciones t\u00e9cnicas y productos en el mercado. Si somos conscientes de que el cliente utiliza una soluci\u00f3n promedio o de que ni siquiera utiliza un producto apropiado, \u00a1empezamos a desarrollarlo por nuestra cuenta! El grupo de productos de tecnolog\u00eda de conexi\u00f3n es, por lo tanto, un conjunto de problemas resueltos y por tanto, completa la falta de tecnolog\u00eda en diferentes mercados y aplicaciones. \u00a1Eche un vistazo a nuestros sistemas y soluciones y cont\u00e1ctenos en caso de posibles nuevos proyectos!<\/span><\/p>\n<p><span style=\"font-family: verdana, geneva, sans-serif; color: #00a7e3;\"><a style=\"color: #00a7e3;\" href=\"http:\/\/www.asa-innovation.com\/wp-content\/uploads\/2017\/12\/ASA-Connection-Technology.pdf\" target=\"_blank\" rel=\"noopener noreferrer\">Catalogo para descargar<\/a><\/span><\/p>\n","protected":false},"excerpt":{"rendered":"<p>Como grupo tecnol\u00f3gico global con diferentes categor\u00edas t\u00e9cnicas, contamos con una gran demanda de soluciones t\u00e9cnicas y productos en el mercado. Si somos conscientes de que el cliente utiliza una soluci\u00f3n promedio o de que ni siquiera utiliza un producto apropiado, \u00a1empezamos a desarrollarlo por nuestra cuenta! El grupo de productos de tecnolog\u00eda de conexi\u00f3n [&hellip;]<\/p>\n","protected":false},"author":2,"featured_media":560,"parent":0,"menu_order":0,"comment_status":"closed","ping_status":"closed","template":"","meta":{"_expiration-date-status":"","_expiration-date":0,"_expiration-date-type":"","_expiration-date-categories":[],"_expiration-date-options":[]},"acf":[],"_links":{"self":[{"href":"https:\/\/www.asa-innovation.com\/es\/wp-json\/wp\/v2\/pages\/3241"}],"collection":[{"href":"https:\/\/www.asa-innovation.com\/es\/wp-json\/wp\/v2\/pages"}],"about":[{"href":"https:\/\/www.asa-innovation.com\/es\/wp-json\/wp\/v2\/types\/page"}],"author":[{"embeddable":true,"href":"https:\/\/www.asa-innovation.com\/es\/wp-json\/wp\/v2\/users\/2"}],"replies":[{"embeddable":true,"href":"https:\/\/www.asa-innovation.com\/es\/wp-json\/wp\/v2\/comments?post=3241"}],"version-history":[{"count":8,"href":"https:\/\/www.asa-innovation.com\/es\/wp-json\/wp\/v2\/pages\/3241\/revisions"}],"predecessor-version":[{"id":15201,"href":"https:\/\/www.asa-innovation.com\/es\/wp-json\/wp\/v2\/pages\/3241\/revisions\/15201"}],"wp:featuredmedia":[{"embeddable":true,"href":"https:\/\/www.asa-innovation.com\/es\/wp-json\/wp\/v2\/media\/560"}],"wp:attachment":[{"href":"https:\/\/www.asa-innovation.com\/es\/wp-json\/wp\/v2\/media?parent=3241"}],"curies":[{"name":"wp","href":"https:\/\/api.w.org\/{rel}","templated":true}]}}