{"id":3243,"date":"2019-01-09T07:43:57","date_gmt":"2019-01-09T06:43:57","guid":{"rendered":"http:\/\/www.asa-innovation.com\/?page_id=3243"},"modified":"2024-06-07T07:50:50","modified_gmt":"2024-06-07T05:50:50","slug":"tecnologia-de-absorcion-de-vibraciones","status":"publish","type":"page","link":"https:\/\/www.asa-innovation.com\/es\/tecnologia-de-conexion\/tecnologia-de-absorcion-de-vibraciones\/","title":{"rendered":"Tecnolog\u00eda de vibraciones"},"content":{"rendered":"<p><span style=\"font-family: verdana, geneva, sans-serif;\">Los silent-blocks asa se fabrican en goma y metal para absorber impactos y cargas sobre otros componentes garantizando as\u00ed su protecci\u00f3n y la extensi\u00f3n de su vida \u00fatil. Nuestro dise\u00f1o patentado es especialmente apto para las cargas m\u00e1s altas. Un sistema de montaje indicado por unas flechas sobre las partes met\u00e1licas ayuda a optimizar e incrementar la capacidad de resistencia y absorci\u00f3n de vibraciones.<\/span><\/p>\n<ul>\n<li><span style=\"font-family: verdana, geneva, sans-serif;\"><strong>hasta 30\u00a0kN<\/strong><\/span><\/li>\n<li><span style=\"font-family: verdana, geneva, sans-serif;\"><strong>capacidad de carga real<\/strong><\/span><\/li>\n<li><span style=\"font-family: verdana, geneva, sans-serif;\"><strong>absorci\u00f3n \u00f3ptima de la vibraci\u00f3n<\/strong><\/span><\/li>\n<\/ul>\n","protected":false},"excerpt":{"rendered":"<p>Los silent-blocks asa se fabrican en goma y metal para absorber impactos y cargas sobre otros componentes garantizando as\u00ed su protecci\u00f3n y la extensi\u00f3n de su vida \u00fatil. Nuestro dise\u00f1o patentado es especialmente apto para las cargas m\u00e1s altas. Un sistema de montaje indicado por unas flechas sobre las partes met\u00e1licas ayuda a optimizar e [&hellip;]<\/p>\n","protected":false},"author":2,"featured_media":6308,"parent":3241,"menu_order":3,"comment_status":"closed","ping_status":"closed","template":"","meta":{"_expiration-date-status":"","_expiration-date":0,"_expiration-date-type":"","_expiration-date-categories":[],"_expiration-date-options":[]},"acf":[],"_links":{"self":[{"href":"https:\/\/www.asa-innovation.com\/es\/wp-json\/wp\/v2\/pages\/3243"}],"collection":[{"href":"https:\/\/www.asa-innovation.com\/es\/wp-json\/wp\/v2\/pages"}],"about":[{"href":"https:\/\/www.asa-innovation.com\/es\/wp-json\/wp\/v2\/types\/page"}],"author":[{"embeddable":true,"href":"https:\/\/www.asa-innovation.com\/es\/wp-json\/wp\/v2\/users\/2"}],"replies":[{"embeddable":true,"href":"https:\/\/www.asa-innovation.com\/es\/wp-json\/wp\/v2\/comments?post=3243"}],"version-history":[{"count":7,"href":"https:\/\/www.asa-innovation.com\/es\/wp-json\/wp\/v2\/pages\/3243\/revisions"}],"predecessor-version":[{"id":15710,"href":"https:\/\/www.asa-innovation.com\/es\/wp-json\/wp\/v2\/pages\/3243\/revisions\/15710"}],"up":[{"embeddable":true,"href":"https:\/\/www.asa-innovation.com\/es\/wp-json\/wp\/v2\/pages\/3241"}],"wp:featuredmedia":[{"embeddable":true,"href":"https:\/\/www.asa-innovation.com\/es\/wp-json\/wp\/v2\/media\/6308"}],"wp:attachment":[{"href":"https:\/\/www.asa-innovation.com\/es\/wp-json\/wp\/v2\/media?parent=3243"}],"curies":[{"name":"wp","href":"https:\/\/api.w.org\/{rel}","templated":true}]}}