{"id":3246,"date":"2019-01-09T07:51:57","date_gmt":"2019-01-09T06:51:57","guid":{"rendered":"http:\/\/www.asa-innovation.com\/?page_id=3246"},"modified":"2024-08-27T11:55:35","modified_gmt":"2024-08-27T09:55:35","slug":"juntas-de-expansion","status":"publish","type":"page","link":"https:\/\/www.asa-innovation.com\/es\/tecnologia-de-conexion\/tecnologia-de-absorcion-de-vibraciones\/juntas-de-expansion\/","title":{"rendered":"Juntas de expansi\u00f3n"},"content":{"rendered":"<p><span style=\"font-family: verdana, geneva, sans-serif;\">La gama de juntas de expansi\u00f3n o compensadores asa se desarrolla como un dise\u00f1o de alto rendimiento con unas capacidades muy flexibles y una larga durabilidad. Su dise\u00f1o cuenta con las bridas m\u00e1s compactas, una \u00f3ptima reducci\u00f3n de ruido y absorci\u00f3n de vibraciones, as\u00ed como en una alta tolerancia al movimiento en todas las direcciones.<\/span><\/p>\n","protected":false},"excerpt":{"rendered":"<p>La gama de juntas de expansi\u00f3n o compensadores asa se desarrolla como un dise\u00f1o de alto rendimiento con unas capacidades muy flexibles y una larga durabilidad. Su dise\u00f1o cuenta con las bridas m\u00e1s compactas, una \u00f3ptima reducci\u00f3n de ruido y absorci\u00f3n de vibraciones, as\u00ed como en una alta tolerancia al movimiento en todas las direcciones.<\/p>\n","protected":false},"author":2,"featured_media":0,"parent":3243,"menu_order":4,"comment_status":"closed","ping_status":"closed","template":"","meta":{"_expiration-date-status":"","_expiration-date":0,"_expiration-date-type":"","_expiration-date-categories":[],"_expiration-date-options":[]},"acf":[],"_links":{"self":[{"href":"https:\/\/www.asa-innovation.com\/es\/wp-json\/wp\/v2\/pages\/3246"}],"collection":[{"href":"https:\/\/www.asa-innovation.com\/es\/wp-json\/wp\/v2\/pages"}],"about":[{"href":"https:\/\/www.asa-innovation.com\/es\/wp-json\/wp\/v2\/types\/page"}],"author":[{"embeddable":true,"href":"https:\/\/www.asa-innovation.com\/es\/wp-json\/wp\/v2\/users\/2"}],"replies":[{"embeddable":true,"href":"https:\/\/www.asa-innovation.com\/es\/wp-json\/wp\/v2\/comments?post=3246"}],"version-history":[{"count":7,"href":"https:\/\/www.asa-innovation.com\/es\/wp-json\/wp\/v2\/pages\/3246\/revisions"}],"predecessor-version":[{"id":18257,"href":"https:\/\/www.asa-innovation.com\/es\/wp-json\/wp\/v2\/pages\/3246\/revisions\/18257"}],"up":[{"embeddable":true,"href":"https:\/\/www.asa-innovation.com\/es\/wp-json\/wp\/v2\/pages\/3243"}],"wp:attachment":[{"href":"https:\/\/www.asa-innovation.com\/es\/wp-json\/wp\/v2\/media?parent=3246"}],"curies":[{"name":"wp","href":"https:\/\/api.w.org\/{rel}","templated":true}]}}