{"id":3248,"date":"2019-01-09T08:07:54","date_gmt":"2019-01-09T07:07:54","guid":{"rendered":"http:\/\/www.asa-innovation.com\/?page_id=3248"},"modified":"2024-03-12T13:53:23","modified_gmt":"2024-03-12T12:53:23","slug":"valvulas-de-mariposa","status":"publish","type":"page","link":"https:\/\/www.asa-innovation.com\/es\/tecnologia-de-conexion\/valvulas-de-mariposa\/","title":{"rendered":"V\u00e1lvulas"},"content":{"rendered":"<p><span style=\"font-family: verdana, geneva, sans-serif;\">La v\u00e1lvula de mariposa asa con bridas SAE y DIN permite la combinaci\u00f3n con un elemento el\u00e1stico (una junta de expansi\u00f3n de goma) que facilita la uni\u00f3n a la entrada de la bomba de forma \u00f3ptima y econ\u00f3mica. La posici\u00f3n de la maneta de cierre se puede modificar gracias a nuestro nuevo sistema. La v\u00e1lvula puede cerrarse girando la maneta tanto a la derecha como a la izquierda.<\/span><\/p>\n","protected":false},"excerpt":{"rendered":"<p>La v\u00e1lvula de mariposa asa con bridas SAE y DIN permite la combinaci\u00f3n con un elemento el\u00e1stico (una junta de expansi\u00f3n de goma) que facilita la uni\u00f3n a la entrada de la bomba de forma \u00f3ptima y econ\u00f3mica. La posici\u00f3n de la maneta de cierre se puede modificar gracias a nuestro nuevo sistema. La v\u00e1lvula [&hellip;]<\/p>\n","protected":false},"author":2,"featured_media":0,"parent":3241,"menu_order":1,"comment_status":"closed","ping_status":"closed","template":"","meta":{"_expiration-date-status":"","_expiration-date":1710852768,"_expiration-date-type":"draft","_expiration-date-categories":[],"_expiration-date-options":[]},"acf":[],"_links":{"self":[{"href":"https:\/\/www.asa-innovation.com\/es\/wp-json\/wp\/v2\/pages\/3248"}],"collection":[{"href":"https:\/\/www.asa-innovation.com\/es\/wp-json\/wp\/v2\/pages"}],"about":[{"href":"https:\/\/www.asa-innovation.com\/es\/wp-json\/wp\/v2\/types\/page"}],"author":[{"embeddable":true,"href":"https:\/\/www.asa-innovation.com\/es\/wp-json\/wp\/v2\/users\/2"}],"replies":[{"embeddable":true,"href":"https:\/\/www.asa-innovation.com\/es\/wp-json\/wp\/v2\/comments?post=3248"}],"version-history":[{"count":8,"href":"https:\/\/www.asa-innovation.com\/es\/wp-json\/wp\/v2\/pages\/3248\/revisions"}],"predecessor-version":[{"id":16832,"href":"https:\/\/www.asa-innovation.com\/es\/wp-json\/wp\/v2\/pages\/3248\/revisions\/16832"}],"up":[{"embeddable":true,"href":"https:\/\/www.asa-innovation.com\/es\/wp-json\/wp\/v2\/pages\/3241"}],"wp:attachment":[{"href":"https:\/\/www.asa-innovation.com\/es\/wp-json\/wp\/v2\/media?parent=3248"}],"curies":[{"name":"wp","href":"https:\/\/api.w.org\/{rel}","templated":true}]}}