{"id":3250,"date":"2019-01-09T08:14:25","date_gmt":"2019-01-09T07:14:25","guid":{"rendered":"http:\/\/www.asa-innovation.com\/?page_id=3250"},"modified":"2019-01-09T08:15:04","modified_gmt":"2019-01-09T07:15:04","slug":"valvulas-de-mariposa-de-hierro-fundido","status":"publish","type":"page","link":"https:\/\/www.asa-innovation.com\/es\/tecnologia-de-conexion\/valvulas-de-mariposa\/valvulas-de-mariposa-de-hierro-fundido\/","title":{"rendered":"V\u00e1lvulas de mariposa de hierro fundido"},"content":{"rendered":"<p><span style=\"font-family: verdana, geneva, sans-serif;\"><strong>Desde SAE 1 \u00bd\u201d hasta SAE 5\u201d<\/strong><\/span><\/p>\n<p><span style=\"font-family: verdana, geneva, sans-serif;\">La v\u00e1lvula de mariposa asa con bridas SAE y DIN permite la combinaci\u00f3n con un elemento el\u00e1stico (una junta de expansi\u00f3n de goma) para facilitar la uni\u00f3n a la entrada de la bomba de forma \u00f3ptima y econ\u00f3mica. La posici\u00f3n de la maneta de cierre se puede modificar gracias a nuestro nuevo sistema. La v\u00e1lvula puede cerrarse girando la maneta tanto a la derecha como a la izquierda. Por favor, tenga en cuenta que la v\u00e1lvula de mariposa solo se puede abrir una vez montada cuando se encuentre en contacto con el aceite hidr\u00e1ulico para permitir su lubricaci\u00f3n. La brida de adaptaci\u00f3n solo se debe soldar al tanque de forma aislada (la v\u00e1lvula de mariposa se atornillar\u00e1 a ella una vez soldada).<\/span><\/p>\n<p><img decoding=\"async\" loading=\"lazy\" class=\"alignnone size-medium wp-image-376\" src=\"http:\/\/www.asa-innovation.com\/wp-content\/uploads\/2017\/11\/SDA0080_neu-300x226.jpg\" alt=\"\" width=\"300\" height=\"226\" srcset=\"https:\/\/www.asa-innovation.com\/wp-content\/uploads\/2017\/11\/SDA0080_neu-300x226.jpg 300w, https:\/\/www.asa-innovation.com\/wp-content\/uploads\/2017\/11\/SDA0080_neu-768x580.jpg 768w, https:\/\/www.asa-innovation.com\/wp-content\/uploads\/2017\/11\/SDA0080_neu-1024x773.jpg 1024w\" sizes=\"(max-width: 300px) 100vw, 300px\" \/><\/p>\n<p><span style=\"font-family: verdana, geneva, sans-serif; color: #00a7e3;\"><a style=\"color: #00a7e3;\" href=\"http:\/\/www.asa-innovation.com\/wp-content\/uploads\/2018\/01\/DD-butterfly-flange-en-rev1.pdf\" target=\"_blank\" rel=\"noopener noreferrer\"><span style=\"text-decoration: underline;\">Ficha t\u00e9cnica<\/span><img decoding=\"async\" loading=\"lazy\" class=\"alignnone  wp-image-1545\" src=\"http:\/\/www.asa-innovation.com\/wp-content\/uploads\/2017\/03\/Download-Icon-263x300.jpg\" alt=\"\" width=\"157\" height=\"178\" srcset=\"https:\/\/www.asa-innovation.com\/wp-content\/uploads\/2017\/03\/Download-Icon-263x300.jpg 263w, https:\/\/www.asa-innovation.com\/wp-content\/uploads\/2017\/03\/Download-Icon-768x877.jpg 768w, https:\/\/www.asa-innovation.com\/wp-content\/uploads\/2017\/03\/Download-Icon.jpg 856w\" sizes=\"(max-width: 157px) 100vw, 157px\" \/><\/a>\u00a0 \u00a0\u00a0<a href=\"http:\/\/www.asa-innovation.com\/wp-content\/uploads\/2018\/01\/DM-butterfly-valves-manual-rev6.pdf\" target=\"_blank\" rel=\"noopener noreferrer\"><span style=\"text-decoration: underline;\"><span style=\"color: #00a7e3; text-decoration: underline;\">Manual<\/span><\/span><img decoding=\"async\" loading=\"lazy\" class=\"alignnone  wp-image-1545\" src=\"http:\/\/www.asa-innovation.com\/wp-content\/uploads\/2017\/03\/Download-Icon-263x300.jpg\" alt=\"\" width=\"157\" height=\"179\" srcset=\"https:\/\/www.asa-innovation.com\/wp-content\/uploads\/2017\/03\/Download-Icon-263x300.jpg 263w, https:\/\/www.asa-innovation.com\/wp-content\/uploads\/2017\/03\/Download-Icon-768x877.jpg 768w, https:\/\/www.asa-innovation.com\/wp-content\/uploads\/2017\/03\/Download-Icon.jpg 856w\" sizes=\"(max-width: 157px) 100vw, 157px\" \/><\/a><\/span><\/p>\n","protected":false},"excerpt":{"rendered":"<p>Desde SAE 1 \u00bd\u201d hasta SAE 5\u201d La v\u00e1lvula de mariposa asa con bridas SAE y DIN permite la combinaci\u00f3n con un elemento el\u00e1stico (una junta de expansi\u00f3n de goma) para facilitar la uni\u00f3n a la entrada de la bomba de forma \u00f3ptima y econ\u00f3mica. La posici\u00f3n de la maneta de cierre se puede modificar [&hellip;]<\/p>\n","protected":false},"author":2,"featured_media":0,"parent":3248,"menu_order":1,"comment_status":"closed","ping_status":"closed","template":"","meta":{"_expiration-date-status":"saved","_expiration-date":0,"_expiration-date-type":"","_expiration-date-categories":[],"_expiration-date-options":[]},"acf":[],"_links":{"self":[{"href":"https:\/\/www.asa-innovation.com\/es\/wp-json\/wp\/v2\/pages\/3250"}],"collection":[{"href":"https:\/\/www.asa-innovation.com\/es\/wp-json\/wp\/v2\/pages"}],"about":[{"href":"https:\/\/www.asa-innovation.com\/es\/wp-json\/wp\/v2\/types\/page"}],"author":[{"embeddable":true,"href":"https:\/\/www.asa-innovation.com\/es\/wp-json\/wp\/v2\/users\/2"}],"replies":[{"embeddable":true,"href":"https:\/\/www.asa-innovation.com\/es\/wp-json\/wp\/v2\/comments?post=3250"}],"version-history":[{"count":1,"href":"https:\/\/www.asa-innovation.com\/es\/wp-json\/wp\/v2\/pages\/3250\/revisions"}],"predecessor-version":[{"id":3251,"href":"https:\/\/www.asa-innovation.com\/es\/wp-json\/wp\/v2\/pages\/3250\/revisions\/3251"}],"up":[{"embeddable":true,"href":"https:\/\/www.asa-innovation.com\/es\/wp-json\/wp\/v2\/pages\/3248"}],"wp:attachment":[{"href":"https:\/\/www.asa-innovation.com\/es\/wp-json\/wp\/v2\/media?parent=3250"}],"curies":[{"name":"wp","href":"https:\/\/api.w.org\/{rel}","templated":true}]}}