{"id":3252,"date":"2019-01-09T08:22:40","date_gmt":"2019-01-09T07:22:40","guid":{"rendered":"http:\/\/www.asa-innovation.com\/?page_id=3252"},"modified":"2023-07-21T11:27:36","modified_gmt":"2023-07-21T09:27:36","slug":"valvulas-de-mariposa-de-aluminio","status":"publish","type":"page","link":"https:\/\/www.asa-innovation.com\/es\/tecnologia-de-conexion\/valvulas-de-mariposa\/valvulas-de-mariposa-de-aluminio\/","title":{"rendered":"V\u00e1lvulas de mariposa de aluminio"},"content":{"rendered":"<p><span style=\"font-family: verdana, geneva, sans-serif;\"><strong>Dise\u00f1os en aluminio en SAE 2\u2033, SAE 2 \u00bd\u201d y SAE 3\u2033 <\/strong><\/span><\/p>\n<p><span style=\"font-family: verdana, geneva, sans-serif;\">La ligereza del aluminio, en combinaci\u00f3n con nuestro conocido dise\u00f1o de v\u00e1lvulas de mariposa, es una soluci\u00f3n muy atractiva para un sistema hidr\u00e1ulico moderno.\u00a0La v\u00e1lvula con bridas SAE y DIN permite la combinaci\u00f3n con un elemento el\u00e1stico (una junta de expansi\u00f3n de goma) para facilitar la conexi\u00f3n con la entrada de la bomba de forma \u00f3ptima y econ\u00f3mica. La posici\u00f3n de la maneta de cierre se puede modificar gracias a nuestro nuevo sistema.<\/span><\/p>\n<p><span style=\"font-family: verdana, geneva, sans-serif;\">La v\u00e1lvula puede cerrarse girando la maneta tanto a la derecha como a la izquierda. Por favor, tenga en cuenta que la v\u00e1lvula de mariposa solo se puede abrir una vez montada cuando se encuentre en contacto con el aceite hidr\u00e1ulico para permitir su lubricaci\u00f3n. La brida de adaptaci\u00f3n solo se debe soldar con la v\u00e1lvula de mariposa desmontada.<\/span><\/p>\n<p><img decoding=\"async\" loading=\"lazy\" class=\"alignnone size-medium wp-image-1478\" src=\"http:\/\/www.asa-innovation.com\/wp-content\/uploads\/2017\/11\/SDA0080A-ALU-282x300.jpg\" alt=\"\" width=\"282\" height=\"300\" srcset=\"https:\/\/www.asa-innovation.com\/wp-content\/uploads\/2017\/11\/SDA0080A-ALU-282x300.jpg 282w, https:\/\/www.asa-innovation.com\/wp-content\/uploads\/2017\/11\/SDA0080A-ALU-768x818.jpg 768w, https:\/\/www.asa-innovation.com\/wp-content\/uploads\/2017\/11\/SDA0080A-ALU.jpg 835w\" sizes=\"(max-width: 282px) 100vw, 282px\" \/><\/p>\n<p><span style=\"color: #00a7e3; font-family: verdana, geneva, sans-serif;\"><a style=\"color: #00a7e3;\" href=\"http:\/\/www.asa-innovation.com\/wp-content\/uploads\/2018\/01\/DD-butterfly-valves-alu-en-rev1.pdf\" target=\"_blank\" rel=\"noopener noreferrer\"><span style=\"text-decoration: underline;\">Ficha t\u00e9cnica<\/span><img decoding=\"async\" loading=\"lazy\" class=\"alignnone  wp-image-1545\" src=\"http:\/\/www.asa-innovation.com\/wp-content\/uploads\/2017\/03\/Download-Icon-263x300.jpg\" alt=\"\" width=\"157\" height=\"178\" srcset=\"https:\/\/www.asa-innovation.com\/wp-content\/uploads\/2017\/03\/Download-Icon-263x300.jpg 263w, https:\/\/www.asa-innovation.com\/wp-content\/uploads\/2017\/03\/Download-Icon-768x877.jpg 768w, https:\/\/www.asa-innovation.com\/wp-content\/uploads\/2017\/03\/Download-Icon.jpg 856w\" sizes=\"(max-width: 157px) 100vw, 157px\" \/><\/a>\u00a0\u00a0<a style=\"color: #00a7e3;\" href=\"http:\/\/www.asa-innovation.com\/wp-content\/uploads\/2018\/01\/DM-butterfly-valves-manual-rev6.pdf\" target=\"_blank\" rel=\"noopener noreferrer\">Manual<img decoding=\"async\" loading=\"lazy\" class=\"alignnone  wp-image-1545\" src=\"http:\/\/www.asa-innovation.com\/wp-content\/uploads\/2017\/03\/Download-Icon-263x300.jpg\" alt=\"\" width=\"157\" height=\"179\" srcset=\"https:\/\/www.asa-innovation.com\/wp-content\/uploads\/2017\/03\/Download-Icon-263x300.jpg 263w, https:\/\/www.asa-innovation.com\/wp-content\/uploads\/2017\/03\/Download-Icon-768x877.jpg 768w, https:\/\/www.asa-innovation.com\/wp-content\/uploads\/2017\/03\/Download-Icon.jpg 856w\" sizes=\"(max-width: 157px) 100vw, 157px\" \/><\/a><\/span><\/p>\n","protected":false},"excerpt":{"rendered":"<p>Dise\u00f1os en aluminio en SAE 2\u2033, SAE 2 \u00bd\u201d y SAE 3\u2033 La ligereza del aluminio, en combinaci\u00f3n con nuestro conocido dise\u00f1o de v\u00e1lvulas de mariposa, es una soluci\u00f3n muy atractiva para un sistema hidr\u00e1ulico moderno.\u00a0La v\u00e1lvula con bridas SAE y DIN permite la combinaci\u00f3n con un elemento el\u00e1stico (una junta de expansi\u00f3n de goma) [&hellip;]<\/p>\n","protected":false},"author":2,"featured_media":0,"parent":3248,"menu_order":2,"comment_status":"closed","ping_status":"closed","template":"","meta":{"_expiration-date-status":"","_expiration-date":1690536450,"_expiration-date-type":"draft","_expiration-date-categories":[],"_expiration-date-options":[]},"acf":[],"_links":{"self":[{"href":"https:\/\/www.asa-innovation.com\/es\/wp-json\/wp\/v2\/pages\/3252"}],"collection":[{"href":"https:\/\/www.asa-innovation.com\/es\/wp-json\/wp\/v2\/pages"}],"about":[{"href":"https:\/\/www.asa-innovation.com\/es\/wp-json\/wp\/v2\/types\/page"}],"author":[{"embeddable":true,"href":"https:\/\/www.asa-innovation.com\/es\/wp-json\/wp\/v2\/users\/2"}],"replies":[{"embeddable":true,"href":"https:\/\/www.asa-innovation.com\/es\/wp-json\/wp\/v2\/comments?post=3252"}],"version-history":[{"count":2,"href":"https:\/\/www.asa-innovation.com\/es\/wp-json\/wp\/v2\/pages\/3252\/revisions"}],"predecessor-version":[{"id":15207,"href":"https:\/\/www.asa-innovation.com\/es\/wp-json\/wp\/v2\/pages\/3252\/revisions\/15207"}],"up":[{"embeddable":true,"href":"https:\/\/www.asa-innovation.com\/es\/wp-json\/wp\/v2\/pages\/3248"}],"wp:attachment":[{"href":"https:\/\/www.asa-innovation.com\/es\/wp-json\/wp\/v2\/media?parent=3252"}],"curies":[{"name":"wp","href":"https:\/\/api.w.org\/{rel}","templated":true}]}}