{"id":3254,"date":"2019-01-09T08:59:36","date_gmt":"2019-01-09T07:59:36","guid":{"rendered":"http:\/\/www.asa-innovation.com\/?page_id=3254"},"modified":"2023-07-21T08:46:45","modified_gmt":"2023-07-21T06:46:45","slug":"accesorios","status":"publish","type":"page","link":"https:\/\/www.asa-innovation.com\/es\/tecnologia-de-conexion\/valvulas-de-mariposa\/accesorios\/","title":{"rendered":"Accesorios"},"content":{"rendered":"<p><span style=\"font-family: verdana, geneva, sans-serif;\">Los accesorios para la v\u00e1lvula de mariposa tienen precios muy competitivos y una alta fiabilidad. Un compensador de goma consigue la mejor reducci\u00f3n de ruido y permite que la bomba conserve su capacidad de movimiento. La brida de adaptaci\u00f3n se suelda al tanque. Un interruptor de aproximaci\u00f3n inductivo o mec\u00e1nico permite la conexi\u00f3n con un sistema de control para comprobar la apertura o el cierre de la v\u00e1lvula. Descargue la ficha t\u00e9cnica o contacte con nosotros para encontrar el producto que m\u00e1s se ajuste a sus necesidades.\u00a0<\/span><\/p>\n","protected":false},"excerpt":{"rendered":"<p>Los accesorios para la v\u00e1lvula de mariposa tienen precios muy competitivos y una alta fiabilidad. Un compensador de goma consigue la mejor reducci\u00f3n de ruido y permite que la bomba conserve su capacidad de movimiento. La brida de adaptaci\u00f3n se suelda al tanque. Un interruptor de aproximaci\u00f3n inductivo o mec\u00e1nico permite la conexi\u00f3n con un [&hellip;]<\/p>\n","protected":false},"author":2,"featured_media":0,"parent":3248,"menu_order":5,"comment_status":"closed","ping_status":"closed","template":"","meta":{"_expiration-date-status":"","_expiration-date":1690526777,"_expiration-date-type":"draft","_expiration-date-categories":[],"_expiration-date-options":[]},"acf":[],"_links":{"self":[{"href":"https:\/\/www.asa-innovation.com\/es\/wp-json\/wp\/v2\/pages\/3254"}],"collection":[{"href":"https:\/\/www.asa-innovation.com\/es\/wp-json\/wp\/v2\/pages"}],"about":[{"href":"https:\/\/www.asa-innovation.com\/es\/wp-json\/wp\/v2\/types\/page"}],"author":[{"embeddable":true,"href":"https:\/\/www.asa-innovation.com\/es\/wp-json\/wp\/v2\/users\/2"}],"replies":[{"embeddable":true,"href":"https:\/\/www.asa-innovation.com\/es\/wp-json\/wp\/v2\/comments?post=3254"}],"version-history":[{"count":5,"href":"https:\/\/www.asa-innovation.com\/es\/wp-json\/wp\/v2\/pages\/3254\/revisions"}],"predecessor-version":[{"id":15183,"href":"https:\/\/www.asa-innovation.com\/es\/wp-json\/wp\/v2\/pages\/3254\/revisions\/15183"}],"up":[{"embeddable":true,"href":"https:\/\/www.asa-innovation.com\/es\/wp-json\/wp\/v2\/pages\/3248"}],"wp:attachment":[{"href":"https:\/\/www.asa-innovation.com\/es\/wp-json\/wp\/v2\/media?parent=3254"}],"curies":[{"name":"wp","href":"https:\/\/api.w.org\/{rel}","templated":true}]}}