{"id":3277,"date":"2019-01-09T09:40:07","date_gmt":"2019-01-09T08:40:07","guid":{"rendered":"http:\/\/www.asa-innovation.com\/?page_id=3277"},"modified":"2022-11-21T08:43:51","modified_gmt":"2022-11-21T07:43:51","slug":"control-de-fluidos","status":"publish","type":"page","link":"https:\/\/www.asa-innovation.com\/es\/control-de-fluidos\/","title":{"rendered":"Control de fluidos"},"content":{"rendered":"<p><span style=\"font-family: verdana, geneva, sans-serif;\">Buscamos los mercados m\u00e1s competitivos para demostrar nuestra flexibilidad, esp\u00edritu de innovaci\u00f3n y nuestras habilidades como grupo tecnol\u00f3gico. La generaci\u00f3n y el almacenamiento de energ\u00eda y la eficiencia son los temas principales en casi todos los mercados y aplicaciones industriales. Para esto es necesario contar con sistemas inteligentes, as\u00ed como ofertar y mantener circuitos de enfriamiento y filtraci\u00f3n. Nuestros productos est\u00e1n dise\u00f1ados con la mayor versatilidad y cumplen con las necesidades t\u00e9cnicas m\u00e1s altas.<\/span><\/p>\n","protected":false},"excerpt":{"rendered":"<p>Buscamos los mercados m\u00e1s competitivos para demostrar nuestra flexibilidad, esp\u00edritu de innovaci\u00f3n y nuestras habilidades como grupo tecnol\u00f3gico. La generaci\u00f3n y el almacenamiento de energ\u00eda y la eficiencia son los temas principales en casi todos los mercados y aplicaciones industriales. Para esto es necesario contar con sistemas inteligentes, as\u00ed como ofertar y mantener circuitos de [&hellip;]<\/p>\n","protected":false},"author":2,"featured_media":399,"parent":0,"menu_order":0,"comment_status":"closed","ping_status":"closed","template":"","meta":{"_expiration-date-status":"saved","_expiration-date":0,"_expiration-date-type":"","_expiration-date-categories":[],"_expiration-date-options":[]},"acf":[],"_links":{"self":[{"href":"https:\/\/www.asa-innovation.com\/es\/wp-json\/wp\/v2\/pages\/3277"}],"collection":[{"href":"https:\/\/www.asa-innovation.com\/es\/wp-json\/wp\/v2\/pages"}],"about":[{"href":"https:\/\/www.asa-innovation.com\/es\/wp-json\/wp\/v2\/types\/page"}],"author":[{"embeddable":true,"href":"https:\/\/www.asa-innovation.com\/es\/wp-json\/wp\/v2\/users\/2"}],"replies":[{"embeddable":true,"href":"https:\/\/www.asa-innovation.com\/es\/wp-json\/wp\/v2\/comments?post=3277"}],"version-history":[{"count":9,"href":"https:\/\/www.asa-innovation.com\/es\/wp-json\/wp\/v2\/pages\/3277\/revisions"}],"predecessor-version":[{"id":14172,"href":"https:\/\/www.asa-innovation.com\/es\/wp-json\/wp\/v2\/pages\/3277\/revisions\/14172"}],"wp:featuredmedia":[{"embeddable":true,"href":"https:\/\/www.asa-innovation.com\/es\/wp-json\/wp\/v2\/media\/399"}],"wp:attachment":[{"href":"https:\/\/www.asa-innovation.com\/es\/wp-json\/wp\/v2\/media?parent=3277"}],"curies":[{"name":"wp","href":"https:\/\/api.w.org\/{rel}","templated":true}]}}