{"id":3279,"date":"2019-01-09T10:54:11","date_gmt":"2019-01-09T09:54:11","guid":{"rendered":"http:\/\/www.asa-innovation.com\/?page_id=3279"},"modified":"2026-04-07T13:25:05","modified_gmt":"2026-04-07T11:25:05","slug":"bombas","status":"publish","type":"page","link":"https:\/\/www.asa-innovation.com\/es\/control-de-fluidos\/bombas\/","title":{"rendered":"Bombas de aceite gerotoras"},"content":{"rendered":"<p><span style=\"font-family: verdana, geneva, sans-serif;\">Nuestras bombas ofrecen innovaci\u00f3n y numerosos beneficios tanto en aplicaciones m\u00f3viles como industriales. M\u00e1s de 40 a\u00f1os de experiencia en sistemas t\u00e9rmicos, tecnolog\u00eda de conexi\u00f3n y bombas nos han convertido en l\u00edderes mundiales en tecnolog\u00edas avanzadas para el sector. Esto le asegura precios competitivos, un desempe\u00f1o consistente y fiabilidad. El dise\u00f1o modular y las soluciones patentadas de nuestros productos ofrecen muchas ventajas para personalizar el producto a sus necesidades.<\/span><\/p>\n","protected":false},"excerpt":{"rendered":"<p>Nuestras bombas ofrecen innovaci\u00f3n y numerosos beneficios tanto en aplicaciones m\u00f3viles como industriales. M\u00e1s de 40 a\u00f1os de experiencia en sistemas t\u00e9rmicos, tecnolog\u00eda de conexi\u00f3n y bombas nos han convertido en l\u00edderes mundiales en tecnolog\u00edas avanzadas para el sector. Esto le asegura precios competitivos, un desempe\u00f1o consistente y fiabilidad. El dise\u00f1o modular y las soluciones [&hellip;]<\/p>\n","protected":false},"author":2,"featured_media":0,"parent":3277,"menu_order":1,"comment_status":"closed","ping_status":"closed","template":"","meta":{"_expiration-date-status":"","_expiration-date":0,"_expiration-date-type":"","_expiration-date-categories":[],"_expiration-date-options":[]},"acf":[],"_links":{"self":[{"href":"https:\/\/www.asa-innovation.com\/es\/wp-json\/wp\/v2\/pages\/3279"}],"collection":[{"href":"https:\/\/www.asa-innovation.com\/es\/wp-json\/wp\/v2\/pages"}],"about":[{"href":"https:\/\/www.asa-innovation.com\/es\/wp-json\/wp\/v2\/types\/page"}],"author":[{"embeddable":true,"href":"https:\/\/www.asa-innovation.com\/es\/wp-json\/wp\/v2\/users\/2"}],"replies":[{"embeddable":true,"href":"https:\/\/www.asa-innovation.com\/es\/wp-json\/wp\/v2\/comments?post=3279"}],"version-history":[{"count":17,"href":"https:\/\/www.asa-innovation.com\/es\/wp-json\/wp\/v2\/pages\/3279\/revisions"}],"predecessor-version":[{"id":37292,"href":"https:\/\/www.asa-innovation.com\/es\/wp-json\/wp\/v2\/pages\/3279\/revisions\/37292"}],"up":[{"embeddable":true,"href":"https:\/\/www.asa-innovation.com\/es\/wp-json\/wp\/v2\/pages\/3277"}],"wp:attachment":[{"href":"https:\/\/www.asa-innovation.com\/es\/wp-json\/wp\/v2\/media?parent=3279"}],"curies":[{"name":"wp","href":"https:\/\/api.w.org\/{rel}","templated":true}]}}