{"id":3290,"date":"2019-01-09T13:23:42","date_gmt":"2019-01-09T12:23:42","guid":{"rendered":"http:\/\/www.asa-innovation.com\/?page_id=3290"},"modified":"2019-01-09T13:24:51","modified_gmt":"2019-01-09T12:24:51","slug":"filtros-de-succion","status":"publish","type":"page","link":"https:\/\/www.asa-innovation.com\/es\/control-de-fluidos\/filtros\/filtros-de-succion\/","title":{"rendered":"Filtros de succi\u00f3n"},"content":{"rendered":"<p><span style=\"font-family: verdana, geneva, sans-serif;\">La instalaci\u00f3n de un filtro de succi\u00f3n es una inversi\u00f3n inteligente si se quiere conseguir un sistema fiable y duradero con unas necesidades de filtraci\u00f3n muy altas y de calidad.<\/span><\/p>\n","protected":false},"excerpt":{"rendered":"<p>La instalaci\u00f3n de un filtro de succi\u00f3n es una inversi\u00f3n inteligente si se quiere conseguir un sistema fiable y duradero con unas necesidades de filtraci\u00f3n muy altas y de calidad.<\/p>\n","protected":false},"author":2,"featured_media":0,"parent":3287,"menu_order":1,"comment_status":"closed","ping_status":"closed","template":"","meta":{"_expiration-date-status":"saved","_expiration-date":0,"_expiration-date-type":"","_expiration-date-categories":[],"_expiration-date-options":[]},"acf":[],"_links":{"self":[{"href":"https:\/\/www.asa-innovation.com\/es\/wp-json\/wp\/v2\/pages\/3290"}],"collection":[{"href":"https:\/\/www.asa-innovation.com\/es\/wp-json\/wp\/v2\/pages"}],"about":[{"href":"https:\/\/www.asa-innovation.com\/es\/wp-json\/wp\/v2\/types\/page"}],"author":[{"embeddable":true,"href":"https:\/\/www.asa-innovation.com\/es\/wp-json\/wp\/v2\/users\/2"}],"replies":[{"embeddable":true,"href":"https:\/\/www.asa-innovation.com\/es\/wp-json\/wp\/v2\/comments?post=3290"}],"version-history":[{"count":2,"href":"https:\/\/www.asa-innovation.com\/es\/wp-json\/wp\/v2\/pages\/3290\/revisions"}],"predecessor-version":[{"id":3292,"href":"https:\/\/www.asa-innovation.com\/es\/wp-json\/wp\/v2\/pages\/3290\/revisions\/3292"}],"up":[{"embeddable":true,"href":"https:\/\/www.asa-innovation.com\/es\/wp-json\/wp\/v2\/pages\/3287"}],"wp:attachment":[{"href":"https:\/\/www.asa-innovation.com\/es\/wp-json\/wp\/v2\/media?parent=3290"}],"curies":[{"name":"wp","href":"https:\/\/api.w.org\/{rel}","templated":true}]}}