{"id":3293,"date":"2019-01-09T13:35:42","date_gmt":"2019-01-09T12:35:42","guid":{"rendered":"http:\/\/www.asa-innovation.com\/?page_id=3293"},"modified":"2021-09-28T08:24:19","modified_gmt":"2021-09-28T06:24:19","slug":"accesorios-para-el-tanque","status":"publish","type":"page","link":"https:\/\/www.asa-innovation.com\/es\/sistemas-termicos\/intercambiadores-calor-aceite-aire\/gama-h\/accesorios-para-el-tanque\/","title":{"rendered":"Accesorios para el tanque"},"content":{"rendered":"<p><span style=\"font-family: verdana, geneva, sans-serif;\">Los accesorios de alta calidad para tanque ahorran tiempo de trabajo e incrementan la calidad del producto final. Las soluciones t\u00e9cnicas simplificadas y los tama\u00f1os est\u00e1ndar son la base para el \u00e9xito de los fabricantes de equipos originales.<\/span><\/p>\n","protected":false},"excerpt":{"rendered":"<p>Los accesorios de alta calidad para tanque ahorran tiempo de trabajo e incrementan la calidad del producto final. Las soluciones t\u00e9cnicas simplificadas y los tama\u00f1os est\u00e1ndar son la base para el \u00e9xito de los fabricantes de equipos originales.<\/p>\n","protected":false},"author":2,"featured_media":0,"parent":3207,"menu_order":5,"comment_status":"closed","ping_status":"closed","template":"","meta":{"_expiration-date-status":"saved","_expiration-date":0,"_expiration-date-type":"","_expiration-date-categories":[],"_expiration-date-options":[]},"acf":[],"_links":{"self":[{"href":"https:\/\/www.asa-innovation.com\/es\/wp-json\/wp\/v2\/pages\/3293"}],"collection":[{"href":"https:\/\/www.asa-innovation.com\/es\/wp-json\/wp\/v2\/pages"}],"about":[{"href":"https:\/\/www.asa-innovation.com\/es\/wp-json\/wp\/v2\/types\/page"}],"author":[{"embeddable":true,"href":"https:\/\/www.asa-innovation.com\/es\/wp-json\/wp\/v2\/users\/2"}],"replies":[{"embeddable":true,"href":"https:\/\/www.asa-innovation.com\/es\/wp-json\/wp\/v2\/comments?post=3293"}],"version-history":[{"count":6,"href":"https:\/\/www.asa-innovation.com\/es\/wp-json\/wp\/v2\/pages\/3293\/revisions"}],"predecessor-version":[{"id":12306,"href":"https:\/\/www.asa-innovation.com\/es\/wp-json\/wp\/v2\/pages\/3293\/revisions\/12306"}],"up":[{"embeddable":true,"href":"https:\/\/www.asa-innovation.com\/es\/wp-json\/wp\/v2\/pages\/3207"}],"wp:attachment":[{"href":"https:\/\/www.asa-innovation.com\/es\/wp-json\/wp\/v2\/media?parent=3293"}],"curies":[{"name":"wp","href":"https:\/\/api.w.org\/{rel}","templated":true}]}}