{"id":3301,"date":"2019-01-09T13:55:46","date_gmt":"2019-01-09T12:55:46","guid":{"rendered":"http:\/\/www.asa-innovation.com\/?page_id=3301"},"modified":"2025-01-08T10:53:21","modified_gmt":"2025-01-08T09:53:21","slug":"sobre-asa","status":"publish","type":"page","link":"https:\/\/www.asa-innovation.com\/es\/sobre-asa\/","title":{"rendered":"Sobre ASA"},"content":{"rendered":"<p><span style=\"font-family: verdana, geneva, sans-serif;\">M\u00e1s de 40 a\u00f1os de experiencia con sistemas t\u00e9rmicos, tecnolog\u00eda de conexi\u00f3n y control de fluidos nos han convertido en l\u00edderes mundiales en tecnolog\u00edas avanzadas para el sector. Descubra c\u00f3mo nuestro esp\u00edritu de innovaci\u00f3n nos conduce d\u00eda tras d\u00eda a las mejoras del ma\u00f1ana para marcar la diferencia en el mercado.\u00a0<\/span><\/p>\n","protected":false},"excerpt":{"rendered":"<p>M\u00e1s de 40 a\u00f1os de experiencia con sistemas t\u00e9rmicos, tecnolog\u00eda de conexi\u00f3n y control de fluidos nos han convertido en l\u00edderes mundiales en tecnolog\u00edas avanzadas para el sector. Descubra c\u00f3mo nuestro esp\u00edritu de innovaci\u00f3n nos conduce d\u00eda tras d\u00eda a las mejoras del ma\u00f1ana para marcar la diferencia en el mercado.\u00a0<\/p>\n","protected":false},"author":2,"featured_media":0,"parent":0,"menu_order":0,"comment_status":"closed","ping_status":"closed","template":"","meta":{"_expiration-date-status":"","_expiration-date":0,"_expiration-date-type":"","_expiration-date-categories":[],"_expiration-date-options":[]},"acf":[],"_links":{"self":[{"href":"https:\/\/www.asa-innovation.com\/es\/wp-json\/wp\/v2\/pages\/3301"}],"collection":[{"href":"https:\/\/www.asa-innovation.com\/es\/wp-json\/wp\/v2\/pages"}],"about":[{"href":"https:\/\/www.asa-innovation.com\/es\/wp-json\/wp\/v2\/types\/page"}],"author":[{"embeddable":true,"href":"https:\/\/www.asa-innovation.com\/es\/wp-json\/wp\/v2\/users\/2"}],"replies":[{"embeddable":true,"href":"https:\/\/www.asa-innovation.com\/es\/wp-json\/wp\/v2\/comments?post=3301"}],"version-history":[{"count":3,"href":"https:\/\/www.asa-innovation.com\/es\/wp-json\/wp\/v2\/pages\/3301\/revisions"}],"predecessor-version":[{"id":21476,"href":"https:\/\/www.asa-innovation.com\/es\/wp-json\/wp\/v2\/pages\/3301\/revisions\/21476"}],"wp:attachment":[{"href":"https:\/\/www.asa-innovation.com\/es\/wp-json\/wp\/v2\/media?parent=3301"}],"curies":[{"name":"wp","href":"https:\/\/api.w.org\/{rel}","templated":true}]}}