{"id":3303,"date":"2019-01-09T14:02:41","date_gmt":"2019-01-09T13:02:41","guid":{"rendered":"http:\/\/www.asa-innovation.com\/?page_id=3303"},"modified":"2019-01-09T14:02:41","modified_gmt":"2019-01-09T13:02:41","slug":"aplicaciones","status":"publish","type":"page","link":"https:\/\/www.asa-innovation.com\/es\/sobre-asa\/aplicaciones\/","title":{"rendered":"Aplicaciones"},"content":{"rendered":"<p><span style=\"font-family: verdana, geneva, sans-serif;\">Nuestras altas habilidades de ingenier\u00eda han resultado en numerosos productos customizados, as\u00ed como nuevas aplicaciones para productos est\u00e1ndar. Contacte con nosotros y denos la oportunidad de mostrarle casos pr\u00e1cticos beneficiosos, ejemplos de clientes y aplicaciones.<\/span><\/p>\n","protected":false},"excerpt":{"rendered":"<p>Nuestras altas habilidades de ingenier\u00eda han resultado en numerosos productos customizados, as\u00ed como nuevas aplicaciones para productos est\u00e1ndar. Contacte con nosotros y denos la oportunidad de mostrarle casos pr\u00e1cticos beneficiosos, ejemplos de clientes y aplicaciones.<\/p>\n","protected":false},"author":2,"featured_media":0,"parent":3301,"menu_order":1,"comment_status":"closed","ping_status":"closed","template":"","meta":{"_expiration-date-status":"saved","_expiration-date":0,"_expiration-date-type":"","_expiration-date-categories":[],"_expiration-date-options":[]},"acf":[],"_links":{"self":[{"href":"https:\/\/www.asa-innovation.com\/es\/wp-json\/wp\/v2\/pages\/3303"}],"collection":[{"href":"https:\/\/www.asa-innovation.com\/es\/wp-json\/wp\/v2\/pages"}],"about":[{"href":"https:\/\/www.asa-innovation.com\/es\/wp-json\/wp\/v2\/types\/page"}],"author":[{"embeddable":true,"href":"https:\/\/www.asa-innovation.com\/es\/wp-json\/wp\/v2\/users\/2"}],"replies":[{"embeddable":true,"href":"https:\/\/www.asa-innovation.com\/es\/wp-json\/wp\/v2\/comments?post=3303"}],"version-history":[{"count":1,"href":"https:\/\/www.asa-innovation.com\/es\/wp-json\/wp\/v2\/pages\/3303\/revisions"}],"predecessor-version":[{"id":3304,"href":"https:\/\/www.asa-innovation.com\/es\/wp-json\/wp\/v2\/pages\/3303\/revisions\/3304"}],"up":[{"embeddable":true,"href":"https:\/\/www.asa-innovation.com\/es\/wp-json\/wp\/v2\/pages\/3301"}],"wp:attachment":[{"href":"https:\/\/www.asa-innovation.com\/es\/wp-json\/wp\/v2\/media?parent=3303"}],"curies":[{"name":"wp","href":"https:\/\/api.w.org\/{rel}","templated":true}]}}