{"id":3305,"date":"2019-01-09T14:13:21","date_gmt":"2019-01-09T13:13:21","guid":{"rendered":"http:\/\/www.asa-innovation.com\/?page_id=3305"},"modified":"2020-10-05T13:13:04","modified_gmt":"2020-10-05T11:13:04","slug":"tecnologias","status":"publish","type":"page","link":"https:\/\/www.asa-innovation.com\/es\/sobre-asa\/tecnologias\/","title":{"rendered":"Tecnolog\u00edas"},"content":{"rendered":"<p><span style=\"font-family: verdana, geneva, sans-serif;\">En asa, somos proveedores de tecnolog\u00eda. Cada uno de nuestros clientes, en su mercado y con aplicaciones particulares, se beneficia de nuestros servicios y procesos avanzados y participa en nuestro grupo tecnol\u00f3gico global. Ofrecemos un alto n\u00famero de tecnolog\u00edas de prueba y m\u00e9todos de investigaci\u00f3n para apoyar las ideas, as\u00ed como para verificar los productos en funcionamiento. El \u00e9xito en el desarrollo y el convertir una idea en un producto real empiezan siempre con nuestra mentalidad ingeniera para desafiar lo imposible. Obtenga m\u00e1s informaci\u00f3n sobre nuestro enfoque y esp\u00edritu para marcar la diferencia con nuestra soluci\u00f3n.\u00a0<\/span><\/p>\n","protected":false},"excerpt":{"rendered":"<p>En asa, somos proveedores de tecnolog\u00eda. Cada uno de nuestros clientes, en su mercado y con aplicaciones particulares, se beneficia de nuestros servicios y procesos avanzados y participa en nuestro grupo tecnol\u00f3gico global. Ofrecemos un alto n\u00famero de tecnolog\u00edas de prueba y m\u00e9todos de investigaci\u00f3n para apoyar las ideas, as\u00ed como para verificar los productos [&hellip;]<\/p>\n","protected":false},"author":2,"featured_media":0,"parent":3301,"menu_order":0,"comment_status":"closed","ping_status":"closed","template":"","meta":{"_expiration-date-status":"saved","_expiration-date":0,"_expiration-date-type":"","_expiration-date-categories":[],"_expiration-date-options":[]},"acf":[],"_links":{"self":[{"href":"https:\/\/www.asa-innovation.com\/es\/wp-json\/wp\/v2\/pages\/3305"}],"collection":[{"href":"https:\/\/www.asa-innovation.com\/es\/wp-json\/wp\/v2\/pages"}],"about":[{"href":"https:\/\/www.asa-innovation.com\/es\/wp-json\/wp\/v2\/types\/page"}],"author":[{"embeddable":true,"href":"https:\/\/www.asa-innovation.com\/es\/wp-json\/wp\/v2\/users\/2"}],"replies":[{"embeddable":true,"href":"https:\/\/www.asa-innovation.com\/es\/wp-json\/wp\/v2\/comments?post=3305"}],"version-history":[{"count":2,"href":"https:\/\/www.asa-innovation.com\/es\/wp-json\/wp\/v2\/pages\/3305\/revisions"}],"predecessor-version":[{"id":9813,"href":"https:\/\/www.asa-innovation.com\/es\/wp-json\/wp\/v2\/pages\/3305\/revisions\/9813"}],"up":[{"embeddable":true,"href":"https:\/\/www.asa-innovation.com\/es\/wp-json\/wp\/v2\/pages\/3301"}],"wp:attachment":[{"href":"https:\/\/www.asa-innovation.com\/es\/wp-json\/wp\/v2\/media?parent=3305"}],"curies":[{"name":"wp","href":"https:\/\/api.w.org\/{rel}","templated":true}]}}