{"id":3307,"date":"2019-01-09T14:21:18","date_gmt":"2019-01-09T13:21:18","guid":{"rendered":"http:\/\/www.asa-innovation.com\/?page_id=3307"},"modified":"2024-05-16T07:32:38","modified_gmt":"2024-05-16T05:32:38","slug":"sostenibilidad","status":"publish","type":"page","link":"https:\/\/www.asa-innovation.com\/es\/sobre-asa\/sostenibilidad\/","title":{"rendered":"Sostenibilidad"},"content":{"rendered":"<p><span style=\"font-family: verdana, geneva, sans-serif;\">Sostenibilidad para nosotros significa la m\u00e1s alta responsabilidad, tanto en temas de medio ambiente y seguridad en el trabajo como desarrollo de los empleados e integridad financiera. Como socio responsable a largo plazo, es obligatorio trabajar de acuerdo con las normas certificadas, as\u00ed como con las normas globales de asa. La organizaci\u00f3n del grupo y los propios centros de asa trabajan siguiendo el manual de gesti\u00f3n para asegurar la calidad en todos los \u00e1mbitos.<\/span><\/p>\n","protected":false},"excerpt":{"rendered":"<p>Sostenibilidad para nosotros significa la m\u00e1s alta responsabilidad, tanto en temas de medio ambiente y seguridad en el trabajo como desarrollo de los empleados e integridad financiera. Como socio responsable a largo plazo, es obligatorio trabajar de acuerdo con las normas certificadas, as\u00ed como con las normas globales de asa. La organizaci\u00f3n del grupo y [&hellip;]<\/p>\n","protected":false},"author":2,"featured_media":0,"parent":3301,"menu_order":1,"comment_status":"closed","ping_status":"closed","template":"","meta":{"_expiration-date-status":"","_expiration-date":1716442333,"_expiration-date-type":"draft","_expiration-date-categories":[],"_expiration-date-options":[]},"acf":[],"_links":{"self":[{"href":"https:\/\/www.asa-innovation.com\/es\/wp-json\/wp\/v2\/pages\/3307"}],"collection":[{"href":"https:\/\/www.asa-innovation.com\/es\/wp-json\/wp\/v2\/pages"}],"about":[{"href":"https:\/\/www.asa-innovation.com\/es\/wp-json\/wp\/v2\/types\/page"}],"author":[{"embeddable":true,"href":"https:\/\/www.asa-innovation.com\/es\/wp-json\/wp\/v2\/users\/2"}],"replies":[{"embeddable":true,"href":"https:\/\/www.asa-innovation.com\/es\/wp-json\/wp\/v2\/comments?post=3307"}],"version-history":[{"count":13,"href":"https:\/\/www.asa-innovation.com\/es\/wp-json\/wp\/v2\/pages\/3307\/revisions"}],"predecessor-version":[{"id":17238,"href":"https:\/\/www.asa-innovation.com\/es\/wp-json\/wp\/v2\/pages\/3307\/revisions\/17238"}],"up":[{"embeddable":true,"href":"https:\/\/www.asa-innovation.com\/es\/wp-json\/wp\/v2\/pages\/3301"}],"wp:attachment":[{"href":"https:\/\/www.asa-innovation.com\/es\/wp-json\/wp\/v2\/media?parent=3307"}],"curies":[{"name":"wp","href":"https:\/\/api.w.org\/{rel}","templated":true}]}}