{"id":3338,"date":"2019-01-14T07:56:46","date_gmt":"2019-01-14T06:56:46","guid":{"rendered":"http:\/\/www.asa-innovation.com\/?page_id=3338"},"modified":"2023-06-05T09:27:19","modified_gmt":"2023-06-05T07:27:19","slug":"politica-de-privacidad","status":"publish","type":"page","link":"https:\/\/www.asa-innovation.com\/es\/politica-de-privacidad\/","title":{"rendered":"Pol\u00edtica de privacidad"},"content":{"rendered":"<p style=\"text-align: justify;\"><span class=\"fontstyle0\"><strong>Declaraci\u00f3n de pol\u00edtica de privacidade<\/strong><br \/>\n<\/span><span class=\"fontstyle2\">La protecci\u00f3n de sus datos personales es de suma importancia. En consecuencia, llevamos a cabo nuestras actividades cumpliendo con las leyes aplicables en materia de protecci\u00f3n de datos personales y seguridad de datos. En los siguientes p\u00e1rrafos, encontrar\u00e1 m\u00e1s informaci\u00f3n sobre (i) qu\u00e9 tipo de informaci\u00f3n podemos recopilar, (ii) c\u00f3mo manejamos esos datos (iii) para qui\u00e9n podemos hacer que estos datos sean accesibles.<br \/>\n<\/span><\/p>\n<p><span class=\"fontstyle0\"><strong>1. Protecci\u00f3n de datos<\/strong><br \/>\n<\/span><span class=\"fontstyle2\">Por la presente confirmamos el cumplimiento de los requisitos legales en materia de protecci\u00f3n de datos. En particular, declaramos que los datos se recopilan exclusivamente para gestionar pedidos o para medidas destinadas a garantizar la seguridad de los datos. De este modo, nos aseguramos de que los datos personales se utilicen correctamente y de que no se pongan a disposici\u00f3n de entidades no autorizadas. Los contratistas, proveedores de servicios y empleados tienen la obligaci\u00f3n de discreci\u00f3n y confidencialidad sobre los datos proporcionados por los clientes, socios, proveedores o adquiridos a trav\u00e9s del sitio web (\u201cel\/los interesados\u201d), siempre que no exista un motivo legalmente fundado para la transferencia o publicaci\u00f3n de los mismos. En caso de cualquier obligaci\u00f3n legal, nos reservamos el derecho de publicar sus datos personales, si dicha publicaci\u00f3n es solicitada por las autoridades legalmente autorizadas o los organismos encargados de hacer cumplir la ley.<br \/>\n<\/span><\/p>\n<p style=\"text-align: justify;\"><span class=\"fontstyle0\"><strong>2. Derechos de los interesados<\/strong><br \/>\n<\/span><span class=\"fontstyle2\">Los interesados tienen derecho a la informaci\u00f3n, rectificaci\u00f3n y eliminaci\u00f3n de sus datos personales, as\u00ed como el derecho a la limitaci\u00f3n del tratamiento de datos, derecho a la transferencia de datos y derecho a presentar una reclamaci\u00f3n ante la autoridad de protecci\u00f3n de datos.<br \/>\nLa autoridad de protecci\u00f3n de datos de Austria se encuentra en Barichgasse 40-42, 1030 Viena, y se puede contactar en el tel\u00e9fono +43 1 52 152-0, as\u00ed como por correo electr\u00f3nico (<\/span><span class=\"fontstyle2\">dsb@dsb.gv.at<\/span><span class=\"fontstyle2\">). Se puede encontrar m\u00e1s informaci\u00f3n en <\/span><span class=\"fontstyle2\">https:\/\/www.dsb.gv.at\/home<\/span><span class=\"fontstyle2\">. Si el procesamiento de datos requiere su consentimiento (Art. 6 P\u00e1rr. 1 let. A GDPR), tiene un derecho adicional a retirar este consentimiento y si el procesamiento de datos se encuentra dentro de nuestro inter\u00e9s leg\u00edtimo (Art. 6 P\u00e1rr. 1 let. f GDPR), usted tiene derecho a presentar una objeci\u00f3n. La retirada del consentimiento no influye en la legitimidad del uso de los datos hasta el momento en que se produce la retirada del consentimiento.<\/span><\/p>\n<p style=\"text-align: justify;\"><span class=\"fontstyle0\">Si desea ejercer uno de los derechos mencionados anteriormente, comun\u00edquese con asa technology Produktions- und Vertriebs GmbH por correo electr\u00f3nico (<\/span><span class=\"fontstyle0\">support@asa-innovation.com<\/span><span class=\"fontstyle0\">).<br \/>\n<\/span><\/p>\n<p style=\"text-align: justify;\"><span class=\"fontstyle2\"><strong>3. Tratamiento de datos personales<\/strong><br \/>\n<\/span><span class=\"fontstyle0\">Se entiende por datos personales cualquier informaci\u00f3n que se refiera a una persona f\u00edsica identificada o identificable, por ejemplo, nombre, apellido, direcci\u00f3n de correo electr\u00f3nico, etc. (Art. 4 P\u00e1rr. 1 Z 1 GDPR). A trav\u00e9s de nuestros sitios web, recopilamos su direcci\u00f3n IP, que en determinadas circunstancias puede constituir un caso de datos personales. No recopilamos directamente ning\u00fan otro dato personal (por ejemplo, nombres, direcciones postales, n\u00fameros de tel\u00e9fono o direcciones de correo electr\u00f3nico), a menos que nos los proporcione voluntariamente (por ejemplo, a trav\u00e9s de un registro, una encuesta, una solicitud de contacto o un bolet\u00edn de noticias), o un consentimiento para su recopilaci\u00f3n, o en caso de que las leyes pertinentes sobre la protecci\u00f3n de sus datos personales nos permitan hacerlo. El procesamiento de datos se produce en base al \u00a7 6 P\u00e1rr. 1 let. b GDPR (\u201cnecesario para la ejecuci\u00f3n de un contrato\u201d) o sobre la base del \u00a7 6 P\u00e1rr. 1 let. a GDPR (\u201cConsentimiento\u201d), siempre que nos haya otorgado un \u201cconsentimiento con fines de marketing\u201d. Solo en casos excepcionales, el procesamiento de datos puede ocurrir de acuerdo con \u00a7 6 P\u00e1rr. 1 let. f GDPR (\u201cintereses leg\u00edtimos\u201d). Por ejemplo, para luchar contra los intentos de fraude o en el caso de la videovigilancia (restringida) por motivos de seguridad.<br \/>\n<\/span><\/p>\n<p><span class=\"fontstyle2\"><strong>4. Controlador del tratamiento de datos e inspector de protecci\u00f3n de datos<\/strong><br \/>\n<\/span><span class=\"fontstyle0\">El Controlador de las actividades de procesamiento de datos con el significado del Art. 4(7)<br \/>\ndel GDPR es:<br \/>\nasa technology Produktions- und Vertriebs GmbH<br \/>\nPragerstrasse 280<br \/>\nA-1210 Viena<br \/>\nCorreo electr\u00f3nico: <\/span><span class=\"fontstyle0\">support@asa-innovation.com<br \/>\n<\/span><span class=\"fontstyle0\">(para obtener m\u00e1s informaci\u00f3n, consulte nuestra informaci\u00f3n legal).<br \/>\n<\/span><\/p>\n<p style=\"text-align: justify;\"><span class=\"fontstyle2\"><strong>5. Definici\u00f3n de objetivos<\/strong><br \/>\n<\/span><span class=\"fontstyle0\">En general, utilizamos los datos personales que nos proporciona para responder a sus solicitudes o proporcionarle cierta informaci\u00f3n, de modo que podamos ofrecer nuestros servicios.<br \/>\nAl recibir su consentimiento, procesamos sus datos,<br \/>\n<\/span><span class=\"fontstyle3\">&#8211; <\/span><span class=\"fontstyle0\">para abordar mejor sus deseos<br \/>\n<\/span><span class=\"fontstyle3\">&#8211; <\/span><span class=\"fontstyle0\">para mejorar nuestra atenci\u00f3n al cliente<br \/>\n<\/span><span class=\"fontstyle3\">&#8211; <\/span><span class=\"fontstyle0\">para informarle sobre nuestras ofertas y hacerlas posibles<\/span><\/p>\n<p style=\"text-align: justify;\"><span class=\"fontstyle0\">&#8211; <\/span><span class=\"fontstyle2\">para responder mejor a los requisitos de nuestros clientes y las tareas que nos asignan<br \/>\nPor supuesto, respetamos su decisi\u00f3n si no tiene la intenci\u00f3n de compartir sus datos personales con nosotros para mantener nuestra relaci\u00f3n comercial. Cualquier forma de retiro del consentimiento para el procesamiento de datos se puede enviar a <\/span><span class=\"fontstyle2\">support@asahydraulik.com<\/span><span class=\"fontstyle2\">. Ninguna desventaja se derivar\u00eda de su decisi\u00f3n de revocar su consentimiento. Sin embargo, debe tener en cuenta que, como consecuencia de su decisi\u00f3n, es posible que ya no se le ofrezcan algunos servicios (opcionales).<br \/>\n<\/span><\/p>\n<p style=\"text-align: justify;\"><span class=\"fontstyle3\"><strong>6. Intercambio de datos personales<\/strong><br \/>\n<\/span><span class=\"fontstyle2\">No se realiza ning\u00fan intercambio de datos personales sin una base legal adecuada. A veces se trata de procesadores que siguen exclusivamente las instrucciones proporcionadas por asa technology Produktions- und Vertriebs GmbH. Estos incluyen, por ejemplo, asesores fiscales, auditores, proveedores de servicios IT o, si es necesario, compa\u00f1\u00edas de seguros.<br \/>\n<\/span><\/p>\n<p style=\"text-align: justify;\"><span class=\"fontstyle3\"><strong>7. Duraci\u00f3n de la conservaci\u00f3n de datos<\/strong><br \/>\n<\/span><span class=\"fontstyle2\">Sus datos personales se conservan solo durante el tiempo necesario que nos permite alcanzar los fines mencionados anteriormente (por ejemplo, la ejecuci\u00f3n de un contrato). Almacenamos su informaci\u00f3n personal (i) hasta que retire su consentimiento para el procesamiento de datos (ii) mientras exista la obligaci\u00f3n de conservar dichos datos, o (iii) si a\u00fan no ha expirado cualquier otro requisito legal, para cuyo cumplimiento o desacuerdo los datos personales son requeridos.<br \/>\n<\/span><\/p>\n<p style=\"text-align: justify;\"><span class=\"fontstyle3\"><strong>8. Informaci\u00f3n relacionada con la comunicaci\u00f3n y el uso<\/strong><br \/>\n<\/span><span class=\"fontstyle2\">Si accede a nuestros sitios web a trav\u00e9s de servicios de telecomunicaciones, la informaci\u00f3n\u00a0 relacionada con la comunicaci\u00f3n (por ejemplo, la direcci\u00f3n del Protocolo de Internet) o la informaci\u00f3n relacionada con el uso (por ejemplo, informaci\u00f3n sobre el inicio y la duraci\u00f3n de la sesi\u00f3n, as\u00ed como los servicios de telecomunicaciones utilizados) se recopilan autom\u00e1ticamente por medios t\u00e9cnicos. En algunos casos, estos pueden permitir sacar conclusiones sobre datos personales. La medida en que la recopilaci\u00f3n, elaboraci\u00f3n y uso de su informaci\u00f3n relacionada con la comunicaci\u00f3n o el uso es absolutamente necesaria depende de las normas legales relativas a la protecci\u00f3n de datos y de la presente Declaraci\u00f3n de Pol\u00edtica de Privacidad.<\/span><\/p>\n<p style=\"text-align: justify;\"><span class=\"fontstyle0\"><strong>9. Datos no personales recopilados autom\u00e1ticamente<\/strong><br \/>\n<\/span><span class=\"fontstyle2\">Si accede a nuestros sitios web, en ocasiones podr\u00eda darse el caso de que la informaci\u00f3n se recopile autom\u00e1ticamente (es decir, sin ning\u00fan registro), que no pueda asociarse con ninguna persona espec\u00edfica (por ejemplo, navegador de Internet y sistema operativo utilizado; nombre del dominio del sitio web de donde proviene; n\u00famero de visitas; duraci\u00f3n promedio de la sesi\u00f3n; p\u00e1ginas web visitadas). Utilizamos esta informaci\u00f3n para hacer que nuestros sitios web sean m\u00e1s atractivos, as\u00ed como para mejorar su rendimiento y contenido.<br \/>\n<\/span><\/p>\n<p style=\"text-align: justify;\"><span class=\"fontstyle0\"><strong>10. \u201cCookies\u201d \u2013 Informaci\u00f3n que se almacena autom\u00e1ticamente en su dispositivo<\/strong><br \/>\n<\/span><span class=\"fontstyle2\">Si visita nuestro sitio web, podr\u00eda darse el caso de que almacenemos informaci\u00f3n localmente en su dispositivo en forma de \u201ccookie\u201d, que lo reconoce cuando visita el sitio web nuevamente. Las cookies son peque\u00f1os archivos de texto, que se guardan desde su navegador en su dispositivo para almacenar informaci\u00f3n espec\u00edfica. Por este motivo, si vuelve a visitar nuestro sitio web con el mismo dispositivo, la informaci\u00f3n almacenada se enviar\u00e1 a nuestro sitio web (\u201cCookie de origen\u201d).<br \/>\nA trav\u00e9s de este proceso, el sitio web correspondiente reconoce que ya lo ha visitado con su dispositivo. Esta informaci\u00f3n se utiliza en aras de la facilidad de uso, para presentarla y mostr\u00e1rsela de acuerdo con sus preferencias. El uso de otras cookies o el almacenamiento de datos personales se producen \u00fanicamente con su consentimiento. El Sitio Web utiliza exclusivamente cookies t\u00e9cnicamente necesarias.<br \/>\nSi desea que no reconozcamos su dispositivo, configure su navegador de Internet de tal manera que elimine las cookies de su disco duro, que todas las cookies est\u00e9n bloqueadas o que se le avise antes de que se almacenen cookies en su dispositivo.<br \/>\n<\/span><\/p>\n<p style=\"text-align: justify;\"><span class=\"fontstyle0\"><strong>10.1. Cookies t\u00e9cnicamente requeridas<\/strong><br \/>\n<\/span><span class=\"fontstyle2\">Las cookies t\u00e9cnicamente requeridas permiten funciones sin las cuales nuestro sitio web no funcionar\u00eda. Usamos estas cookies solo para este prop\u00f3sito. En consecuencia, las cookies que utilizamos con Cookies de origen, es decir, toda la informaci\u00f3n que se almacena en las cookies se transfiere a nuestro sitio web.<br \/>\nLas cookies t\u00e9cnicamente requeridas existen, por ejemplo, para otorgar a un usuario registrado acceso a las subp\u00e1ginas de nuestro sitio web o para estar permanentemente conectado sin tener que ingresar los detalles de inicio de sesi\u00f3n en cada visita. No necesitamos ning\u00fan permiso para usar cookies t\u00e9cnicamente necesarias, por lo que no se pueden activar ni desactivar. No obstante, siempre tiene la posibilidad de desactivar las cookies en su navegador. La base legal de las cookies es el Art. 6 P\u00e1rr. 1 let. b GDPR. Si este<\/span> <span class=\"fontstyle0\">tipo de cookies se desactiva manualmente, no podemos garantizar que tenga pleno acceso a los contenidos de nuestro sitio web.<br \/>\n<\/span><\/p>\n<p style=\"text-align: justify;\"><span class=\"fontstyle2\"><strong>11. Seguridad<\/strong><br \/>\n<\/span><span class=\"fontstyle0\">Se emplean medidas t\u00e9cnicas y organizativas para proteger sus datos personales de la eliminaci\u00f3n, modificaci\u00f3n involuntaria o ilegal, o contra la p\u00e9rdida de datos y la transmisi\u00f3n ilegal o el acceso ilegal.<br \/>\n<\/span><\/p>\n<p><span class=\"fontstyle2\"><strong>12. Proveedores de servicios fuera de la UE<\/strong><br \/>\n<\/span><span class=\"fontstyle0\">Si un proveedor de servicios o un socio comercial nuestro tiene su sede fuera de un estado de la Uni\u00f3n Europea (UE) o el Espacio Econ\u00f3mico Europeo (EEE), podr\u00eda ocurrir una transferencia de datos a un tercer pa\u00eds. En caso afirmativo, se le informar\u00e1 y se adoptar\u00e1n todas las medidas necesarias para seguir ofreciendo un alto nivel de protecci\u00f3n de datos (en particular, en relaci\u00f3n con la adopci\u00f3n de Cl\u00e1usulas Contractuales Est\u00e1ndar).<br \/>\n<\/span><\/p>\n<p style=\"text-align: justify;\"><span class=\"fontstyle2\"><strong>13. Enlaces a otros sitios web<\/strong><br \/>\n<\/span><span class=\"fontstyle0\">Este sitio web contiene enlaces a otros sitios web. Asa Technology Produktions-und Vertriebs GmbH no se hace responsable de la declaraci\u00f3n de pol\u00edtica de privacidad ni del contenido de estos sitios web.<br \/>\n<\/span><\/p>\n<p><span class=\"fontstyle2\"><strong>14. Preguntas y comentarios<\/strong><br \/>\n<\/span><span class=\"fontstyle0\">Asa Technology Produktions- und Vertriebs GmbH responder\u00e1 a todas las solicitudes correspondientes relacionadas con el permiso, compleci\u00f3n o eliminaci\u00f3n de datos personales. Si tiene alguna pregunta o comentario sobre esta Decalaraci\u00f3n de Pol\u00edtica de Privacidad, comun\u00edquese con nosotros utilizando los datos de contacto proporcionados. En el transcurso del desarrollo progresivo de Internet, nuestra Declaraci\u00f3n de pol\u00edtica de privacidad se adaptar\u00e1 en consecuencia. Los cambios se comunicar\u00e1n en esta p\u00e1gina a su debido tiempo.<\/span><\/p>\n<p>Puede 2023<\/p>\n","protected":false},"excerpt":{"rendered":"<p>Declaraci\u00f3n de pol\u00edtica de privacidade La protecci\u00f3n de sus datos personales es de suma importancia. En consecuencia, llevamos a cabo nuestras actividades cumpliendo con las leyes aplicables en materia de protecci\u00f3n de datos personales y seguridad de datos. En los siguientes p\u00e1rrafos, encontrar\u00e1 m\u00e1s informaci\u00f3n sobre (i) qu\u00e9 tipo de informaci\u00f3n podemos recopilar, (ii) c\u00f3mo [&hellip;]<\/p>\n","protected":false},"author":2,"featured_media":0,"parent":0,"menu_order":0,"comment_status":"closed","ping_status":"closed","template":"","meta":{"_expiration-date-status":"","_expiration-date":0,"_expiration-date-type":"","_expiration-date-categories":[],"_expiration-date-options":[]},"acf":[],"_links":{"self":[{"href":"https:\/\/www.asa-innovation.com\/es\/wp-json\/wp\/v2\/pages\/3338"}],"collection":[{"href":"https:\/\/www.asa-innovation.com\/es\/wp-json\/wp\/v2\/pages"}],"about":[{"href":"https:\/\/www.asa-innovation.com\/es\/wp-json\/wp\/v2\/types\/page"}],"author":[{"embeddable":true,"href":"https:\/\/www.asa-innovation.com\/es\/wp-json\/wp\/v2\/users\/2"}],"replies":[{"embeddable":true,"href":"https:\/\/www.asa-innovation.com\/es\/wp-json\/wp\/v2\/comments?post=3338"}],"version-history":[{"count":7,"href":"https:\/\/www.asa-innovation.com\/es\/wp-json\/wp\/v2\/pages\/3338\/revisions"}],"predecessor-version":[{"id":14781,"href":"https:\/\/www.asa-innovation.com\/es\/wp-json\/wp\/v2\/pages\/3338\/revisions\/14781"}],"wp:attachment":[{"href":"https:\/\/www.asa-innovation.com\/es\/wp-json\/wp\/v2\/media?parent=3338"}],"curies":[{"name":"wp","href":"https:\/\/api.w.org\/{rel}","templated":true}]}}