{"id":9900,"date":"2020-10-06T11:13:53","date_gmt":"2020-10-06T09:13:53","guid":{"rendered":"http:\/\/www.asa-innovation.com\/?page_id=9900"},"modified":"2022-02-15T10:17:03","modified_gmt":"2022-02-15T09:17:03","slug":"valvulas-de-mariposa-de-acero-inoxidable","status":"publish","type":"page","link":"https:\/\/www.asa-innovation.com\/es\/tecnologia-de-conexion\/valvulas-de-mariposa\/valvulas-de-mariposa-de-acero-inoxidable\/","title":{"rendered":"V\u00e1lvulas de mariposa de acero inoxidable"},"content":{"rendered":"\n<p>\u00a1La soluci\u00f3n de l\u00ednea de succi\u00f3n m\u00e1s compacta ahora est\u00e1 disponible en acero inoxidable! Esto puede ahorrarle el tener que pintar con una protecci\u00f3n adicional contra la corrosi\u00f3n y le proporciona la mejor adecuaci\u00f3n para aplicaciones en la miner\u00eda bajo la superficie, los entornos agresivos como las plantas marinas o qu\u00edmicas y las centrales hidr\u00e1ulicas de alta durabilidad.<\/p>\n<p>\u00a0<\/p>\n<p>\u00a0<\/p>\n","protected":false},"excerpt":{"rendered":"<p>\u00a1La soluci\u00f3n de l\u00ednea de succi\u00f3n m\u00e1s compacta ahora est\u00e1 disponible en acero inoxidable! Esto puede ahorrarle el tener que pintar con una protecci\u00f3n adicional contra la corrosi\u00f3n y le proporciona la mejor adecuaci\u00f3n para aplicaciones en la miner\u00eda bajo la superficie, los entornos agresivos como las plantas marinas o qu\u00edmicas y las centrales hidr\u00e1ulicas [&hellip;]<\/p>\n","protected":false},"author":2,"featured_media":0,"parent":3248,"menu_order":3,"comment_status":"closed","ping_status":"closed","template":"","meta":{"_expiration-date-status":"saved","_expiration-date":0,"_expiration-date-type":"","_expiration-date-categories":[],"_expiration-date-options":[]},"acf":[],"_links":{"self":[{"href":"https:\/\/www.asa-innovation.com\/es\/wp-json\/wp\/v2\/pages\/9900"}],"collection":[{"href":"https:\/\/www.asa-innovation.com\/es\/wp-json\/wp\/v2\/pages"}],"about":[{"href":"https:\/\/www.asa-innovation.com\/es\/wp-json\/wp\/v2\/types\/page"}],"author":[{"embeddable":true,"href":"https:\/\/www.asa-innovation.com\/es\/wp-json\/wp\/v2\/users\/2"}],"replies":[{"embeddable":true,"href":"https:\/\/www.asa-innovation.com\/es\/wp-json\/wp\/v2\/comments?post=9900"}],"version-history":[{"count":10,"href":"https:\/\/www.asa-innovation.com\/es\/wp-json\/wp\/v2\/pages\/9900\/revisions"}],"predecessor-version":[{"id":13372,"href":"https:\/\/www.asa-innovation.com\/es\/wp-json\/wp\/v2\/pages\/9900\/revisions\/13372"}],"up":[{"embeddable":true,"href":"https:\/\/www.asa-innovation.com\/es\/wp-json\/wp\/v2\/pages\/3248"}],"wp:attachment":[{"href":"https:\/\/www.asa-innovation.com\/es\/wp-json\/wp\/v2\/media?parent=9900"}],"curies":[{"name":"wp","href":"https:\/\/api.w.org\/{rel}","templated":true}]}}