{"id":10594,"date":"2020-12-18T11:15:19","date_gmt":"2020-12-18T10:15:19","guid":{"rendered":"http:\/\/www.asa-innovation.com\/?page_id=10594"},"modified":"2023-08-24T13:21:18","modified_gmt":"2023-08-24T11:21:18","slug":"filtre-adaptateur","status":"publish","type":"page","link":"https:\/\/www.asa-innovation.com\/fr\/technologies-de-connexion\/ligne-daspiration\/filtre-adaptateur\/","title":{"rendered":"Filtre Adaptateur"},"content":{"rendered":"\n<p>La nouvelle solution \u00abasa-filtre-adaptateur\u00bb est un exemple de combinaison de fonctions. C&rsquo;est une solution simple et astucieuse pour cr\u00e9er une connexion \u00e0 bride sur le r\u00e9servoir avec une cr\u00e9pine d&rsquo;aspiration int\u00e9gr\u00e9e. Le kit\u00a0 comprend la bride d&rsquo;adaptateur de soudage et le mamelon double . En combinaison avec nos vannes papillon et nos compensateurs de dilatation compacts, nous proposons la solution de raccordement de pompe sur r\u00e9servoir la plus compacte du march\u00e9.\u00a0<\/p>\n","protected":false},"excerpt":{"rendered":"<p>La nouvelle solution \u00abasa-filtre-adaptateur\u00bb est un exemple de combinaison de fonctions. C&rsquo;est une solution simple et astucieuse pour cr\u00e9er une connexion \u00e0 bride sur le r\u00e9servoir avec une cr\u00e9pine d&rsquo;aspiration int\u00e9gr\u00e9e. Le kit\u00a0 comprend la bride d&rsquo;adaptateur de soudage et le mamelon double . En combinaison avec nos vannes papillon et nos compensateurs de dilatation [&hellip;]<\/p>\n","protected":false},"author":2,"featured_media":0,"parent":12816,"menu_order":4,"comment_status":"closed","ping_status":"closed","template":"","meta":{"_expiration-date-status":"","_expiration-date":1693480823,"_expiration-date-type":"draft","_expiration-date-categories":[],"_expiration-date-options":[]},"acf":[],"_links":{"self":[{"href":"https:\/\/www.asa-innovation.com\/fr\/wp-json\/wp\/v2\/pages\/10594"}],"collection":[{"href":"https:\/\/www.asa-innovation.com\/fr\/wp-json\/wp\/v2\/pages"}],"about":[{"href":"https:\/\/www.asa-innovation.com\/fr\/wp-json\/wp\/v2\/types\/page"}],"author":[{"embeddable":true,"href":"https:\/\/www.asa-innovation.com\/fr\/wp-json\/wp\/v2\/users\/2"}],"replies":[{"embeddable":true,"href":"https:\/\/www.asa-innovation.com\/fr\/wp-json\/wp\/v2\/comments?post=10594"}],"version-history":[{"count":11,"href":"https:\/\/www.asa-innovation.com\/fr\/wp-json\/wp\/v2\/pages\/10594\/revisions"}],"predecessor-version":[{"id":15420,"href":"https:\/\/www.asa-innovation.com\/fr\/wp-json\/wp\/v2\/pages\/10594\/revisions\/15420"}],"up":[{"embeddable":true,"href":"https:\/\/www.asa-innovation.com\/fr\/wp-json\/wp\/v2\/pages\/12816"}],"wp:attachment":[{"href":"https:\/\/www.asa-innovation.com\/fr\/wp-json\/wp\/v2\/media?parent=10594"}],"curies":[{"name":"wp","href":"https:\/\/api.w.org\/{rel}","templated":true}]}}